{"id":20584,"date":"2019-07-05T14:00:48","date_gmt":"2019-07-05T11:00:48","guid":{"rendered":"https:\/\/www.silikotek.fi\/?post_type=product&#038;p=20584"},"modified":"2019-08-13T11:14:40","modified_gmt":"2019-08-13T08:14:40","slug":"gp-recyko-100aaahce-2gbw4-aaa","status":"publish","type":"product","link":"https:\/\/silikotek.sapartners.site\/index.php\/tuote\/gp-recyko-100aaahce-2gbw4-aaa\/","title":{"rendered":"GP Recyko 100AAAHCE-2GBW4 \/ AAA"},"content":{"rendered":"","protected":false},"excerpt":{"rendered":"<div class=\"short-description\">\n<div class=\"std\">\n<p>GP Recyko 950 mAh, ladattavat akut, joissa on eritt\u00e4in korkea kapasiteetti.<\/p>\n<ul class=\"disc\">\n<li>Korvaa kertak\u00e4ytt\u00f6iset paristot t\u00e4ysin.<\/li>\n<li>Ladattu &amp; k\u00e4ytt\u00f6valmis ostohetkell\u00e4.<\/li>\n<li>J\u00e4rkev\u00e4 ymp\u00e4rist\u00f6valinta.<\/li>\n<li>Pit\u00e4\u00e4 virran sis\u00e4ll\u00e4\u00e4n vuoden ajan k\u00e4ytt\u00e4m\u00e4tt\u00f6m\u00e4n\u00e4.<\/li>\n<\/ul>\n<\/div>\n<\/div>\n","protected":false},"featured_media":20585,"template":"","meta":{"_et_pb_use_builder":"","_et_pb_old_content":"","_et_gb_content_width":""},"pwb-brand":[1536],"product_brand":[],"product_cat":[1535],"product_tag":[],"class_list":{"0":"post-20584","1":"product","2":"type-product","3":"status-publish","4":"has-post-thumbnail","6":"pwb-brand-gp-batteries","7":"product_cat-paristot","8":"product_shipping_class-kirjetoimitus","10":"first","11":"instock","12":"taxable","13":"shipping-taxable","14":"purchasable","15":"product-type-simple"},"brands":[{"id":1536,"name":"GP Batteries","slug":"gp-batteries"}],"_links":{"self":[{"href":"https:\/\/silikotek.sapartners.site\/index.php\/wp-json\/wp\/v2\/product\/20584","targetHints":{"allow":["GET"]}}],"collection":[{"href":"https:\/\/silikotek.sapartners.site\/index.php\/wp-json\/wp\/v2\/product"}],"about":[{"href":"https:\/\/silikotek.sapartners.site\/index.php\/wp-json\/wp\/v2\/types\/product"}],"wp:featuredmedia":[{"embeddable":true,"href":"https:\/\/silikotek.sapartners.site\/index.php\/wp-json\/wp\/v2\/media\/20585"}],"wp:attachment":[{"href":"https:\/\/silikotek.sapartners.site\/index.php\/wp-json\/wp\/v2\/media?parent=20584"}],"wp:term":[{"taxonomy":"pwb-brand","embeddable":true,"href":"https:\/\/silikotek.sapartners.site\/index.php\/wp-json\/wp\/v2\/pwb-brand?post=20584"},{"taxonomy":"product_brand","embeddable":true,"href":"https:\/\/silikotek.sapartners.site\/index.php\/wp-json\/wp\/v2\/product_brand?post=20584"},{"taxonomy":"product_cat","embeddable":true,"href":"https:\/\/silikotek.sapartners.site\/index.php\/wp-json\/wp\/v2\/product_cat?post=20584"},{"taxonomy":"product_tag","embeddable":true,"href":"https:\/\/silikotek.sapartners.site\/index.php\/wp-json\/wp\/v2\/product_tag?post=20584"}],"curies":[{"name":"wp","href":"https:\/\/api.w.org\/{rel}","templated":true}]}}