{"id":20573,"date":"2019-07-05T13:01:06","date_gmt":"2019-07-05T10:01:06","guid":{"rendered":"https:\/\/www.silikotek.fi\/?post_type=product&#038;p=20573"},"modified":"2019-08-13T11:17:27","modified_gmt":"2019-08-13T08:17:27","slug":"gp-super-erikoisalkaliparisto-27af","status":"publish","type":"product","link":"https:\/\/silikotek.sapartners.site\/index.php\/tuote\/gp-super-erikoisalkaliparisto-27af\/","title":{"rendered":"GP Super erikoisalkaliparisto, 27AF"},"content":{"rendered":"","protected":false},"excerpt":{"rendered":"<p>Erikoisalkaliparistoja k\u00e4ytet\u00e4\u00e4n mm. fotolaitteissa, taskulaskimissa, auton murtoh\u00e4lyttimiss\u00e4 ja kaukos\u00e4\u00e4timiss\u00e4.<\/p>\n","protected":false},"featured_media":20574,"template":"","meta":{"_et_pb_use_builder":"","_et_pb_old_content":"","_et_gb_content_width":""},"pwb-brand":[1536],"product_brand":[],"product_cat":[1535],"product_tag":[],"class_list":{"0":"post-20573","1":"product","2":"type-product","3":"status-publish","4":"has-post-thumbnail","6":"pwb-brand-gp-batteries","7":"product_cat-paristot","9":"first","10":"instock","11":"taxable","12":"shipping-taxable","13":"purchasable","14":"product-type-simple"},"brands":[{"id":1536,"name":"GP Batteries","slug":"gp-batteries"}],"_links":{"self":[{"href":"https:\/\/silikotek.sapartners.site\/index.php\/wp-json\/wp\/v2\/product\/20573","targetHints":{"allow":["GET"]}}],"collection":[{"href":"https:\/\/silikotek.sapartners.site\/index.php\/wp-json\/wp\/v2\/product"}],"about":[{"href":"https:\/\/silikotek.sapartners.site\/index.php\/wp-json\/wp\/v2\/types\/product"}],"wp:featuredmedia":[{"embeddable":true,"href":"https:\/\/silikotek.sapartners.site\/index.php\/wp-json\/wp\/v2\/media\/20574"}],"wp:attachment":[{"href":"https:\/\/silikotek.sapartners.site\/index.php\/wp-json\/wp\/v2\/media?parent=20573"}],"wp:term":[{"taxonomy":"pwb-brand","embeddable":true,"href":"https:\/\/silikotek.sapartners.site\/index.php\/wp-json\/wp\/v2\/pwb-brand?post=20573"},{"taxonomy":"product_brand","embeddable":true,"href":"https:\/\/silikotek.sapartners.site\/index.php\/wp-json\/wp\/v2\/product_brand?post=20573"},{"taxonomy":"product_cat","embeddable":true,"href":"https:\/\/silikotek.sapartners.site\/index.php\/wp-json\/wp\/v2\/product_cat?post=20573"},{"taxonomy":"product_tag","embeddable":true,"href":"https:\/\/silikotek.sapartners.site\/index.php\/wp-json\/wp\/v2\/product_tag?post=20573"}],"curies":[{"name":"wp","href":"https:\/\/api.w.org\/{rel}","templated":true}]}}