{"id":20324,"date":"2019-05-16T10:43:20","date_gmt":"2019-05-16T07:43:20","guid":{"rendered":"https:\/\/www.silikotek.fi\/?post_type=product&#038;p=20324"},"modified":"2020-04-27T12:37:08","modified_gmt":"2020-04-27T09:37:08","slug":"milwaukee-m18-one-key-fuel-3-4-iskeva-mutterinvaannin-kitkarenkaalla-onefhiwf34-502x","status":"publish","type":"product","link":"https:\/\/silikotek.sapartners.site\/index.php\/tuote\/milwaukee-m18-one-key-fuel-3-4-iskeva-mutterinvaannin-kitkarenkaalla-onefhiwf34-502x\/","title":{"rendered":"Milwaukee M18 ONE-KEY&#x2122; FUEL&#x2122; 3\/4\u02dd Iskev\u00e4 Mutterinv\u00e4\u00e4nnin Kitkarenkaalla ONEFHIWF34-502X"},"content":{"rendered":"<p>M18 FUEL&#x2122; ONE-KEY&#x2122; 3\/4\u02dd iskev\u00e4 mutterinv\u00e4\u00e4nnin kitkarenkaalla. 1627 Nm v\u00e4\u00e4nt\u00f6momentti 213 mm kompaktissa koossa. DRIVE CONTROL&#x2122; antaa k\u00e4ytt\u00e4j\u00e4lle 4 eri nopeus- ja v\u00e4\u00e4nt\u00f6momenttivaihtoehtoa. Jopa 1800 rpm ja 2400 ipm. Toiminto 4 pultin poisto tuottaa maksimaalisen 2034 Nm, siirtyen sitten 750 kierr.\/min., jolloin ruuvin irrotus on t\u00e4ydellisen hallittu. Maks. pulttikoko M33. ONE-KEY&#x2122;-sovelluksella r\u00e4\u00e4t\u00e4l\u00f6it ty\u00f6kalun asetukset langattomasti tasaisen laadun varmistamiseksi. ONE-KEY&#x2122;-ty\u00f6kalun seuranta&amp;vartiointi tarjoaa pilvipalveluna toteutettavan tuotekannan hallinta-alustan, joka tukee niin ty\u00f6kalun paikannusta kuin varkauden estoakin. Paino akun kanssa 3,3 kg. Mukana toimitetaan 2 x 5,0 Ah REDLITHIUM&#x2122;-ION-akut, 59 min. M12-18FC laturi ja HD Box -salkku.<\/p>\n","protected":false},"excerpt":{"rendered":"<p>M18 FUEL&#x2122; ONE-KEY&#x2122; iskev\u00e4 mutterinv\u00e4\u00e4nnin tuottaa 1627 Nm v\u00e4\u00e4nt\u00f6momentin vain 213 mm kompaktissa koossa, jolloin sit\u00e4 on helppo k\u00e4ytt\u00e4\u00e4<\/p>\n","protected":false},"featured_media":20325,"template":"","meta":{"_et_pb_use_builder":"","_et_pb_old_content":"","_et_gb_content_width":""},"pwb-brand":[1452],"product_brand":[],"product_cat":[735],"product_tag":[],"class_list":{"0":"post-20324","1":"product","2":"type-product","3":"status-publish","4":"has-post-thumbnail","6":"pwb-brand-milwaukee","7":"product_cat-akkumutterinvaantimet","9":"first","10":"instock","11":"taxable","12":"shipping-taxable","13":"purchasable","14":"product-type-simple"},"brands":[{"id":1452,"name":"Milwaukee","slug":"milwaukee"}],"_links":{"self":[{"href":"https:\/\/silikotek.sapartners.site\/index.php\/wp-json\/wp\/v2\/product\/20324","targetHints":{"allow":["GET"]}}],"collection":[{"href":"https:\/\/silikotek.sapartners.site\/index.php\/wp-json\/wp\/v2\/product"}],"about":[{"href":"https:\/\/silikotek.sapartners.site\/index.php\/wp-json\/wp\/v2\/types\/product"}],"wp:featuredmedia":[{"embeddable":true,"href":"https:\/\/silikotek.sapartners.site\/index.php\/wp-json\/wp\/v2\/media\/20325"}],"wp:attachment":[{"href":"https:\/\/silikotek.sapartners.site\/index.php\/wp-json\/wp\/v2\/media?parent=20324"}],"wp:term":[{"taxonomy":"pwb-brand","embeddable":true,"href":"https:\/\/silikotek.sapartners.site\/index.php\/wp-json\/wp\/v2\/pwb-brand?post=20324"},{"taxonomy":"product_brand","embeddable":true,"href":"https:\/\/silikotek.sapartners.site\/index.php\/wp-json\/wp\/v2\/product_brand?post=20324"},{"taxonomy":"product_cat","embeddable":true,"href":"https:\/\/silikotek.sapartners.site\/index.php\/wp-json\/wp\/v2\/product_cat?post=20324"},{"taxonomy":"product_tag","embeddable":true,"href":"https:\/\/silikotek.sapartners.site\/index.php\/wp-json\/wp\/v2\/product_tag?post=20324"}],"curies":[{"name":"wp","href":"https:\/\/api.w.org\/{rel}","templated":true}]}}