{"id":19995,"date":"2019-03-07T08:26:22","date_gmt":"2019-03-07T06:26:22","guid":{"rendered":"https:\/\/silikotek.fi\/?post_type=product&#038;p=19995"},"modified":"2023-01-04T23:26:14","modified_gmt":"2023-01-04T21:26:14","slug":"kstools-10-osainen-gearplus-raikkalenkki-ja-kaksoiskiintoavainsarja-suunnanvaihto-503-4645","status":"publish","type":"product","link":"https:\/\/silikotek.sapartners.site\/index.php\/tuote\/kstools-10-osainen-gearplus-raikkalenkki-ja-kaksoiskiintoavainsarja-suunnanvaihto-503-4645\/","title":{"rendered":"Kstools 10-osainen GEARplus-r\u00e4ikk\u00e4lenkki- ja kaksoiskiintoavainsarja, suunnanvaihto 503.4645"},"content":{"rendered":"<h2 class=\"h4\">Ominaisuudet<\/h2>\n<div class=\"product--properties panel\">\n<table class=\"product--properties-table\">\n<tbody>\n<tr class=\"product--properties-item\">\n<td class=\"product--properties-label\">Profiili1:<\/td>\n<td><span class=\"product--properties-value\">6-kulmainen<\/span><\/td>\n<\/tr>\n<tr class=\"product--properties-item\">\n<td class=\"product--properties-label\">Pakkaus:<\/td>\n<td><span class=\"product--properties-value\">Muovilaukku, eritt\u00e4in tukeva<\/span><\/td>\n<\/tr>\n<tr class=\"product--properties-item\">\n<td class=\"product--properties-label\">Profiili2:<\/td>\n<td><span class=\"product--properties-value\">Metrikoot<\/span><\/td>\n<\/tr>\n<tr class=\"product--properties-item\">\n<td class=\"product--properties-label\">Materiaali1:<\/td>\n<td><span class=\"product--properties-value\">Hieno kromivanadiiniter\u00e4s, matta, satinoitu, kromattu<\/span><\/td>\n<\/tr>\n<tr class=\"product--properties-item\">\n<td class=\"product--properties-label\">Avainmalli:<\/td>\n<td><span class=\"product--properties-value\">Lenkki 15\u00b0 taitettu<\/span><\/td>\n<\/tr>\n<tr class=\"product--properties-item\">\n<td class=\"product--properties-label\">Pakkauksen sis\u00e4lt\u00f6:<\/td>\n<td><span class=\"product--properties-value\">1<\/span><\/td>\n<\/tr>\n<tr class=\"product--properties-item\">\n<td class=\"product--properties-label\">Osia sarjassa:<\/td>\n<td><span class=\"product--properties-value\">10<\/span><\/td>\n<\/tr>\n<tr class=\"product--properties-item\">\n<td class=\"product--properties-label\">Hammas:<\/td>\n<td><span class=\"product--properties-value\">72<\/span><\/td>\n<\/tr>\n<tr class=\"product--properties-item\">\n<td class=\"product--properties-label\">V\u00e4himm\u00e4isavainv\u00e4li:<\/td>\n<td><span class=\"product--properties-value\">8<\/span><\/td>\n<\/tr>\n<tr class=\"product--properties-item\">\n<td class=\"product--properties-label\">Enimm\u00e4isavainv\u00e4li:<\/td>\n<td><span class=\"product--properties-value\">17<\/span><\/td>\n<\/tr>\n<tr class=\"product--properties-item\">\n<td class=\"product--properties-label\">Toimintoattribuutti 1:<\/td>\n<td><span class=\"product--properties-value\">Vaihdettava<\/span><\/td>\n<\/tr>\n<tr class=\"product--properties-item\">\n<td class=\"product--properties-label\">Paino g:<\/td>\n<td><span class=\"product--properties-value\">500<\/span><\/td>\n<\/tr>\n<\/tbody>\n<\/table>\n<\/div>\n","protected":false},"excerpt":{"rendered":"<div class=\"product--description\">\n<p>R\u00e4ik\u00e4n p\u00e4\u00e4t 15\u00b0 taivutettu. Hammastettu, 72 hammasta. Suunnanvaihtovipu ja l\u00e4vistystoiminto. Avaimen laippa est\u00e4\u00e4 luiskahtamisen.<br \/>\nSopii k\u00e4ytett\u00e4v\u00e4ksi ahtaissa paikoissa. Eritt\u00e4in hienosti satinoitu, kromivanadiinia. Tukevassa muovilaukussa.<\/p>\n<\/div>\n","protected":false},"featured_media":19996,"template":"","meta":{"_et_pb_use_builder":"","_et_pb_old_content":"","_et_gb_content_width":""},"pwb-brand":[1454],"product_brand":[],"product_cat":[747,500],"product_tag":[],"class_list":{"0":"post-19995","1":"product","2":"type-product","3":"status-publish","4":"has-post-thumbnail","6":"pwb-brand-kstools","7":"product_cat-raikkalenkit","8":"product_cat-kiintolenkkiavaimet","10":"first","11":"instock","12":"taxable","13":"shipping-taxable","14":"purchasable","15":"product-type-simple"},"brands":[{"id":1454,"name":"Kstools","slug":"kstools"}],"_links":{"self":[{"href":"https:\/\/silikotek.sapartners.site\/index.php\/wp-json\/wp\/v2\/product\/19995","targetHints":{"allow":["GET"]}}],"collection":[{"href":"https:\/\/silikotek.sapartners.site\/index.php\/wp-json\/wp\/v2\/product"}],"about":[{"href":"https:\/\/silikotek.sapartners.site\/index.php\/wp-json\/wp\/v2\/types\/product"}],"wp:featuredmedia":[{"embeddable":true,"href":"https:\/\/silikotek.sapartners.site\/index.php\/wp-json\/wp\/v2\/media\/19996"}],"wp:attachment":[{"href":"https:\/\/silikotek.sapartners.site\/index.php\/wp-json\/wp\/v2\/media?parent=19995"}],"wp:term":[{"taxonomy":"pwb-brand","embeddable":true,"href":"https:\/\/silikotek.sapartners.site\/index.php\/wp-json\/wp\/v2\/pwb-brand?post=19995"},{"taxonomy":"product_brand","embeddable":true,"href":"https:\/\/silikotek.sapartners.site\/index.php\/wp-json\/wp\/v2\/product_brand?post=19995"},{"taxonomy":"product_cat","embeddable":true,"href":"https:\/\/silikotek.sapartners.site\/index.php\/wp-json\/wp\/v2\/product_cat?post=19995"},{"taxonomy":"product_tag","embeddable":true,"href":"https:\/\/silikotek.sapartners.site\/index.php\/wp-json\/wp\/v2\/product_tag?post=19995"}],"curies":[{"name":"wp","href":"https:\/\/api.w.org\/{rel}","templated":true}]}}