{"id":19990,"date":"2019-03-06T12:20:01","date_gmt":"2019-03-06T10:20:01","guid":{"rendered":"https:\/\/silikotek.fi\/?post_type=product&#038;p=19990"},"modified":"2019-09-03T08:27:08","modified_gmt":"2019-09-03T05:27:08","slug":"milwaukee-m18-gg-201c-rasvapuristin","status":"publish","type":"product","link":"https:\/\/silikotek.sapartners.site\/index.php\/tuote\/milwaukee-m18-gg-201c-rasvapuristin\/","title":{"rendered":"Milwaukee M18 GG-201C Rasvapuristin"},"content":{"rendered":"<p>[et_pb_section bb_built=&#8221;1&#8243;][et_pb_row][et_pb_column type=&#8221;4_4&#8243;][et_pb_text _builder_version=&#8221;3.19.18&#8243;]<\/p>\n<div class=\"product__description-content js-product-content\">\n<p>Tehokas 18V moottori tarjoaa jopa 562 baarin maks. toimintapaineen<\/p>\n<p>REDLINK&#x2122;-ylikuormitussuojan elektroniikka ty\u00f6kaluissa ja akussa tuottaa luokkansa parhaan kest\u00e4vyyden<\/p>\n<p>Luokkansa paras k\u00e4ytt\u00f6aika &#8211; puristaa jopa 7 putkiloa\/lataus<\/p>\n<p>Hyvin tasapainotettu kahva sek\u00e4 erinomainen ergonomia &#8211; pituus vain 355 mm ja paino vain 3,9 kg<\/p>\n<p>Ilmausventtiili takaa nopean materiaalivirtauksen<\/p>\n<p>Integroitu letkun s\u00e4ilytys, olkahihna ja LED-virtamittari parantavat k\u00e4ytt\u00f6mukavuutta ja v\u00e4hent\u00e4v\u00e4t huoltotarvetta<\/p>\n<p>Kolme s\u00e4ili\u00f6tyyppi\u00e4 &#8211; massa, putkilo sek\u00e4 imutoiminto<\/p>\n<p>Materiaalikapasiteetti 400 ml putkiloille ja 473 ml massas\u00e4ili\u00f6lle<\/p>\n<p>Yksitt\u00e4inen akunkennon monitorointi optimoi ty\u00f6kalun k\u00e4ytt\u00f6aikaa ja takaa paremman kest\u00e4vyyden<\/p>\n<p>REDLITHIUM-ION&#x2122;-akku tarjoaa ensiluokkaisen akun rakenteen, elektroniikan ja tasaisen suorituskyvyn ansiosta paitsi pidemm\u00e4n k\u00e4ytt\u00f6ajan my\u00f6s pidemm\u00e4n akun k\u00e4ytt\u00f6i\u00e4n<\/p>\n<p>Joustava akkuj\u00e4rjestelm\u00e4 &#8211; yhteensopiva kaikkien Milwaukee\u00ae M18&#x2122; akkujen kanssa<\/p>\n<p>Mukana toimitetaan 1219 mm joustava korkeapaineletku jousisuojalla<\/p>\n<\/div>\n<p>[\/et_pb_text][et_pb_video _builder_version=&#8221;3.19.18&#8243; src=&#8221;https:\/\/youtu.be\/NiJUqDhuRzs&#8221; \/][\/et_pb_column][\/et_pb_row][\/et_pb_section]<\/p>\n","protected":false},"excerpt":{"rendered":"<p>Milwaukeen M18 GG-201C Rasvapuristin tyhjent\u00e4\u00e4 jopa 7 patruunaa per lataus. 562 baarin maksimipaine! Toimitetaan laatikossa akun ja laturin kanssa.<\/p>\n","protected":false},"featured_media":19989,"template":"","meta":{"_et_pb_use_builder":"on","_et_pb_old_content":"<p>M18 rasvapuristin tarjoaa jopa 620 baarin maks paineen. Tyhjent\u00e4\u00e4 jopa 7 patruunaa per lataus. Vain 355 mm pitk\u00e4. 1219 mm letku. Sopii 400ml patruunat. Virtamittari, joka ilmaisee j\u00e4ljell\u00e4 olevan varauksen. Tuuletusventtiili. Paino akun kanssa 3,6kg. <\/p>","_et_gb_content_width":""},"pwb-brand":[1452],"product_brand":[],"product_cat":[739],"product_tag":[],"class_list":{"0":"post-19990","1":"product","2":"type-product","3":"status-publish","4":"has-post-thumbnail","6":"pwb-brand-milwaukee","7":"product_cat-akkumassapuristimet","9":"first","10":"instock","11":"taxable","12":"shipping-taxable","13":"purchasable","14":"product-type-simple"},"brands":[{"id":1452,"name":"Milwaukee","slug":"milwaukee"}],"_links":{"self":[{"href":"https:\/\/silikotek.sapartners.site\/index.php\/wp-json\/wp\/v2\/product\/19990","targetHints":{"allow":["GET"]}}],"collection":[{"href":"https:\/\/silikotek.sapartners.site\/index.php\/wp-json\/wp\/v2\/product"}],"about":[{"href":"https:\/\/silikotek.sapartners.site\/index.php\/wp-json\/wp\/v2\/types\/product"}],"wp:featuredmedia":[{"embeddable":true,"href":"https:\/\/silikotek.sapartners.site\/index.php\/wp-json\/wp\/v2\/media\/19989"}],"wp:attachment":[{"href":"https:\/\/silikotek.sapartners.site\/index.php\/wp-json\/wp\/v2\/media?parent=19990"}],"wp:term":[{"taxonomy":"pwb-brand","embeddable":true,"href":"https:\/\/silikotek.sapartners.site\/index.php\/wp-json\/wp\/v2\/pwb-brand?post=19990"},{"taxonomy":"product_brand","embeddable":true,"href":"https:\/\/silikotek.sapartners.site\/index.php\/wp-json\/wp\/v2\/product_brand?post=19990"},{"taxonomy":"product_cat","embeddable":true,"href":"https:\/\/silikotek.sapartners.site\/index.php\/wp-json\/wp\/v2\/product_cat?post=19990"},{"taxonomy":"product_tag","embeddable":true,"href":"https:\/\/silikotek.sapartners.site\/index.php\/wp-json\/wp\/v2\/product_tag?post=19990"}],"curies":[{"name":"wp","href":"https:\/\/api.w.org\/{rel}","templated":true}]}}