{"id":19856,"date":"2019-02-19T13:48:33","date_gmt":"2019-02-19T11:48:33","guid":{"rendered":"https:\/\/silikotek.fi\/?post_type=product&#038;p=19856"},"modified":"2019-02-20T10:37:48","modified_gmt":"2019-02-20T08:37:48","slug":"cresto-2311-tukikoysi","status":"publish","type":"product","link":"https:\/\/silikotek.sapartners.site\/index.php\/tuote\/cresto-2311-tukikoysi\/","title":{"rendered":"Cresto 2311 Tukik\u00f6ysi"},"content":{"rendered":"<table>\n<tbody>\n<tr class=\"media-container__attrList\">\n<th class=\"media-container__attrList_name\">Pituus<\/th>\n<td class=\"media-container__attrList_value\">\n<div>2000\u00a0mm<\/div>\n<\/td>\n<\/tr>\n<tr class=\"media-container__attrList\">\n<th class=\"media-container__attrList_name\">P\u00e4\u00e4materiaali<\/th>\n<td class=\"media-container__attrList_value\">\n<div>Polyamidi<\/div>\n<\/td>\n<\/tr>\n<tr class=\"media-container__attrList\">\n<th class=\"media-container__attrList_name\">K\u00f6ysiominaisuus<\/th>\n<td class=\"media-container__attrList_value\">\n<div>Ydinkuori 32 punottu<\/div>\n<\/td>\n<\/tr>\n<tr class=\"media-container__attrList\">\n<th class=\"media-container__attrList_name\">K\u00f6ysimateriaali<\/th>\n<td class=\"media-container__attrList_value\">\n<div>Polyamidi<\/div>\n<\/td>\n<\/tr>\n<tr class=\"media-container__attrList\">\n<th class=\"media-container__attrList_name\">K\u00e4ytt\u00e4j\u00e4n paino maks.<\/th>\n<td class=\"media-container__attrList_value\">\n<div>140 kg<\/div>\n<\/td>\n<\/tr>\n<tr class=\"media-container__attrList\">\n<th class=\"media-container__attrList_name\">Komponenttien materiaali<\/th>\n<td class=\"media-container__attrList_value\">\n<div>Alumiini<\/div>\n<\/td>\n<\/tr>\n<tr class=\"media-container__attrList\">\n<th class=\"media-container__attrList_name\">RFID\/NFC<\/th>\n<td class=\"media-container__attrList_value\">\n<div>Kyll\u00e4<\/div>\n<\/td>\n<\/tr>\n<tr class=\"media-container__attrList\">\n<th class=\"media-container__attrList_name\">Toiminnot (A-B-C)<\/th>\n<td class=\"media-container__attrList_value\">\n<div>C<\/div>\n<\/td>\n<\/tr>\n<tr class=\"media-container__attrList\">\n<th class=\"media-container__attrList_name\">V\u00e4ri<\/th>\n<td class=\"media-container__attrList_value\">\n<div>Valkoinen<\/div>\n<\/td>\n<\/tr>\n<tr class=\"media-container__attrList\">\n<th class=\"media-container__attrList_name\">CE-kategoria<\/th>\n<td class=\"media-container__attrList_value\">\n<div>Kategoria 3<\/div>\n<\/td>\n<\/tr>\n<\/tbody>\n<\/table>\n","protected":false},"excerpt":{"rendered":"<p>Tukik\u00f6ysi, joka voidaan s\u00e4\u00e4t\u00e4\u00e4 joustavasti yhdell\u00e4 k\u00e4dell\u00e4.<\/p>\n<ul>\n<li>K\u00f6ysilukko, ei s\u00e4\u00e4dett\u00e4viss\u00e4 kuormitettuna<\/li>\n<li>1 kpl 9687 ja 1 kpl 9673 karbiini<\/li>\n<li>11 mm ydink\u00f6ysi<\/li>\n<li>Ulkokuori ja ydin polyamidia<\/li>\n<li>35 kN k\u00f6yden murtolujuus<\/li>\n<li>Paino 0.079 kg\/metri<\/li>\n<\/ul>\n<p><b>Vastaa EN 358 vaatimuksia.<\/b><\/p>\n","protected":false},"featured_media":19854,"template":"","meta":{"_et_pb_use_builder":"","_et_pb_old_content":"","_et_gb_content_width":""},"pwb-brand":[1591],"product_brand":[],"product_cat":[331],"product_tag":[],"class_list":{"0":"post-19856","1":"product","2":"type-product","3":"status-publish","4":"has-post-thumbnail","6":"pwb-brand-cresto","7":"product_cat-turvakoydet-ja-liitoshihnat","9":"first","10":"instock","11":"taxable","12":"shipping-taxable","13":"purchasable","14":"product-type-simple"},"brands":[{"id":1591,"name":"Cresto","slug":"cresto"}],"_links":{"self":[{"href":"https:\/\/silikotek.sapartners.site\/index.php\/wp-json\/wp\/v2\/product\/19856","targetHints":{"allow":["GET"]}}],"collection":[{"href":"https:\/\/silikotek.sapartners.site\/index.php\/wp-json\/wp\/v2\/product"}],"about":[{"href":"https:\/\/silikotek.sapartners.site\/index.php\/wp-json\/wp\/v2\/types\/product"}],"wp:featuredmedia":[{"embeddable":true,"href":"https:\/\/silikotek.sapartners.site\/index.php\/wp-json\/wp\/v2\/media\/19854"}],"wp:attachment":[{"href":"https:\/\/silikotek.sapartners.site\/index.php\/wp-json\/wp\/v2\/media?parent=19856"}],"wp:term":[{"taxonomy":"pwb-brand","embeddable":true,"href":"https:\/\/silikotek.sapartners.site\/index.php\/wp-json\/wp\/v2\/pwb-brand?post=19856"},{"taxonomy":"product_brand","embeddable":true,"href":"https:\/\/silikotek.sapartners.site\/index.php\/wp-json\/wp\/v2\/product_brand?post=19856"},{"taxonomy":"product_cat","embeddable":true,"href":"https:\/\/silikotek.sapartners.site\/index.php\/wp-json\/wp\/v2\/product_cat?post=19856"},{"taxonomy":"product_tag","embeddable":true,"href":"https:\/\/silikotek.sapartners.site\/index.php\/wp-json\/wp\/v2\/product_tag?post=19856"}],"curies":[{"name":"wp","href":"https:\/\/api.w.org\/{rel}","templated":true}]}}