{"id":19835,"date":"2019-02-19T10:11:46","date_gmt":"2019-02-19T08:11:46","guid":{"rendered":"https:\/\/silikotek.fi\/?post_type=product&#038;p=19835"},"modified":"2019-04-30T00:00:28","modified_gmt":"2019-04-29T21:00:28","slug":"cresto-baseline-1114-kokovaljas","status":"publish","type":"product","link":"https:\/\/silikotek.sapartners.site\/index.php\/tuote\/cresto-baseline-1114-kokovaljas\/","title":{"rendered":"Cresto Baseline 1114  Kokovaljas"},"content":{"rendered":"<table>\n<tbody>\n<tr class=\"media-container__attrList\">\n<th class=\"media-container__attrList_name\">Kytkent\u00e4pisteet<\/th>\n<td class=\"media-container__attrList_value\">\n<div>2-pistevaljas<\/div>\n<\/td>\n<\/tr>\n<tr class=\"media-container__attrList\">\n<th class=\"media-container__attrList_name\">P\u00e4\u00e4materiaali<\/th>\n<td class=\"media-container__attrList_value\">\n<div>Polyesteri<\/div>\n<\/td>\n<\/tr>\n<tr class=\"media-container__attrList\">\n<th class=\"media-container__attrList_name\">Rakenne<\/th>\n<td class=\"media-container__attrList_value\">\n<div>H-malli<\/div>\n<\/td>\n<\/tr>\n<tr class=\"media-container__attrList\">\n<th class=\"media-container__attrList_name\">K\u00f6ysiominaisuus<\/th>\n<td class=\"media-container__attrList_value\">\n<div>Hihna 45 mm<\/div>\n<\/td>\n<\/tr>\n<tr class=\"media-container__attrList\">\n<th class=\"media-container__attrList_name\">K\u00e4ytt\u00e4j\u00e4n paino maks.<\/th>\n<td class=\"media-container__attrList_value\">\n<div>100 kg<\/div>\n<\/td>\n<\/tr>\n<tr class=\"media-container__attrList\">\n<th class=\"media-container__attrList_name\">D-renkaat<\/th>\n<td class=\"media-container__attrList_value\">\n<div>Galvanoitu ter\u00e4s<\/div>\n<\/td>\n<\/tr>\n<tr class=\"media-container__attrList\">\n<th class=\"media-container__attrList_name\">Komponenttien materiaali<\/th>\n<td class=\"media-container__attrList_value\">\n<div>Galvanoitu ter\u00e4s,<\/div>\n<div>Polyesteri<\/div>\n<\/td>\n<\/tr>\n<tr class=\"media-container__attrList\">\n<th class=\"media-container__attrList_name\">Toiminnot (A-B-C)<\/th>\n<td class=\"media-container__attrList_value\">\n<div>B<\/div>\n<\/td>\n<\/tr>\n<tr class=\"media-container__attrList\">\n<th class=\"media-container__attrList_name\">S\u00e4\u00e4dett\u00e4vyys<\/th>\n<td class=\"media-container__attrList_value\">\n<div>Normaali<\/div>\n<\/td>\n<\/tr>\n<tr class=\"media-container__attrList\">\n<th class=\"media-container__attrList_name\">V\u00e4ri<\/th>\n<td class=\"media-container__attrList_value\">\n<div>Punainen<\/div>\n<\/td>\n<\/tr>\n<tr class=\"media-container__attrList\">\n<th class=\"media-container__attrList_name\">CE-kategoria<\/th>\n<td class=\"media-container__attrList_value\">\n<div>Kategoria 3<\/div>\n<\/td>\n<\/tr>\n<tr class=\"media-container__attrList\">\n<th class=\"media-container__attrList_name\">Koko<\/th>\n<td class=\"media-container__attrList_value\">\n<div>One Size<\/div>\n<\/td>\n<\/tr>\n<\/tbody>\n<\/table>\n","protected":false},"excerpt":{"rendered":"<p>Yksinkertaisempi kokovaljas, kaksinkertaiset kiinnityskohdat ja s\u00e4\u00e4dett\u00e4v\u00e4 koko.<\/p>\n<ul>\n<li>Rinnassa kiinnityskohta, kangaslenkit<\/li>\n<li>Sel\u00e4ss\u00e4 kiinnityskohta, galvanoitu D-lenkki<\/li>\n<li>Pujotettavat soljet reisihihnoissa<\/li>\n<li>Polyesterihihna 45 mm jagt; 22 kN hihnan vetolujuus<\/li>\n<\/ul>\n<p>Vastaa EN 361 vaatimuksia.<\/p>\n<div class=\"js-overflow-fade-out hide_mobile\"><\/div>\n","protected":false},"featured_media":19836,"template":"","meta":{"_et_pb_use_builder":"","_et_pb_old_content":"","_et_gb_content_width":""},"pwb-brand":[1591],"product_brand":[],"product_cat":[330],"product_tag":[],"class_list":{"0":"post-19835","1":"product","2":"type-product","3":"status-publish","4":"has-post-thumbnail","6":"pwb-brand-cresto","7":"product_cat-kokovaljaat","9":"first","10":"instock","11":"taxable","12":"shipping-taxable","13":"purchasable","14":"product-type-simple"},"brands":[{"id":1591,"name":"Cresto","slug":"cresto"}],"_links":{"self":[{"href":"https:\/\/silikotek.sapartners.site\/index.php\/wp-json\/wp\/v2\/product\/19835","targetHints":{"allow":["GET"]}}],"collection":[{"href":"https:\/\/silikotek.sapartners.site\/index.php\/wp-json\/wp\/v2\/product"}],"about":[{"href":"https:\/\/silikotek.sapartners.site\/index.php\/wp-json\/wp\/v2\/types\/product"}],"wp:featuredmedia":[{"embeddable":true,"href":"https:\/\/silikotek.sapartners.site\/index.php\/wp-json\/wp\/v2\/media\/19836"}],"wp:attachment":[{"href":"https:\/\/silikotek.sapartners.site\/index.php\/wp-json\/wp\/v2\/media?parent=19835"}],"wp:term":[{"taxonomy":"pwb-brand","embeddable":true,"href":"https:\/\/silikotek.sapartners.site\/index.php\/wp-json\/wp\/v2\/pwb-brand?post=19835"},{"taxonomy":"product_brand","embeddable":true,"href":"https:\/\/silikotek.sapartners.site\/index.php\/wp-json\/wp\/v2\/product_brand?post=19835"},{"taxonomy":"product_cat","embeddable":true,"href":"https:\/\/silikotek.sapartners.site\/index.php\/wp-json\/wp\/v2\/product_cat?post=19835"},{"taxonomy":"product_tag","embeddable":true,"href":"https:\/\/silikotek.sapartners.site\/index.php\/wp-json\/wp\/v2\/product_tag?post=19835"}],"curies":[{"name":"wp","href":"https:\/\/api.w.org\/{rel}","templated":true}]}}