{"id":19720,"date":"2019-02-07T09:56:20","date_gmt":"2019-02-07T07:56:20","guid":{"rendered":"https:\/\/silikotek.fi\/?post_type=product&#038;p=19720"},"modified":"2019-02-07T09:56:27","modified_gmt":"2019-02-07T07:56:27","slug":"miller-katto-pss-h-design-putoamissuojainpaketti","status":"publish","type":"product","link":"https:\/\/silikotek.sapartners.site\/index.php\/tuote\/miller-katto-pss-h-design-putoamissuojainpaketti\/","title":{"rendered":"Miller Katto PSS H-design Putoamissuojainpaketti"},"content":{"rendered":"<p>[et_pb_section bb_built=&#8221;1&#8243;][et_pb_row][et_pb_column type=&#8221;4_4&#8243;][et_pb_video _builder_version=&#8221;3.19.11&#8243; src=&#8221;https:\/\/www.youtube.com\/watch?v=0LANLqEB8Q8&#8243; \/][\/et_pb_column][\/et_pb_row][\/et_pb_section]<\/p>\n","protected":false},"excerpt":{"rendered":"<p>Yksinkertainen ja k\u00e4tev\u00e4 varustesarja kattoty\u00f6skentelyyn. Sarja sis\u00e4lt\u00e4\u00e4 1 H -valjaan, k\u00f6yden, k\u00f6ysilukon, silmukan ja s\u00e4ilytyslaukun.<\/p>\n","protected":false},"featured_media":19721,"template":"","meta":{"_et_pb_use_builder":"on","_et_pb_old_content":"","_et_gb_content_width":""},"pwb-brand":[],"product_brand":[],"product_cat":[333],"product_tag":[],"class_list":{"0":"post-19720","1":"product","2":"type-product","3":"status-publish","4":"has-post-thumbnail","6":"product_cat-putoamissuojainsarjat","8":"first","9":"instock","10":"taxable","11":"shipping-taxable","12":"purchasable","13":"product-type-simple"},"brands":[],"_links":{"self":[{"href":"https:\/\/silikotek.sapartners.site\/index.php\/wp-json\/wp\/v2\/product\/19720","targetHints":{"allow":["GET"]}}],"collection":[{"href":"https:\/\/silikotek.sapartners.site\/index.php\/wp-json\/wp\/v2\/product"}],"about":[{"href":"https:\/\/silikotek.sapartners.site\/index.php\/wp-json\/wp\/v2\/types\/product"}],"wp:featuredmedia":[{"embeddable":true,"href":"https:\/\/silikotek.sapartners.site\/index.php\/wp-json\/wp\/v2\/media\/19721"}],"wp:attachment":[{"href":"https:\/\/silikotek.sapartners.site\/index.php\/wp-json\/wp\/v2\/media?parent=19720"}],"wp:term":[{"taxonomy":"pwb-brand","embeddable":true,"href":"https:\/\/silikotek.sapartners.site\/index.php\/wp-json\/wp\/v2\/pwb-brand?post=19720"},{"taxonomy":"product_brand","embeddable":true,"href":"https:\/\/silikotek.sapartners.site\/index.php\/wp-json\/wp\/v2\/product_brand?post=19720"},{"taxonomy":"product_cat","embeddable":true,"href":"https:\/\/silikotek.sapartners.site\/index.php\/wp-json\/wp\/v2\/product_cat?post=19720"},{"taxonomy":"product_tag","embeddable":true,"href":"https:\/\/silikotek.sapartners.site\/index.php\/wp-json\/wp\/v2\/product_tag?post=19720"}],"curies":[{"name":"wp","href":"https:\/\/api.w.org\/{rel}","templated":true}]}}