{"id":19683,"date":"2019-02-05T13:25:45","date_gmt":"2019-02-05T11:25:45","guid":{"rendered":"https:\/\/silikotek.fi\/?post_type=product&#038;p=19683"},"modified":"2019-04-30T00:00:28","modified_gmt":"2019-04-29T21:00:28","slug":"cresto-putoamissuojainpakkaus-baseline-no1","status":"publish","type":"product","link":"https:\/\/silikotek.sapartners.site\/index.php\/tuote\/cresto-putoamissuojainpakkaus-baseline-no1\/","title":{"rendered":"Cresto Putoamissuojainpakkaus Baseline No1 ABC1 15 m turvak\u00f6ydell\u00e4"},"content":{"rendered":"<table>\n<tbody>\n<tr>\n<td>Tuotenro<\/td>\n<td>Nimike<\/td>\n<td><\/td>\n<td>Koko<\/td>\n<td>Nimitys<\/td>\n<td>Pituus m<\/td>\n<\/tr>\n<tr>\n<td>012220209<\/td>\n<td>PUTOAMISSUOJ BASELINE ABC1-15<\/td>\n<td><\/td>\n<td>Universal<\/td>\n<td>ABC1-15<\/td>\n<td><\/td>\n<td><\/td>\n<\/tr>\n<tr>\n<td>012200044<\/td>\n<td>KOKOVALJAS BASELINE 1114<\/td>\n<td><\/td>\n<td>Universal<\/td>\n<td>1114<\/td>\n<td><\/td>\n<td><\/td>\n<\/tr>\n<tr>\n<td>012202915<\/td>\n<td>TURVAK\u00d6YSI BASELINE1231-15<\/td>\n<td><\/td>\n<td><\/td>\n<td>1231-15<\/td>\n<td>15<\/td>\n<td><\/td>\n<\/tr>\n<tr>\n<td>012255048<\/td>\n<td>KIINNITYSSILMUKKA 9284-1<\/td>\n<td><\/td>\n<td><\/td>\n<td>9284<\/td>\n<td>1<\/td>\n<\/tr>\n<\/tbody>\n<\/table>\n","protected":false},"excerpt":{"rendered":"<p>Yksinkertaisempi putoamissuojainpakkaus kattoty\u00f6h\u00f6n esim. lumenpudotust\u00f6ihin.<br \/>\nT\u00e4ydellinen pakkaus sis\u00e4lt\u00e4\u00e4:<\/p>\n<ul>\n<li>Kokovaljas Baseline 1114<\/li>\n<li>Turvak\u00f6ysi Baseline 1231- 15 metri\u00e4<\/li>\n<li>Kiinnityssilmukka Cresto 9284-1m<\/li>\n<li>Laukku Baseline Pac<\/li>\n<\/ul>\n<div class=\"js-overflow-fade-out hide_mobile\"><\/div>\n","protected":false},"featured_media":19684,"template":"","meta":{"_et_pb_use_builder":"","_et_pb_old_content":"","_et_gb_content_width":""},"pwb-brand":[1591],"product_brand":[],"product_cat":[333],"product_tag":[1581,1580,1577,1578,1579],"class_list":{"0":"post-19683","1":"product","2":"type-product","3":"status-publish","4":"has-post-thumbnail","6":"pwb-brand-cresto","7":"product_cat-putoamissuojainsarjat","8":"product_tag-katon-maalaus","9":"product_tag-katon-pesu","10":"product_tag-kattotyot","11":"product_tag-lumenpudotus","12":"product_tag-savupiipun-korjaus","14":"first","15":"instock","16":"taxable","17":"shipping-taxable","18":"purchasable","19":"product-type-simple"},"brands":[{"id":1591,"name":"Cresto","slug":"cresto"}],"_links":{"self":[{"href":"https:\/\/silikotek.sapartners.site\/index.php\/wp-json\/wp\/v2\/product\/19683","targetHints":{"allow":["GET"]}}],"collection":[{"href":"https:\/\/silikotek.sapartners.site\/index.php\/wp-json\/wp\/v2\/product"}],"about":[{"href":"https:\/\/silikotek.sapartners.site\/index.php\/wp-json\/wp\/v2\/types\/product"}],"wp:featuredmedia":[{"embeddable":true,"href":"https:\/\/silikotek.sapartners.site\/index.php\/wp-json\/wp\/v2\/media\/19684"}],"wp:attachment":[{"href":"https:\/\/silikotek.sapartners.site\/index.php\/wp-json\/wp\/v2\/media?parent=19683"}],"wp:term":[{"taxonomy":"pwb-brand","embeddable":true,"href":"https:\/\/silikotek.sapartners.site\/index.php\/wp-json\/wp\/v2\/pwb-brand?post=19683"},{"taxonomy":"product_brand","embeddable":true,"href":"https:\/\/silikotek.sapartners.site\/index.php\/wp-json\/wp\/v2\/product_brand?post=19683"},{"taxonomy":"product_cat","embeddable":true,"href":"https:\/\/silikotek.sapartners.site\/index.php\/wp-json\/wp\/v2\/product_cat?post=19683"},{"taxonomy":"product_tag","embeddable":true,"href":"https:\/\/silikotek.sapartners.site\/index.php\/wp-json\/wp\/v2\/product_tag?post=19683"}],"curies":[{"name":"wp","href":"https:\/\/api.w.org\/{rel}","templated":true}]}}