{"id":18995,"date":"2019-01-09T12:59:39","date_gmt":"2019-01-09T10:59:39","guid":{"rendered":"https:\/\/silikotek.fi\/?post_type=product&#038;p=18995"},"modified":"2019-01-09T13:18:53","modified_gmt":"2019-01-09T11:18:53","slug":"spider-p6-tuulilasin-irroituslanka-0-6mm","status":"publish","type":"product","link":"https:\/\/silikotek.sapartners.site\/index.php\/tuote\/spider-p6-tuulilasin-irroituslanka-0-6mm\/","title":{"rendered":"Spider P6 Tuulilasin Irroituslanka 0,6 mm"},"content":{"rendered":"","protected":false},"excerpt":{"rendered":"<p>T\u00e4m\u00e4 kuitulanka sopii Spider tuulilasin irroitusty\u00f6kaluun. irroituslanka on valmiiksi v\u00e4rimerkitty 6,5 m p\u00e4tkiin maalilla. Spider irrotuslanka on 96 m rulla. Kun liimattu tuulilasi irroitetaan t\u00e4ll\u00e4 kuitulangalla ei maalipintaan eik\u00e4 lasiin tule naarmuja. Jos tuulilasi leikataan ter\u00e4slangalla saattaa maalipinta irrota tai naarmuuntua ja ruostuminen alkaa. Uusi entist\u00e4 kest\u00e4v\u00e4mpi versio.<br \/>\nPaksuus 0,6 mm<\/p>\n","protected":false},"featured_media":18996,"template":"","meta":{"_et_pb_use_builder":"","_et_pb_old_content":"","_et_gb_content_width":""},"pwb-brand":[1503],"product_brand":[],"product_cat":[749],"product_tag":[],"class_list":{"0":"post-18995","1":"product","2":"type-product","3":"status-publish","4":"has-post-thumbnail","6":"pwb-brand-proglass","7":"product_cat-tuulilasi-tyokalut","9":"first","10":"instock","11":"taxable","12":"shipping-taxable","13":"purchasable","14":"product-type-simple"},"brands":[{"id":1503,"name":"ProGlass","slug":"proglass"}],"_links":{"self":[{"href":"https:\/\/silikotek.sapartners.site\/index.php\/wp-json\/wp\/v2\/product\/18995","targetHints":{"allow":["GET"]}}],"collection":[{"href":"https:\/\/silikotek.sapartners.site\/index.php\/wp-json\/wp\/v2\/product"}],"about":[{"href":"https:\/\/silikotek.sapartners.site\/index.php\/wp-json\/wp\/v2\/types\/product"}],"wp:featuredmedia":[{"embeddable":true,"href":"https:\/\/silikotek.sapartners.site\/index.php\/wp-json\/wp\/v2\/media\/18996"}],"wp:attachment":[{"href":"https:\/\/silikotek.sapartners.site\/index.php\/wp-json\/wp\/v2\/media?parent=18995"}],"wp:term":[{"taxonomy":"pwb-brand","embeddable":true,"href":"https:\/\/silikotek.sapartners.site\/index.php\/wp-json\/wp\/v2\/pwb-brand?post=18995"},{"taxonomy":"product_brand","embeddable":true,"href":"https:\/\/silikotek.sapartners.site\/index.php\/wp-json\/wp\/v2\/product_brand?post=18995"},{"taxonomy":"product_cat","embeddable":true,"href":"https:\/\/silikotek.sapartners.site\/index.php\/wp-json\/wp\/v2\/product_cat?post=18995"},{"taxonomy":"product_tag","embeddable":true,"href":"https:\/\/silikotek.sapartners.site\/index.php\/wp-json\/wp\/v2\/product_tag?post=18995"}],"curies":[{"name":"wp","href":"https:\/\/api.w.org\/{rel}","templated":true}]}}