{"id":18114,"date":"2018-11-01T09:50:09","date_gmt":"2018-11-01T07:50:09","guid":{"rendered":"https:\/\/silikotek.fi\/?post_type=product&#038;p=18114"},"modified":"2018-11-01T10:37:12","modified_gmt":"2018-11-01T08:37:12","slug":"bgs-digitaalinen-laserlampomittari-min-50c-max-500c-6005","status":"publish","type":"product","link":"https:\/\/silikotek.sapartners.site\/index.php\/tuote\/bgs-digitaalinen-laserlampomittari-min-50c-max-500c-6005\/","title":{"rendered":"BGS Digitaalinen Laserl\u00e4mp\u00f6mittari min -50\u00b0C max + 500\u00b0C 6005"},"content":{"rendered":"","protected":false},"excerpt":{"rendered":"<div class=\"productDescriptionContent\">\n<ul>\n<li>Mittaa tarkasti kylm\u00e4\u00e4 ja kuumaa astev\u00e4lill\u00e4 -50\u00b0C +500\u00b0C asti.<\/li>\n<li>Sopii monenlaiseen k\u00e4ytt\u00f6\u00f6n, esim. autonmoottorin ongelmien havaitsemiseen, l\u00e4mmitys- ja j\u00e4\u00e4hdytyslaitteiden tarkastukseen, tuotantoprosessien valvontaan, rakennusten l\u00e4mp\u00f6hukan havaitsemiseen tai ruokatuotannon l\u00e4mp\u00f6tilojen valvontaan.<\/li>\n<li>Infrapuna-laser teknologia mahdollistaa l\u00e4mm\u00f6n mittaamisen ilman fyysist\u00e4 kosketusta.<\/li>\n<li>Tarkkuus +\/- 1.5 %<\/li>\n<li>Lasers\u00e4teen pituus: 8 &#8211; 14 um, laser luokka II<\/li>\n<li>Vasteaika n. 1 sekuntia<\/li>\n<li>Et\u00e4isyys pistekokoon suhteutettuna (D\/S) D\/S 12 : 1<\/li>\n<li>Mitta-asteikko voidaan vaihtaa joko \u00b0C \/ \u00b0F<\/li>\n<li>Paristot: 2 x 1.5V AAA &#8211; ei sis\u00e4lly pakkaukseen.<\/li>\n<\/ul>\n<\/div>\n","protected":false},"featured_media":18118,"template":"","meta":{"_et_pb_use_builder":"","_et_pb_old_content":"","_et_gb_content_width":""},"pwb-brand":[1451],"product_brand":[],"product_cat":[844],"product_tag":[],"class_list":{"0":"post-18114","1":"product","2":"type-product","3":"status-publish","4":"has-post-thumbnail","6":"pwb-brand-bgs","7":"product_cat-infrapunalampomittarit","9":"first","10":"instock","11":"taxable","12":"shipping-taxable","13":"purchasable","14":"product-type-simple"},"brands":[{"id":1451,"name":"BGS","slug":"bgs"}],"_links":{"self":[{"href":"https:\/\/silikotek.sapartners.site\/index.php\/wp-json\/wp\/v2\/product\/18114","targetHints":{"allow":["GET"]}}],"collection":[{"href":"https:\/\/silikotek.sapartners.site\/index.php\/wp-json\/wp\/v2\/product"}],"about":[{"href":"https:\/\/silikotek.sapartners.site\/index.php\/wp-json\/wp\/v2\/types\/product"}],"wp:featuredmedia":[{"embeddable":true,"href":"https:\/\/silikotek.sapartners.site\/index.php\/wp-json\/wp\/v2\/media\/18118"}],"wp:attachment":[{"href":"https:\/\/silikotek.sapartners.site\/index.php\/wp-json\/wp\/v2\/media?parent=18114"}],"wp:term":[{"taxonomy":"pwb-brand","embeddable":true,"href":"https:\/\/silikotek.sapartners.site\/index.php\/wp-json\/wp\/v2\/pwb-brand?post=18114"},{"taxonomy":"product_brand","embeddable":true,"href":"https:\/\/silikotek.sapartners.site\/index.php\/wp-json\/wp\/v2\/product_brand?post=18114"},{"taxonomy":"product_cat","embeddable":true,"href":"https:\/\/silikotek.sapartners.site\/index.php\/wp-json\/wp\/v2\/product_cat?post=18114"},{"taxonomy":"product_tag","embeddable":true,"href":"https:\/\/silikotek.sapartners.site\/index.php\/wp-json\/wp\/v2\/product_tag?post=18114"}],"curies":[{"name":"wp","href":"https:\/\/api.w.org\/{rel}","templated":true}]}}