{"id":17919,"date":"2018-10-26T16:28:59","date_gmt":"2018-10-26T13:28:59","guid":{"rendered":"https:\/\/silikotek.fi\/?post_type=product&#038;p=17919"},"modified":"2023-01-04T23:26:13","modified_gmt":"2023-01-04T21:26:13","slug":"yleiskayttoinen-tyokalu-pyoranlaakerin-asennukseen-ja-irroittamiseen-33-os-440-0650-kstools","status":"publish","type":"product","link":"https:\/\/silikotek.sapartners.site\/index.php\/tuote\/yleiskayttoinen-tyokalu-pyoranlaakerin-asennukseen-ja-irroittamiseen-33-os-440-0650-kstools\/","title":{"rendered":"Kstools Yleisk\u00e4ytt\u00f6inen ty\u00f6kalu py\u00f6r\u00e4nlaakerin asennukseen ja irroittamiseen, 33-os. 440.0650"},"content":{"rendered":"<p>[et_pb_section fb_built=&#8221;1&#8243; _builder_version=&#8221;4.16&#8243; custom_padding=&#8221;0px||||false|false&#8221; global_colors_info=&#8221;{}&#8221;][et_pb_row _builder_version=&#8221;4.16&#8243; background_size=&#8221;initial&#8221; background_position=&#8221;top_left&#8221; background_repeat=&#8221;repeat&#8221; width=&#8221;100%&#8221; custom_padding=&#8221;0px||0px||false|false&#8221; global_colors_info=&#8221;{}&#8221;][et_pb_column type=&#8221;4_4&#8243; _builder_version=&#8221;4.16&#8243; custom_padding=&#8221;|||&#8221; global_colors_info=&#8221;{}&#8221; custom_padding__hover=&#8221;|||&#8221;][et_pb_wc_breadcrumb _builder_version=&#8221;4.16&#8243; global_colors_info=&#8221;{}&#8221;][\/et_pb_wc_breadcrumb][et_pb_wc_cart_notice _builder_version=&#8221;4.16&#8243; global_colors_info=&#8221;{}&#8221;][\/et_pb_wc_cart_notice][\/et_pb_column][\/et_pb_row][et_pb_row _builder_version=&#8221;4.16&#8243; background_size=&#8221;initial&#8221; background_position=&#8221;top_left&#8221; background_repeat=&#8221;repeat&#8221; width=&#8221;100%&#8221; custom_padding=&#8221;0px||||false|false&#8221; global_colors_info=&#8221;{}&#8221; column_structure=&#8221;1_2,1_2&#8243;][et_pb_column type=&#8221;1_2&#8243; _builder_version=&#8221;4.16&#8243; custom_padding=&#8221;|||&#8221; global_colors_info=&#8221;{}&#8221; custom_padding__hover=&#8221;|||&#8221;][et_pb_wc_images _builder_version=&#8221;4.16&#8243; global_colors_info=&#8221;{}&#8221;][\/et_pb_wc_images][\/et_pb_column][et_pb_column type=&#8221;1_2&#8243; _builder_version=&#8221;4.16&#8243; custom_padding=&#8221;|||&#8221; global_colors_info=&#8221;{}&#8221; custom_padding__hover=&#8221;|||&#8221;][et_pb_wc_title _builder_version=&#8221;4.16&#8243; global_colors_info=&#8221;{}&#8221;][\/et_pb_wc_title][et_pb_wc_rating _builder_version=&#8221;4.16&#8243; global_colors_info=&#8221;{}&#8221;][\/et_pb_wc_rating][et_pb_wc_price _builder_version=&#8221;4.16&#8243; global_colors_info=&#8221;{}&#8221;][\/et_pb_wc_price][et_pb_wc_description _builder_version=&#8221;4.16&#8243; global_colors_info=&#8221;{}&#8221;][\/et_pb_wc_description][et_pb_wc_add_to_cart _builder_version=&#8221;4.16&#8243; global_colors_info=&#8221;{}&#8221;][\/et_pb_wc_add_to_cart][et_pb_wc_meta _builder_version=&#8221;4.16&#8243; global_colors_info=&#8221;{}&#8221;][\/et_pb_wc_meta][\/et_pb_column][\/et_pb_row][et_pb_row _builder_version=&#8221;4.16&#8243; background_size=&#8221;initial&#8221; background_position=&#8221;top_left&#8221; background_repeat=&#8221;repeat&#8221; width=&#8221;100%&#8221; global_colors_info=&#8221;{}&#8221;][et_pb_column type=&#8221;4_4&#8243; _builder_version=&#8221;4.16&#8243; custom_padding=&#8221;|||&#8221; global_colors_info=&#8221;{}&#8221; custom_padding__hover=&#8221;|||&#8221;][et_pb_wc_tabs _builder_version=&#8221;4.16&#8243; global_colors_info=&#8221;{}&#8221;]\t\t\t\t\t[\/et_pb_wc_tabs][et_pb_wc_upsells _builder_version=&#8221;4.16&#8243; global_colors_info=&#8221;{}&#8221;][\/et_pb_wc_upsells][et_pb_wc_related_products _builder_version=&#8221;4.16&#8243; global_colors_info=&#8221;{}&#8221;][\/et_pb_wc_related_products][\/et_pb_column][\/et_pb_row][\/et_pb_section][et_pb_section fb_built=&#8221;1&#8243; admin_label=&#8221;section&#8221; _builder_version=&#8221;4.16&#8243; global_colors_info=&#8221;{}&#8221;][et_pb_row admin_label=&#8221;row&#8221; _builder_version=&#8221;4.16&#8243; background_size=&#8221;initial&#8221; background_position=&#8221;top_left&#8221; background_repeat=&#8221;repeat&#8221; global_colors_info=&#8221;{}&#8221;][et_pb_column type=&#8221;4_4&#8243; _builder_version=&#8221;4.16&#8243; custom_padding=&#8221;|||&#8221; global_colors_info=&#8221;{}&#8221; custom_padding__hover=&#8221;|||&#8221;][et_pb_text admin_label=&#8221;Text&#8221; _builder_version=&#8221;4.16&#8243; background_size=&#8221;initial&#8221; background_position=&#8221;top_left&#8221; background_repeat=&#8221;repeat&#8221; global_colors_info=&#8221;{}&#8221;]<\/p>\n<ul>\n<li>kolmella ja nelj\u00e4ll\u00e4 pultilla etu- ja taka-akseliin ruuvatun kompaktin py\u00f6r\u00e4nlaakeriyksik\u00f6n asennukseen ja irrotukseen<\/li>\n<li>ammattimainen asennus ja irrotus suoraan autossa<\/li>\n<li>enimm\u00e4iskuormitus 22 t<\/li>\n<li>painejalkojen molemminpuolinen k\u00e4ytt\u00f6 mahdollistaa olka-akselin helpon ja nopean s\u00e4\u00e4d\u00f6n<\/li>\n<li>voidaan k\u00e4ytt\u00e4\u00e4 kaikissa ruuvattavissa ja kompakteissa py\u00f6r\u00e4nlaakeriyksik\u00f6iss\u00e4 s\u00e4\u00e4dett\u00e4vyyden ansiosta<\/li>\n<li>k\u00e4ytet\u00e4\u00e4n hydraulisylinterin tai mekaanisen karan kanssa<\/li>\n<li>hyvin v\u00e4h\u00e4inen ty\u00f6m\u00e4\u00e4r\u00e4<\/li>\n<li>yksinkertainen ja helppo k\u00e4ytt\u00f6<\/li>\n<li>erikoisty\u00f6kaluter\u00e4st\u00e4<\/li>\n<\/ul>\n<p>Suositeltu hydraulisylinteri: 16 t (440.0005) ja 22 t (440.0010)[\/et_pb_text][\/et_pb_column][\/et_pb_row][\/et_pb_section]<\/p>\n","protected":false},"excerpt":{"rendered":"<p>Py\u00f6r\u00e4nlaakerin irroitus ja asennus paikallaaan. Nopeuttaa asennusta ja maksaa itsens\u00e4 nopasti takaisin.<\/p>\n","protected":false},"featured_media":19697,"template":"","meta":{"_et_pb_use_builder":"on","_et_pb_old_content":"<ul>\r\n \t<li>kolmella ja nelj\u00e4ll\u00e4 pultilla etu- ja taka-akseliin ruuvatun kompaktin py\u00f6r\u00e4nlaakeriyksik\u00f6n asennukseen ja irrotukseen<\/li>\r\n \t<li>ammattimainen asennus ja irrotus suoraan autossa<\/li>\r\n \t<li>enimm\u00e4iskuormitus 22 t<\/li>\r\n \t<li>painejalkojen molemminpuolinen k\u00e4ytt\u00f6 mahdollistaa olka-akselin helpon ja nopean s\u00e4\u00e4d\u00f6n<\/li>\r\n \t<li>voidaan k\u00e4ytt\u00e4\u00e4 kaikissa ruuvattavissa ja kompakteissa py\u00f6r\u00e4nlaakeriyksik\u00f6iss\u00e4 s\u00e4\u00e4dett\u00e4vyyden ansiosta<\/li>\r\n \t<li>k\u00e4ytet\u00e4\u00e4n hydraulisylinterin tai mekaanisen karan kanssa<\/li>\r\n \t<li>hyvin v\u00e4h\u00e4inen ty\u00f6m\u00e4\u00e4r\u00e4<\/li>\r\n \t<li>yksinkertainen ja helppo k\u00e4ytt\u00f6<\/li>\r\n \t<li>erikoisty\u00f6kaluter\u00e4st\u00e4<\/li>\r\n<\/ul>\r\nSuositeltu hydraulisylinteri: 16 t (440.0005) ja 22 t (440.0010)","_et_gb_content_width":""},"pwb-brand":[1454],"product_brand":[],"product_cat":[769],"product_tag":[],"class_list":{"0":"post-17919","1":"product","2":"type-product","3":"status-publish","4":"has-post-thumbnail","6":"pwb-brand-kstools","7":"product_cat-vaihteisto-ja-voimansiirto","9":"first","10":"instock","11":"taxable","12":"shipping-taxable","13":"purchasable","14":"product-type-simple"},"brands":[{"id":1454,"name":"Kstools","slug":"kstools"}],"_links":{"self":[{"href":"https:\/\/silikotek.sapartners.site\/index.php\/wp-json\/wp\/v2\/product\/17919","targetHints":{"allow":["GET"]}}],"collection":[{"href":"https:\/\/silikotek.sapartners.site\/index.php\/wp-json\/wp\/v2\/product"}],"about":[{"href":"https:\/\/silikotek.sapartners.site\/index.php\/wp-json\/wp\/v2\/types\/product"}],"wp:featuredmedia":[{"embeddable":true,"href":"https:\/\/silikotek.sapartners.site\/index.php\/wp-json\/wp\/v2\/media\/19697"}],"wp:attachment":[{"href":"https:\/\/silikotek.sapartners.site\/index.php\/wp-json\/wp\/v2\/media?parent=17919"}],"wp:term":[{"taxonomy":"pwb-brand","embeddable":true,"href":"https:\/\/silikotek.sapartners.site\/index.php\/wp-json\/wp\/v2\/pwb-brand?post=17919"},{"taxonomy":"product_brand","embeddable":true,"href":"https:\/\/silikotek.sapartners.site\/index.php\/wp-json\/wp\/v2\/product_brand?post=17919"},{"taxonomy":"product_cat","embeddable":true,"href":"https:\/\/silikotek.sapartners.site\/index.php\/wp-json\/wp\/v2\/product_cat?post=17919"},{"taxonomy":"product_tag","embeddable":true,"href":"https:\/\/silikotek.sapartners.site\/index.php\/wp-json\/wp\/v2\/product_tag?post=17919"}],"curies":[{"name":"wp","href":"https:\/\/api.w.org\/{rel}","templated":true}]}}