{"id":17834,"date":"2018-10-16T16:19:11","date_gmt":"2018-10-16T13:19:11","guid":{"rendered":"https:\/\/silikotek.fi\/?post_type=product&#038;p=17834"},"modified":"2024-09-30T09:53:06","modified_gmt":"2024-09-30T06:53:06","slug":"monster-paineilma-mutterinvaannin-3-4-515-3785-kstools","status":"publish","type":"product","link":"https:\/\/silikotek.sapartners.site\/index.php\/tuote\/monster-paineilma-mutterinvaannin-3-4-515-3785-kstools\/","title":{"rendered":"Kstools Monster paineilma mutterinv\u00e4\u00e4nnin 3\/4&#8243;,  515.3785"},"content":{"rendered":"<div class=\"product--description\">\n<ul>\n<li class=\"liste\">liukumaton, pehme\u00e4 kahva<\/li>\n<li class=\"liste\">ilmanpoisto alla olevan kahvan kautta<\/li>\n<li class=\"liste\">k\u00e4yt\u00e4nn\u00f6llisell\u00e4 suunnanvaihtovivulla (vasen\/oikea)<\/li>\n<li class=\"liste\">kevyt k\u00e4ytt\u00e4\u00e4<\/li>\n<li class=\"liste\">3-vaiheinen v\u00e4\u00e4nt\u00f6momentin esivalinta<\/li>\n<li class=\"liste\">suurtehoinen kaksoisvasara-iskumekanismi<\/li>\n<li class=\"liste\">pitk\u00e4 k\u00e4ytt\u00f6ik\u00e4<\/li>\n<li class=\"liste\">kylm\u00e4eristetty kahva<\/li>\n<li class=\"liste\">sis. 1\/4 tuuman pistokkeen<\/li>\n<li class=\"liste\">ultrakevyt alumiinikotelo<\/li>\n<\/ul>\n<p>Unboxing-video:<\/p>\n<p><iframe loading=\"lazy\" src=\"http:\/\/view.vzaar.com\/13513051\/video\" width=\"680\" height=\"510\" frameborder=\"0\"><\/iframe><\/p>\n<\/div>\n","protected":false},"excerpt":{"rendered":"<p>Monster on tehokas ja kevyt pistoolimallinen 3\/4&#8243; mutterinv\u00e4\u00e4nnin paineilmatoiminen. Ilmantarve ainoastaan 178 l\/min.<\/p>\n","protected":false},"featured_media":17837,"template":"","meta":{"_et_pb_use_builder":"off","_et_pb_old_content":"liukumaton, pehme\u00e4 kahva\r\nilmanpoisto alla olevan kahvan kautta\r\nk\u00e4yt\u00e4nn\u00f6llisell\u00e4 suunnanvaihtovivulla (vasen\/oikea)\r\nkevyt k\u00e4ytt\u00e4\u00e4\r\n3-vaiheinen v\u00e4\u00e4nt\u00f6momentin esivalinta\r\nsuurtehoinen kaksoisvasara-iskumekanismi\r\npitk\u00e4 k\u00e4ytt\u00f6ik\u00e4\r\nkylm\u00e4eristetty kahva\r\nsis. 1\/4 tuuman pistokkeen\r\nultrakevyt alumiinikotelo\r\nMateriaali1: Alumiini\r\nIlmankulutus, l\/min: 178\r\n\u00c4\u00e4nen painetaso (dbA): 88\r\nUnboxing link: Video\r\nLetkun v\u00e4himm\u00e4isl\u00e4pimitta: 1\/2\" - 12,7 mm\r\nEnimm\u00e4iskiristysmomentti oikealle 3: 3 = 931 Nm\r\nEnimm\u00e4iskiristysmomentti oikealle 2: 2 = 680 Nm\r\nEnimm\u00e4iskiristysmomentti oikealle: 1 = 510 Nm\r\nEnimm\u00e4isavausmomentti: 1690 Nm\r\nSuositeltu kiristysmomentti: 542 Nm\r\nT\u00e4rin\u00e4nnopeutus: < 13,56\r\nMittausep\u00e4varmuus, t\u00e4rin\u00e4nnopeutus: 1.83\r\nNelikantav\u00e4\u00e4nti\u00f6: 3\/4\"\r\nTyhj\u00e4k\u00e4yntikierrosluku, r\/min: 7930\r\nPakkaus: Muovilaukku, eritt\u00e4in tukeva\r\nK\u00e4ytt\u00f6tapa: Paineilmak\u00e4ytt\u00f6inen\r\nLeveys B: 175.0\r\nKiinnitys (mitta) tuumina: 3\/4\r\nPaino g: 2200\r\nPakkauksen sis\u00e4lt\u00f6: 1\r\nKokonaispituus L (mm): 200.0\r\nStandardi: DIN EN ISO 28927-2\r\nRuuvin enimm\u00e4iskokko: M 16\r\nKahva: Liukumaton pehmytkahva\r\nK\u00e4ytt\u00f6paine, bar: max. 6,3 bar\r\nLiitoskierre: 1\/4\"PT\r\n\u00c4\u00e4nen tehotaso (dbA): 104","_et_gb_content_width":""},"pwb-brand":[1454],"product_brand":[],"product_cat":[878],"product_tag":[],"class_list":{"0":"post-17834","1":"product","2":"type-product","3":"status-publish","4":"has-post-thumbnail","6":"pwb-brand-kstools","7":"product_cat-mutterinvaannin","9":"first","10":"instock","11":"taxable","12":"shipping-taxable","13":"purchasable","14":"product-type-simple"},"brands":[{"id":1454,"name":"Kstools","slug":"kstools"}],"_links":{"self":[{"href":"https:\/\/silikotek.sapartners.site\/index.php\/wp-json\/wp\/v2\/product\/17834","targetHints":{"allow":["GET"]}}],"collection":[{"href":"https:\/\/silikotek.sapartners.site\/index.php\/wp-json\/wp\/v2\/product"}],"about":[{"href":"https:\/\/silikotek.sapartners.site\/index.php\/wp-json\/wp\/v2\/types\/product"}],"wp:featuredmedia":[{"embeddable":true,"href":"https:\/\/silikotek.sapartners.site\/index.php\/wp-json\/wp\/v2\/media\/17837"}],"wp:attachment":[{"href":"https:\/\/silikotek.sapartners.site\/index.php\/wp-json\/wp\/v2\/media?parent=17834"}],"wp:term":[{"taxonomy":"pwb-brand","embeddable":true,"href":"https:\/\/silikotek.sapartners.site\/index.php\/wp-json\/wp\/v2\/pwb-brand?post=17834"},{"taxonomy":"product_brand","embeddable":true,"href":"https:\/\/silikotek.sapartners.site\/index.php\/wp-json\/wp\/v2\/product_brand?post=17834"},{"taxonomy":"product_cat","embeddable":true,"href":"https:\/\/silikotek.sapartners.site\/index.php\/wp-json\/wp\/v2\/product_cat?post=17834"},{"taxonomy":"product_tag","embeddable":true,"href":"https:\/\/silikotek.sapartners.site\/index.php\/wp-json\/wp\/v2\/product_tag?post=17834"}],"curies":[{"name":"wp","href":"https:\/\/api.w.org\/{rel}","templated":true}]}}