{"id":17826,"date":"2018-10-16T15:30:01","date_gmt":"2018-10-16T12:30:01","guid":{"rendered":"https:\/\/silikotek.fi\/?post_type=product&#038;p=17826"},"modified":"2023-01-04T23:26:13","modified_gmt":"2023-01-04T21:26:13","slug":"kiintolenkkisarja-ruostumatonta-terasta-964-0135-kstools","status":"publish","type":"product","link":"https:\/\/silikotek.sapartners.site\/index.php\/tuote\/kiintolenkkisarja-ruostumatonta-terasta-964-0135-kstools\/","title":{"rendered":"Kstools Taivutettu RST-lenkki- ja kiintoavainsarja ruostumatonta ter\u00e4st\u00e4 964.0135"},"content":{"rendered":"<p>standardien DIN 3113 A \/ ISO 3318 \/ ISO 7738 mukainen<br \/>\nleuan kulma 15\u00b0 taivutettu<br \/>\nlenkki 15\u00b0 taivutettu<br \/>\nsopii hyvin eritt\u00e4in alhaisessa l\u00e4mp\u00f6tilassa k\u00e4ytett\u00e4v\u00e4ksi<br \/>\nerinomainen kiteensis\u00e4isen korroosion ja hapetuksenkesto<br \/>\neritt\u00e4in pitk\u00e4 k\u00e4ytt\u00f6ik\u00e4<br \/>\nvoidaan k\u00e4sitell\u00e4 autoklaavissa (ty\u00f6kalujen kuumennus yli 100 \u00b0C:n l\u00e4mp\u00f6tilan desinfiointia varten)<br \/>\nruostumaton ja haponkest\u00e4v\u00e4<br \/>\nruostumatonta ter\u00e4st\u00e4<br \/>\nkoot: 8,10,11,12,13,14,15,17,19 mm<\/p>\n<p>Materiaali1: Ruostumaton ter\u00e4s<br \/>\nProfiili2: Metrikoot<br \/>\nPakkaus: Muovinen taitettava pidike<br \/>\nHaarukan asento: 15\u00b0 -haarukka-asento<br \/>\nAvainmalli: Lenkki 15\u00b0 taitettu<br \/>\nStandardi: DIN 3113 Form A, ISO 3318, ISO 7738<br \/>\nPakkauksen sis\u00e4lt\u00f6: 1<br \/>\nOsia sarjassa: 9<br \/>\nEnimm\u00e4isavainv\u00e4li: 19<br \/>\nV\u00e4himm\u00e4isavainv\u00e4li: 8<br \/>\nPaino g: 842<\/p>\n","protected":false},"excerpt":{"rendered":"<p>Ruostumaton kiintolenkki sopii kosteisiin ja korroosiolle alttiisin tiloihin. Ruostumaton ja haponkest\u00e4v\u00e4 joten hyv\u00e4 vaihtoehto vaatiivin kohteisiin. Sarjan kiintoavaimet saatavana my\u00f6s yksitt\u00e4in.<\/p>\n","protected":false},"featured_media":21227,"template":"","meta":{"_et_pb_use_builder":"","_et_pb_old_content":"","_et_gb_content_width":""},"pwb-brand":[1454],"product_brand":[],"product_cat":[500],"product_tag":[],"class_list":{"0":"post-17826","1":"product","2":"type-product","3":"status-publish","4":"has-post-thumbnail","6":"pwb-brand-kstools","7":"product_cat-kiintolenkkiavaimet","9":"first","10":"instock","11":"taxable","12":"shipping-taxable","13":"purchasable","14":"product-type-simple"},"brands":[{"id":1454,"name":"Kstools","slug":"kstools"}],"_links":{"self":[{"href":"https:\/\/silikotek.sapartners.site\/index.php\/wp-json\/wp\/v2\/product\/17826","targetHints":{"allow":["GET"]}}],"collection":[{"href":"https:\/\/silikotek.sapartners.site\/index.php\/wp-json\/wp\/v2\/product"}],"about":[{"href":"https:\/\/silikotek.sapartners.site\/index.php\/wp-json\/wp\/v2\/types\/product"}],"wp:featuredmedia":[{"embeddable":true,"href":"https:\/\/silikotek.sapartners.site\/index.php\/wp-json\/wp\/v2\/media\/21227"}],"wp:attachment":[{"href":"https:\/\/silikotek.sapartners.site\/index.php\/wp-json\/wp\/v2\/media?parent=17826"}],"wp:term":[{"taxonomy":"pwb-brand","embeddable":true,"href":"https:\/\/silikotek.sapartners.site\/index.php\/wp-json\/wp\/v2\/pwb-brand?post=17826"},{"taxonomy":"product_brand","embeddable":true,"href":"https:\/\/silikotek.sapartners.site\/index.php\/wp-json\/wp\/v2\/product_brand?post=17826"},{"taxonomy":"product_cat","embeddable":true,"href":"https:\/\/silikotek.sapartners.site\/index.php\/wp-json\/wp\/v2\/product_cat?post=17826"},{"taxonomy":"product_tag","embeddable":true,"href":"https:\/\/silikotek.sapartners.site\/index.php\/wp-json\/wp\/v2\/product_tag?post=17826"}],"curies":[{"name":"wp","href":"https:\/\/api.w.org\/{rel}","templated":true}]}}