{"id":17718,"date":"2018-10-08T15:53:13","date_gmt":"2018-10-08T12:53:13","guid":{"rendered":"https:\/\/silikotek.fi\/?post_type=product&#038;p=17718"},"modified":"2023-01-04T23:26:23","modified_gmt":"2023-01-04T21:26:23","slug":"kstools-917-0216-hylsysarja-216-os-1-4-3-8-1-2-kiintoavaimet","status":"publish","type":"product","link":"https:\/\/silikotek.sapartners.site\/index.php\/tuote\/kstools-917-0216-hylsysarja-216-os-1-4-3-8-1-2-kiintoavaimet\/","title":{"rendered":"Kstools Hylsysarja 216-os, 1\/4&#8243;, 3\/8&#8243;, 1\/2&#8243; + kiintoavaimet 917.0216"},"content":{"rendered":"<p>Sis\u00e4lt\u00e4\u00e4 mm. Kiintolenkkiavaimet: 8,9,10,11,12,13,14,15,16,17,18,19 mm<br \/>\n1\/2&#8243; hylsyt: 10,11,12,13,14,15,16,17,18,19,20,21,22,24,27,30,32 mm<br \/>\n3\/8&#8243; hylsyt: 10,11,12,13,14,15,16,17,18,19 mm<br \/>\n1\/4&#8243; hylsyt: 4,4.5,5,5.5,6,7,8,9,10,11,12,13,14 mm<br \/>\n1\/4&#8243; E-Torx hylsyt: E4,E5,E6,E8<br \/>\n3\/8&#8243; E-Torx hylsyt: E10,E11,E12,E14<br \/>\n1\/2&#8243; E-Torx hylsyt: E10,E11,E12,E14,E16,E18,E20,E24<br \/>\n1\/2&#8243; sytytystulppahylsy 16, 21 mm<br \/>\n3\/8&#8243; sytytystulppahylsy 18 mm<br \/>\n1\/4&#8243; pitk\u00e4t hylsyt: 6,7,8,9,10,11,12,13 mm<br \/>\n3\/8&#8243; pitk\u00e4t hylsyt: 10,11,12,13,14,15 mm<br \/>\n1\/2&#8243; pitk\u00e4thylsyt: 14,15,17,19,22 mm<br \/>\nJa paljon muuta kuten kuvasta n\u00e4kyy<\/p>\n","protected":false},"excerpt":{"rendered":"<p>Eritt\u00e4in monipuolinen hylsysarja, sis\u00e4lt\u00e4\u00e4 my\u00f6s kiintoavaimet.<\/p>\n","protected":false},"featured_media":18643,"template":"","meta":{"_et_pb_use_builder":"","_et_pb_old_content":"","_et_gb_content_width":""},"pwb-brand":[1454],"product_brand":[],"product_cat":[1619,1618],"product_tag":[1620,1621],"class_list":{"0":"post-17718","1":"product","2":"type-product","3":"status-publish","4":"has-post-thumbnail","6":"pwb-brand-kstools","7":"product_cat-1-43-81-2-hylsysarjat","8":"product_cat-tyokalusarjat","9":"product_tag-hylsysarjat","10":"product_tag-tyokalusarjat","12":"first","13":"instock","14":"taxable","15":"shipping-taxable","16":"purchasable","17":"product-type-simple"},"brands":[{"id":1454,"name":"Kstools","slug":"kstools"}],"_links":{"self":[{"href":"https:\/\/silikotek.sapartners.site\/index.php\/wp-json\/wp\/v2\/product\/17718","targetHints":{"allow":["GET"]}}],"collection":[{"href":"https:\/\/silikotek.sapartners.site\/index.php\/wp-json\/wp\/v2\/product"}],"about":[{"href":"https:\/\/silikotek.sapartners.site\/index.php\/wp-json\/wp\/v2\/types\/product"}],"wp:featuredmedia":[{"embeddable":true,"href":"https:\/\/silikotek.sapartners.site\/index.php\/wp-json\/wp\/v2\/media\/18643"}],"wp:attachment":[{"href":"https:\/\/silikotek.sapartners.site\/index.php\/wp-json\/wp\/v2\/media?parent=17718"}],"wp:term":[{"taxonomy":"pwb-brand","embeddable":true,"href":"https:\/\/silikotek.sapartners.site\/index.php\/wp-json\/wp\/v2\/pwb-brand?post=17718"},{"taxonomy":"product_brand","embeddable":true,"href":"https:\/\/silikotek.sapartners.site\/index.php\/wp-json\/wp\/v2\/product_brand?post=17718"},{"taxonomy":"product_cat","embeddable":true,"href":"https:\/\/silikotek.sapartners.site\/index.php\/wp-json\/wp\/v2\/product_cat?post=17718"},{"taxonomy":"product_tag","embeddable":true,"href":"https:\/\/silikotek.sapartners.site\/index.php\/wp-json\/wp\/v2\/product_tag?post=17718"}],"curies":[{"name":"wp","href":"https:\/\/api.w.org\/{rel}","templated":true}]}}