{"id":17706,"date":"2019-10-29T09:07:24","date_gmt":"2019-10-29T07:07:24","guid":{"rendered":"https:\/\/silikotek.fi\/?post_type=product&#038;p=17706"},"modified":"2022-09-01T12:57:56","modified_gmt":"2022-09-01T09:57:56","slug":"bgs-2181-hylsysarja-lapimeno-hylsyilla-52-os-hylsyt-45-25-mm","status":"publish","type":"product","link":"https:\/\/silikotek.sapartners.site\/index.php\/tuote\/bgs-2181-hylsysarja-lapimeno-hylsyilla-52-os-hylsyt-45-25-mm\/","title":{"rendered":"BGS Hylsysarja l\u00e4pimeno hylsyill\u00e4 52-os hylsyt 4,5-25 mm 2181"},"content":{"rendered":"<p>Sis\u00e4lt\u00e4\u00e4 1\/4&#8243; l\u00e4pimenor\u00e4ik\u00e4n 72-hampainen. 75 mm l\u00e4pimenojatko,<br \/>\nL\u00e4pimenohylsyt Gear Lock 1\/4&#8243;: 4.5 &#8211; 5 &#8211; 5.5 &#8211; 6 &#8211; 7 &#8211; 8 &#8211; 9 &#8211; 10 &#8211; 11 &#8211; 12 &#8211; 13 mm<br \/>\n1\/4&#8243; adapteri tavallisille hylsyille.<\/p>\n<p>Sis\u00e4lt\u00e4\u00e4 3\/8&#8243; l\u00e4pimenor\u00e4ik\u00e4n 72-hampainen. 75 mm l\u00e4pimenojatko,<br \/>\nL\u00e4pimenohylsyt Gear Lock 3\/8&#8243;: 8 &#8211; 10 &#8211; 11 &#8211; 12 &#8211; 13 &#8211; 14 &#8211; 15 &#8211; 16 &#8211; 17 &#8211; 18 &#8211; 19 mm<br \/>\n3\/8&#8243; adapteri tavallisille hylsyille.<\/p>\n<p>Sis\u00e4lt\u00e4\u00e4 1\/2&#8243; l\u00e4pimenor\u00e4ik\u00e4n 72-hampainen. 75 mm l\u00e4pimenojatko,<br \/>\nL\u00e4pimenohylsyt Gear Lock 1\/2&#8243;:l38mm pitk\u00e4t: 19 &#8211; 20 &#8211; 21 &#8211; 22 &#8211; 23 \/ 42 mm pitk\u00e4t: 24 &#8211; 25 mm<br \/>\n1\/2&#8243; adapteri tavallisille hylsyille.<\/p>\n<p>Bits hylsyt: 2 meisseli: 4 &#8211; 5 mm, 2 ristip\u00e4\u00e4: PH1 &#8211; PH2, 3 Torx: T10 &#8211; T15 &#8211; T20, 3 Kuusiokolo: 4 &#8211; 5 &#8211; 6 mm<\/p>\n<p>&nbsp;<\/p>\n","protected":false},"excerpt":{"rendered":"<p>L\u00e4pihylsy on k\u00e4tev\u00e4 kun pultin pit\u00e4\u00e4 menn\u00e4 hylsyn l\u00e4pi. Sopii mm. vaarnapulteille, kierretangoille, iskarin yl\u00e4p\u00e4\u00e4t jne.<br \/>\nInnovaatio joka helpottaa ty\u00f6skentely\u00e4 mit\u00e4 erilaisimmissa haastavissa ruuvauksissa.<\/p>\n","protected":false},"featured_media":22187,"template":"","meta":{"_et_pb_use_builder":"","_et_pb_old_content":"","_et_gb_content_width":""},"pwb-brand":[1451],"product_brand":[],"product_cat":[1619],"product_tag":[],"class_list":{"0":"post-17706","1":"product","2":"type-product","3":"status-publish","4":"has-post-thumbnail","6":"pwb-brand-bgs","7":"product_cat-1-43-81-2-hylsysarjat","9":"first","10":"instock","11":"taxable","12":"shipping-taxable","13":"purchasable","14":"product-type-simple"},"brands":[{"id":1451,"name":"BGS","slug":"bgs"}],"_links":{"self":[{"href":"https:\/\/silikotek.sapartners.site\/index.php\/wp-json\/wp\/v2\/product\/17706","targetHints":{"allow":["GET"]}}],"collection":[{"href":"https:\/\/silikotek.sapartners.site\/index.php\/wp-json\/wp\/v2\/product"}],"about":[{"href":"https:\/\/silikotek.sapartners.site\/index.php\/wp-json\/wp\/v2\/types\/product"}],"wp:featuredmedia":[{"embeddable":true,"href":"https:\/\/silikotek.sapartners.site\/index.php\/wp-json\/wp\/v2\/media\/22187"}],"wp:attachment":[{"href":"https:\/\/silikotek.sapartners.site\/index.php\/wp-json\/wp\/v2\/media?parent=17706"}],"wp:term":[{"taxonomy":"pwb-brand","embeddable":true,"href":"https:\/\/silikotek.sapartners.site\/index.php\/wp-json\/wp\/v2\/pwb-brand?post=17706"},{"taxonomy":"product_brand","embeddable":true,"href":"https:\/\/silikotek.sapartners.site\/index.php\/wp-json\/wp\/v2\/product_brand?post=17706"},{"taxonomy":"product_cat","embeddable":true,"href":"https:\/\/silikotek.sapartners.site\/index.php\/wp-json\/wp\/v2\/product_cat?post=17706"},{"taxonomy":"product_tag","embeddable":true,"href":"https:\/\/silikotek.sapartners.site\/index.php\/wp-json\/wp\/v2\/product_tag?post=17706"}],"curies":[{"name":"wp","href":"https:\/\/api.w.org\/{rel}","templated":true}]}}