{"id":17690,"date":"2018-10-03T13:47:13","date_gmt":"2018-10-03T10:47:13","guid":{"rendered":"https:\/\/silikotek.fi\/?post_type=product&#038;p=17690"},"modified":"2018-10-03T14:01:13","modified_gmt":"2018-10-03T11:01:13","slug":"tuulilasiliima-proglass-sk-1060k-310-ml-pur","status":"publish","type":"product","link":"https:\/\/silikotek.sapartners.site\/index.php\/tuote\/tuulilasiliima-proglass-sk-1060k-310-ml-pur\/","title":{"rendered":"Tuulilasiliima ProGlass SK-1060K, 310 ml PUR"},"content":{"rendered":"<p>ProGlass SK-1060K on yksikomponenttinen polyuretaani tuulilasiliima, jolla on lyhyt kuivumisaika, soveltuu ymp\u00e4rivuotiseen k\u00e4ytt\u00f6\u00f6n.<\/p>\n<p>Liima on eritt\u00e4in modulaarinen, helppok\u00e4ytt\u00f6inen ja sopii k\u00e4yt\u00e4nn\u00f6llisesti katsoen kaikkiin ajoneuvoihin. Auto voidaan ottaa k\u00e4ytt\u00f6\u00f6n vain 1 tunti liimauksen j\u00e4lkeen (T\u00dcV testattu). Laatikossa 12 kpl<\/p>\n","protected":false},"excerpt":{"rendered":"<p>ProGlass SK-1060K on yksikomponenttinen polyuretaani tuulilasiliima, jolla on lyhyt kuivumisaika, soveltuu ymp\u00e4rivuotiseen k\u00e4ytt\u00f6\u00f6n. Liima on eritt\u00e4in modulaarinen, helppok\u00e4ytt\u00f6inen ja sopii k\u00e4yt\u00e4nn\u00f6llisesti katsoen kaikkiin ajoneuvoihin. Auto voidaan ottaa k\u00e4ytt\u00f6\u00f6n vain 1 tunti liimauksen j\u00e4lkeen (T\u00dcV testattu). Laatikossa 12 kpl<\/p>\n","protected":false},"featured_media":17693,"template":"","meta":{"_et_pb_use_builder":"","_et_pb_old_content":"","_et_gb_content_width":""},"pwb-brand":[1503],"product_brand":[],"product_cat":[749],"product_tag":[],"class_list":{"0":"post-17690","1":"product","2":"type-product","3":"status-publish","4":"has-post-thumbnail","6":"pwb-brand-proglass","7":"product_cat-tuulilasi-tyokalut","9":"first","10":"instock","11":"taxable","12":"shipping-taxable","13":"purchasable","14":"product-type-simple"},"brands":[{"id":1503,"name":"ProGlass","slug":"proglass"}],"_links":{"self":[{"href":"https:\/\/silikotek.sapartners.site\/index.php\/wp-json\/wp\/v2\/product\/17690","targetHints":{"allow":["GET"]}}],"collection":[{"href":"https:\/\/silikotek.sapartners.site\/index.php\/wp-json\/wp\/v2\/product"}],"about":[{"href":"https:\/\/silikotek.sapartners.site\/index.php\/wp-json\/wp\/v2\/types\/product"}],"wp:featuredmedia":[{"embeddable":true,"href":"https:\/\/silikotek.sapartners.site\/index.php\/wp-json\/wp\/v2\/media\/17693"}],"wp:attachment":[{"href":"https:\/\/silikotek.sapartners.site\/index.php\/wp-json\/wp\/v2\/media?parent=17690"}],"wp:term":[{"taxonomy":"pwb-brand","embeddable":true,"href":"https:\/\/silikotek.sapartners.site\/index.php\/wp-json\/wp\/v2\/pwb-brand?post=17690"},{"taxonomy":"product_brand","embeddable":true,"href":"https:\/\/silikotek.sapartners.site\/index.php\/wp-json\/wp\/v2\/product_brand?post=17690"},{"taxonomy":"product_cat","embeddable":true,"href":"https:\/\/silikotek.sapartners.site\/index.php\/wp-json\/wp\/v2\/product_cat?post=17690"},{"taxonomy":"product_tag","embeddable":true,"href":"https:\/\/silikotek.sapartners.site\/index.php\/wp-json\/wp\/v2\/product_tag?post=17690"}],"curies":[{"name":"wp","href":"https:\/\/api.w.org\/{rel}","templated":true}]}}