{"id":17603,"date":"2018-09-26T14:41:09","date_gmt":"2018-09-26T11:41:09","guid":{"rendered":"https:\/\/silikotek.fi\/?post_type=product&#038;p=17603"},"modified":"2021-02-26T00:00:56","modified_gmt":"2021-02-25T22:00:56","slug":"bgs-92-osainen-hylsyavainsarja-kuusiokanta-63-mm-1-4-10-mm-3-8-2289","status":"publish","type":"product","link":"https:\/\/silikotek.sapartners.site\/index.php\/tuote\/bgs-92-osainen-hylsyavainsarja-kuusiokanta-63-mm-1-4-10-mm-3-8-2289\/","title":{"rendered":"BGS 92-osainen Hylsyavainsarja, kuusiokanta 6,3 mm (1\/4&#8243;) \/ 10 mm (3\/8&#8243;) 2289"},"content":{"rendered":"<p>Sis\u00e4lt\u00e4\u00e4<\/p>\n<ul>\n<li>2 hammastettua r\u00e4ikk\u00e4\u00e4 (72 hammasta)<br \/>\nulkonelikulmio 6.3 mm (1\/4&#8243;) + 10 mm (3\/8&#8243;)<\/li>\n<li>Hylsyt, kuusiokanta Pro Torque\u00ae,<br \/>\n6.3 mm (1\/4\u201c):<br \/>\n4 &#8211; 4,5 &#8211; 5 &#8211; 6 &#8211; 7 &#8211; 8 &#8211; 9 &#8211; 10 &#8211; 11 &#8211; 13 mm<\/li>\n<li>Hylsyt, kuusikanta Pro Torque\u00ae, syv\u00e4,<br \/>\n6.3 mm (1\/4&#8243;):<br \/>\n6 &#8211; 8 &#8211; 10 &#8211; 11 &#8211; 13 mm<\/li>\n<li>1 k\u00e4rkiadapteri 6.3 mm (1\/4&#8243;)<\/li>\n<li>1 K\u00e4\u00e4nt\u00f6kahva k\u00e4rjille 150 mm for 6.3 mm (1\/4\u201c)<\/li>\n<li>1 yleisnivel 6.3 mm (1\/4&#8243;)<\/li>\n<li>1 jatko-osa ulkoisella neli\u00f6ll\u00e4 6.3 mm (1\/4&#8243;)<\/li>\n<li>1 liukukahva adapterilla 6.3 mm (1\/4&#8243;)<\/li>\n<li>Hylsyt, kuusiokanta Pro Torque\u00ae,<br \/>\n10 mm (3\/8\u201c):<br \/>\n14 &#8211; 15 &#8211; 16 &#8211; 17 &#8211; 19 &#8211; 20 &#8211; 21 &#8211; 22 &#8211; 23 &#8211; 24 mm<\/li>\n<li>Hylsyt, kuusiokanta Pro Torque\u00ae, syv\u00e4,<br \/>\n10 mm (3\/8\u201c):<br \/>\n14 &#8211; 16 &#8211; 17 &#8211; 19 mm<\/li>\n<li>1 k\u00e4rkiadapteri 10 mm (3\/8&#8243;)<\/li>\n<li>1 yleisnivel 10 mm (3\/8&#8243;)<\/li>\n<li>1 jatko-osa 10 mm (3\/8&#8243;)<\/li>\n<li>3 Sytytystulppahylsyt 16 &#8211; 18 &#8211; 21 mm<\/li>\n<li>29 bitsit kromivanadiiniter\u00e4st\u00e4 (S2):\n<ul>\n<li>Slot SL: 2 &#8211; 2.5 &#8211; 3 &#8211; 4 &#8211; 5 &#8211; 6 &#8211; 7 mm<\/li>\n<li>Cross slot PH: PH0, PH1, PH2, PH3<\/li>\n<li>Cross slot PZ: PZ0, PZ1, PZ2, PZ3<\/li>\n<li>Internal hexagon: 1.5 &#8211; 2 &#8211; 2.5 &#8211; 3 &#8211; 4 &#8211; 5 &#8211; 7 mm<\/li>\n<li>T-Star (for Torx): T10 &#8211; T15 &#8211; T20 &#8211; T25 &#8211; T27 &#8211; T30 &#8211; T40<\/li>\n<\/ul>\n<\/li>\n<li>9 kpl kiintolenkkiavainta:<br \/>\n6 &#8211; 8 &#8211; 10 &#8211; 11 &#8211; 13 &#8211; 14 &#8211; 16 &#8211; 17 &#8211; 19 mm<\/li>\n<li>9 kpl kuusiokoloavaimet:<br \/>\n1.5 &#8211; 2 &#8211; 2.5 &#8211; 3 &#8211; 4 &#8211; 5 &#8211; 6 &#8211; 8 &#8211; 10 mm<\/li>\n<li>1 k\u00e4rkiadapteri 6.3 mm (1\/4&#8243;) l\u00e4ht\u00f6 10 mm (3\/8&#8243;)<\/li>\n<\/ul>\n","protected":false},"excerpt":{"rendered":"<p>Sis\u00e4lt\u00e4\u00e4 2 hammastettua r\u00e4ikk\u00e4\u00e4 (72 hammasta) ulkonelikulmio 6.3 mm (1\/4&#8243;) + 10 mm (3\/8&#8243;) Hylsyt, kuusiokanta Pro Torque\u00ae, 6.3 mm (1\/4\u201c): 4 &#8211; 4,5 &#8211; 5 &#8211; 6 &#8211; 7 &#8211; 8 &#8211; 9 &#8211; 10 &#8211; 11 &#8211; 13 mm Hylsyt, kuusikanta Pro Torque\u00ae, syv\u00e4, 6.3 mm (1\/4&#8243;): 6 &#8211; 8 &#8211; 10 &#8211; [&hellip;]<\/p>\n","protected":false},"featured_media":23279,"template":"","meta":{"_et_pb_use_builder":"","_et_pb_old_content":"","_et_gb_content_width":""},"pwb-brand":[1451],"product_brand":[],"product_cat":[771],"product_tag":[],"class_list":{"0":"post-17603","1":"product","2":"type-product","3":"status-publish","4":"has-post-thumbnail","6":"pwb-brand-bgs","7":"product_cat-hylsysarjat-ja-hylsyt","9":"first","10":"instock","11":"taxable","12":"shipping-taxable","13":"purchasable","14":"product-type-simple"},"brands":[{"id":1451,"name":"BGS","slug":"bgs"}],"_links":{"self":[{"href":"https:\/\/silikotek.sapartners.site\/index.php\/wp-json\/wp\/v2\/product\/17603","targetHints":{"allow":["GET"]}}],"collection":[{"href":"https:\/\/silikotek.sapartners.site\/index.php\/wp-json\/wp\/v2\/product"}],"about":[{"href":"https:\/\/silikotek.sapartners.site\/index.php\/wp-json\/wp\/v2\/types\/product"}],"wp:featuredmedia":[{"embeddable":true,"href":"https:\/\/silikotek.sapartners.site\/index.php\/wp-json\/wp\/v2\/media\/23279"}],"wp:attachment":[{"href":"https:\/\/silikotek.sapartners.site\/index.php\/wp-json\/wp\/v2\/media?parent=17603"}],"wp:term":[{"taxonomy":"pwb-brand","embeddable":true,"href":"https:\/\/silikotek.sapartners.site\/index.php\/wp-json\/wp\/v2\/pwb-brand?post=17603"},{"taxonomy":"product_brand","embeddable":true,"href":"https:\/\/silikotek.sapartners.site\/index.php\/wp-json\/wp\/v2\/product_brand?post=17603"},{"taxonomy":"product_cat","embeddable":true,"href":"https:\/\/silikotek.sapartners.site\/index.php\/wp-json\/wp\/v2\/product_cat?post=17603"},{"taxonomy":"product_tag","embeddable":true,"href":"https:\/\/silikotek.sapartners.site\/index.php\/wp-json\/wp\/v2\/product_tag?post=17603"}],"curies":[{"name":"wp","href":"https:\/\/api.w.org\/{rel}","templated":true}]}}