{"id":17120,"date":"2018-09-05T08:48:15","date_gmt":"2018-09-05T05:48:15","guid":{"rendered":"http:\/\/jistad.fi\/wc\/?post_type=product&#038;p=17120"},"modified":"2024-09-30T09:53:11","modified_gmt":"2024-09-30T06:53:11","slug":"kstools-racingline-tyokaluvaunu-826-7215-7-vetolaatikkoa-215-osainen-tyokalusarja","status":"publish","type":"product","link":"https:\/\/silikotek.sapartners.site\/index.php\/tuote\/kstools-racingline-tyokaluvaunu-826-7215-7-vetolaatikkoa-215-osainen-tyokalusarja\/","title":{"rendered":"Kstools RACINGline ty\u00f6kaluvaunu 7 vetolaatikkoa 215-osainen ty\u00f6kalusarja 826.7215"},"content":{"rendered":"<div class=\"container\">\n<div class=\"detail-middle--properties\">\n<div class=\"product--properties panel\">\n<table class=\"product--properties-table\">\n<tbody>\n<tr class=\"product--properties-item\">\n<td class=\"product--properties-label\">V\u00e4ri:<\/td>\n<td><span class=\"product--properties-value\">Mustanpunainen<\/span><\/td>\n<\/tr>\n<tr class=\"product--properties-item\">\n<td class=\"product--properties-label\">Pakkauksen sis\u00e4lt\u00f6:<\/td>\n<td><span class=\"product--properties-value\">1<\/span><\/td>\n<\/tr>\n<tr class=\"product--properties-item\">\n<td class=\"product--properties-label\">Kokonaiskantavuus kg:<\/td>\n<td><span class=\"product--properties-value\">350,0<\/span><\/td>\n<\/tr>\n<tr class=\"product--properties-item\">\n<td class=\"product--properties-label\">Paino g:<\/td>\n<td><span class=\"product--properties-value\">65035<\/span><\/td>\n<\/tr>\n<tr class=\"product--properties-item\">\n<td class=\"product--properties-label\">Osia sarjassa:<\/td>\n<td><span class=\"product--properties-value\">215<\/span><\/td>\n<\/tr>\n<tr class=\"product--properties-item\">\n<td class=\"product--properties-label\">Py\u00f6r\u00e4n l\u00e4pimitta (mm):<\/td>\n<td><span class=\"product--properties-value\">125.0<\/span><\/td>\n<\/tr>\n<tr class=\"product--properties-item\">\n<td class=\"product--properties-label\">Korkeus H:<\/td>\n<td><span class=\"product--properties-value\">945.0<\/span><\/td>\n<\/tr>\n<tr class=\"product--properties-item\">\n<td class=\"product--properties-label\">Leveys B:<\/td>\n<td><span class=\"product--properties-value\">678.0<\/span><\/td>\n<\/tr>\n<tr class=\"product--properties-item\">\n<td class=\"product--properties-label\">Kuormitettavuus lokeroa kohti:<\/td>\n<td><span class=\"product--properties-value\">30,0<\/span><\/td>\n<\/tr>\n<tr class=\"product--properties-item\">\n<td class=\"product--properties-label\">Mitta yhteens\u00e4:<\/td>\n<td><span class=\"product--properties-value\">L 678 x K 945 x S 459 mm<\/span><\/td>\n<\/tr>\n<tr class=\"product--properties-item\">\n<td class=\"product--properties-label\">Materiaali1:<\/td>\n<td><span class=\"product--properties-value\">Ter\u00e4slevy<\/span><\/td>\n<\/tr>\n<tr class=\"product--properties-item\">\n<td class=\"product--properties-label\">Vetolaatikon sis\u00e4mitta:<\/td>\n<td><span class=\"product--properties-value\">565 x 395 mm<\/span><\/td>\n<\/tr>\n<tr class=\"product--properties-item\">\n<td class=\"product--properties-label\">Vetolaatikoiden m\u00e4\u00e4r\u00e4 yhteens\u00e4:<\/td>\n<td><span class=\"product--properties-value\">7<\/span><\/td>\n<\/tr>\n<tr class=\"product--properties-item\">\n<td class=\"product--properties-label\">Vetolaatikoiden m\u00e4\u00e4r\u00e4, 75mm:<\/td>\n<td><span class=\"product--properties-value\">5<\/span><\/td>\n<\/tr>\n<tr class=\"product--properties-item\">\n<td class=\"product--properties-label\">Vetolaatikoiden m\u00e4\u00e4r\u00e4, 150mm:<\/td>\n<td><span class=\"product--properties-value\">2<\/span><\/td>\n<\/tr>\n<tr class=\"product--properties-item\">\n<td class=\"product--properties-label\">Sis\u00e4osien koot:<\/td>\n<td><span class=\"product--properties-value\">Sis\u00e4ke, koko vetolaatikko<\/span><\/td>\n<\/tr>\n<tr class=\"product--properties-item\">\n<td class=\"product--properties-label\">Rengastustyyppi:<\/td>\n<td><span class=\"product--properties-value\">Muovi<\/span><\/td>\n<\/tr>\n<tr class=\"product--properties-item\">\n<td class=\"product--properties-label\">Rullapy\u00f6rien m\u00e4\u00e4r\u00e4:<\/td>\n<td><span class=\"product--properties-value\">2<\/span><\/td>\n<\/tr>\n<tr class=\"product--properties-item\">\n<td class=\"product--properties-label\">Py\u00f6r\u00e4n pys\u00e4ytin:<\/td>\n<td><span class=\"product--properties-value\">Kyll\u00e4<\/span><\/td>\n<\/tr>\n<tr class=\"product--properties-item\">\n<td class=\"product--properties-label\">Toimintoattribuutti 1:<\/td>\n<td><span class=\"product--properties-value\">Suljettava<\/span><\/td>\n<\/tr>\n<\/tbody>\n<\/table>\n<\/div>\n<\/div>\n<\/div>\n<div><\/div>\n<div class=\"toggle-hint\">L\u00e4hetet\u00e4\u00e4n rahtina<\/div>\n","protected":false},"excerpt":{"rendered":"<p>Erinomainen ty\u00f6kalujen lajitelma yleisk\u00e4ytt\u00f6\u00f6n. Lokeroiden ansiosta ty\u00f6kalut pysyv\u00e4t hyvin paikoillaan. S\u00e4hk\u00f6staattisesti jauhepinnoitetussa ty\u00f6kaluvaunussa on eritt\u00e4in vakaa ter\u00e4srakenne, ter\u00e4slevyn paksuus 0,9 mm \u2013 v\u00e4\u00e4nt\u00f6varma. ABS-ty\u00f6taso, kotelot pienosille. Polyuretaaninen kulma-reunasuoja<br \/>\nSivuseiniss\u00e4 rei\u00e4t ty\u00f6kalujen ripustamista varten ja toisella puolella koko sivustan pituinen metallikahva.<br \/>\nKuulalaakeroidut vetolaatikot, liukuvat helposti auki, vetolaatikoissa 90% ulosveto. Lukko est\u00e4\u00e4 aukeamisen vahingossa, kaikkien vetolaatikoiden lukitus sylinterilukolla.<br \/>\n\u00d8 125 mm renkaista kaksi k\u00e4\u00e4ntyv\u00e4\u00e4 jarrullista rengasta.<\/p>\n<p>Rahtituote<\/p>\n","protected":false},"featured_media":18065,"template":"","meta":{"_et_pb_use_builder":"","_et_pb_old_content":"","_et_gb_content_width":""},"pwb-brand":[1454],"product_brand":[],"product_cat":[313],"product_tag":[],"class_list":{"0":"post-17120","1":"product","2":"type-product","3":"status-publish","4":"has-post-thumbnail","6":"pwb-brand-kstools","7":"product_cat-tyokaluvaunut","8":"product_shipping_class-rahtitoimitus","10":"first","11":"instock","12":"taxable","13":"shipping-taxable","14":"purchasable","15":"product-type-simple"},"brands":[{"id":1454,"name":"Kstools","slug":"kstools"}],"_links":{"self":[{"href":"https:\/\/silikotek.sapartners.site\/index.php\/wp-json\/wp\/v2\/product\/17120","targetHints":{"allow":["GET"]}}],"collection":[{"href":"https:\/\/silikotek.sapartners.site\/index.php\/wp-json\/wp\/v2\/product"}],"about":[{"href":"https:\/\/silikotek.sapartners.site\/index.php\/wp-json\/wp\/v2\/types\/product"}],"wp:featuredmedia":[{"embeddable":true,"href":"https:\/\/silikotek.sapartners.site\/index.php\/wp-json\/wp\/v2\/media\/18065"}],"wp:attachment":[{"href":"https:\/\/silikotek.sapartners.site\/index.php\/wp-json\/wp\/v2\/media?parent=17120"}],"wp:term":[{"taxonomy":"pwb-brand","embeddable":true,"href":"https:\/\/silikotek.sapartners.site\/index.php\/wp-json\/wp\/v2\/pwb-brand?post=17120"},{"taxonomy":"product_brand","embeddable":true,"href":"https:\/\/silikotek.sapartners.site\/index.php\/wp-json\/wp\/v2\/product_brand?post=17120"},{"taxonomy":"product_cat","embeddable":true,"href":"https:\/\/silikotek.sapartners.site\/index.php\/wp-json\/wp\/v2\/product_cat?post=17120"},{"taxonomy":"product_tag","embeddable":true,"href":"https:\/\/silikotek.sapartners.site\/index.php\/wp-json\/wp\/v2\/product_tag?post=17120"}],"curies":[{"name":"wp","href":"https:\/\/api.w.org\/{rel}","templated":true}]}}