{"id":16825,"date":"2018-07-17T14:00:33","date_gmt":"2018-07-17T11:00:33","guid":{"rendered":"http:\/\/jistad.fi\/wc\/?post_type=product&#038;p=16825"},"modified":"2023-01-04T23:26:12","modified_gmt":"2023-01-04T21:26:12","slug":"kstools-yleismallinen-smartbag-tyokalupakki-xl-850-0325","status":"publish","type":"product","link":"https:\/\/silikotek.sapartners.site\/index.php\/tuote\/kstools-yleismallinen-smartbag-tyokalupakki-xl-850-0325\/","title":{"rendered":"KSTools Yleismallinen SMARTBAG-ty\u00f6kalupakki, XL  850.0325"},"content":{"rendered":"<div class=\"product--description\">\n<ul>\n<li class=\"liste\">k\u00e4yt\u00e4nn\u00f6lliset taskut<\/li>\n<li class=\"liste\">sopii ty\u00f6kaluille ja tarvikkeille<\/li>\n<li class=\"liste\">pehmustettu kahva<\/li>\n<li class=\"liste\">vahvistettu olkahihna<\/li>\n<li class=\"liste\">suljetaan joustavalla hupulla ja tarralla<\/li>\n<li class=\"liste\">runsaasti taskuja<\/li>\n<li class=\"liste\">s\u00e4ilytt\u00e4\u00e4 muotonsa muovialustan ansiosta<\/li>\n<li class=\"liste\">kest\u00e4v\u00e4\u00e4 polyesteri\u00e4<\/li>\n<\/ul>\n<table class=\"product--properties-table\">\n<tbody>\n<tr class=\"product--properties-item\">\n<td class=\"product--properties-label\">V\u00e4ri:<\/td>\n<td><span class=\"product--properties-value\">Mustanpunainen<\/span><\/td>\n<\/tr>\n<tr class=\"product--properties-item\">\n<td class=\"product--properties-label\">Rullattava:<\/td>\n<td><span class=\"product--properties-value\">Ei<\/span><\/td>\n<\/tr>\n<tr class=\"product--properties-item\">\n<td class=\"product--properties-label\">Materiaali1:<\/td>\n<td><span class=\"product--properties-value\">Polyesteri<\/span><\/td>\n<\/tr>\n<tr class=\"product--properties-item\">\n<td class=\"product--properties-label\">Lis\u00e4varusteet:<\/td>\n<td><span class=\"product--properties-value\">Pidinvy\u00f6<\/span><\/td>\n<\/tr>\n<tr class=\"product--properties-item\">\n<td class=\"product--properties-label\">Pakkauksen sis\u00e4lt\u00f6:<\/td>\n<td><span class=\"product--properties-value\">1<\/span><\/td>\n<\/tr>\n<tr class=\"product--properties-item\">\n<td class=\"product--properties-label\">Paino g:<\/td>\n<td><span class=\"product--properties-value\">2400<\/span><\/td>\n<\/tr>\n<tr class=\"product--properties-item\">\n<td class=\"product--properties-label\">Leveys B:<\/td>\n<td><span class=\"product--properties-value\">250<\/span><\/td>\n<\/tr>\n<tr class=\"product--properties-item\">\n<td class=\"product--properties-label\">Kokonaispituus L (mm):<\/td>\n<td><span class=\"product--properties-value\">520<\/span><\/td>\n<\/tr>\n<tr class=\"product--properties-item\">\n<td class=\"product--properties-label\">Korkeus H:<\/td>\n<td><span class=\"product--properties-value\">340<\/span><\/td>\n<\/tr>\n<tr class=\"product--properties-item\">\n<td class=\"product--properties-label\">Enimm\u00e4iskuormitus, kg:<\/td>\n<td><span class=\"product--properties-value\">30.0<\/span><\/td>\n<\/tr>\n<tr class=\"product--properties-item\">\n<td class=\"product--properties-label\">M\u00e4\u00e4r\u00e4 litroina:<\/td>\n<td><span class=\"product--properties-value\">25,0<\/span><\/td>\n<\/tr>\n<\/tbody>\n<\/table>\n<\/div>\n","protected":false},"excerpt":{"rendered":"<p>Reilunkokoinen pehme\u00e4 ty\u00f6kalupakki miss\u00e4 pysyy ty\u00f6kalut hyv\u00e4ss\u00e4 j\u00e4rjestyksess\u00e4<\/p>\n","protected":false},"featured_media":16826,"template":"","meta":{"_et_pb_use_builder":"","_et_pb_old_content":"","_et_gb_content_width":""},"pwb-brand":[1454],"product_brand":[],"product_cat":[836],"product_tag":[1464,1463],"class_list":{"0":"post-16825","1":"product","2":"type-product","3":"status-publish","4":"has-post-thumbnail","6":"pwb-brand-kstools","7":"product_cat-tyokalulaukut","8":"product_tag-smartbag","9":"product_tag-tyokalupakki","11":"first","12":"instock","13":"taxable","14":"shipping-taxable","15":"purchasable","16":"product-type-simple"},"brands":[{"id":1454,"name":"Kstools","slug":"kstools"}],"_links":{"self":[{"href":"https:\/\/silikotek.sapartners.site\/index.php\/wp-json\/wp\/v2\/product\/16825","targetHints":{"allow":["GET"]}}],"collection":[{"href":"https:\/\/silikotek.sapartners.site\/index.php\/wp-json\/wp\/v2\/product"}],"about":[{"href":"https:\/\/silikotek.sapartners.site\/index.php\/wp-json\/wp\/v2\/types\/product"}],"wp:featuredmedia":[{"embeddable":true,"href":"https:\/\/silikotek.sapartners.site\/index.php\/wp-json\/wp\/v2\/media\/16826"}],"wp:attachment":[{"href":"https:\/\/silikotek.sapartners.site\/index.php\/wp-json\/wp\/v2\/media?parent=16825"}],"wp:term":[{"taxonomy":"pwb-brand","embeddable":true,"href":"https:\/\/silikotek.sapartners.site\/index.php\/wp-json\/wp\/v2\/pwb-brand?post=16825"},{"taxonomy":"product_brand","embeddable":true,"href":"https:\/\/silikotek.sapartners.site\/index.php\/wp-json\/wp\/v2\/product_brand?post=16825"},{"taxonomy":"product_cat","embeddable":true,"href":"https:\/\/silikotek.sapartners.site\/index.php\/wp-json\/wp\/v2\/product_cat?post=16825"},{"taxonomy":"product_tag","embeddable":true,"href":"https:\/\/silikotek.sapartners.site\/index.php\/wp-json\/wp\/v2\/product_tag?post=16825"}],"curies":[{"name":"wp","href":"https:\/\/api.w.org\/{rel}","templated":true}]}}