{"id":16821,"date":"2018-07-17T11:06:47","date_gmt":"2018-07-17T08:06:47","guid":{"rendered":"http:\/\/jistad.fi\/wc\/?post_type=product&#038;p=16821"},"modified":"2024-09-30T09:53:12","modified_gmt":"2024-09-30T06:53:12","slug":"kstools-yleismallinen-smartbag-tyokalupakki-850-0300","status":"publish","type":"product","link":"https:\/\/silikotek.sapartners.site\/index.php\/tuote\/kstools-yleismallinen-smartbag-tyokalupakki-850-0300\/","title":{"rendered":"KSTools Yleismallinen SMARTBAG-ty\u00f6kalusalkku 850.0300"},"content":{"rendered":"<p>[et_pb_section fb_built=&#8221;1&#8243; _builder_version=&#8221;4.16&#8243; custom_padding=&#8221;0px||||false|false&#8221; global_colors_info=&#8221;{}&#8221;][et_pb_row _builder_version=&#8221;4.16&#8243; background_size=&#8221;initial&#8221; background_position=&#8221;top_left&#8221; background_repeat=&#8221;repeat&#8221; width=&#8221;100%&#8221; custom_padding=&#8221;0px||0px||false|false&#8221; global_colors_info=&#8221;{}&#8221;][et_pb_column type=&#8221;4_4&#8243; _builder_version=&#8221;4.16&#8243; custom_padding=&#8221;|||&#8221; global_colors_info=&#8221;{}&#8221; custom_padding__hover=&#8221;|||&#8221;][et_pb_wc_breadcrumb _builder_version=&#8221;4.16&#8243; global_colors_info=&#8221;{}&#8221;][\/et_pb_wc_breadcrumb][et_pb_wc_cart_notice _builder_version=&#8221;4.16&#8243; global_colors_info=&#8221;{}&#8221;][\/et_pb_wc_cart_notice][\/et_pb_column][\/et_pb_row][et_pb_row column_structure=&#8221;1_2,1_2&#8243; _builder_version=&#8221;4.16&#8243; background_size=&#8221;initial&#8221; background_position=&#8221;top_left&#8221; background_repeat=&#8221;repeat&#8221; width=&#8221;100%&#8221; custom_padding=&#8221;0px||||false|false&#8221; global_colors_info=&#8221;{}&#8221;][et_pb_column type=&#8221;1_2&#8243; _builder_version=&#8221;4.16&#8243; custom_padding=&#8221;|||&#8221; global_colors_info=&#8221;{}&#8221; custom_padding__hover=&#8221;|||&#8221;][et_pb_wc_images _builder_version=&#8221;4.16&#8243; global_colors_info=&#8221;{}&#8221;][\/et_pb_wc_images][\/et_pb_column][et_pb_column type=&#8221;1_2&#8243; _builder_version=&#8221;4.16&#8243; custom_padding=&#8221;|||&#8221; global_colors_info=&#8221;{}&#8221; custom_padding__hover=&#8221;|||&#8221;][et_pb_wc_title _builder_version=&#8221;4.16&#8243; global_colors_info=&#8221;{}&#8221;][\/et_pb_wc_title][et_pb_wc_rating _builder_version=&#8221;4.16&#8243; global_colors_info=&#8221;{}&#8221;][\/et_pb_wc_rating][et_pb_wc_price _builder_version=&#8221;4.16&#8243; global_colors_info=&#8221;{}&#8221;][\/et_pb_wc_price][et_pb_wc_description _builder_version=&#8221;4.16&#8243; global_colors_info=&#8221;{}&#8221;][\/et_pb_wc_description][et_pb_wc_add_to_cart _builder_version=&#8221;4.16&#8243; global_colors_info=&#8221;{}&#8221;][\/et_pb_wc_add_to_cart][et_pb_wc_meta _builder_version=&#8221;4.16&#8243; global_colors_info=&#8221;{}&#8221;][\/et_pb_wc_meta][\/et_pb_column][\/et_pb_row][et_pb_row _builder_version=&#8221;4.16&#8243; background_size=&#8221;initial&#8221; background_position=&#8221;top_left&#8221; background_repeat=&#8221;repeat&#8221; width=&#8221;100%&#8221; global_colors_info=&#8221;{}&#8221;][et_pb_column type=&#8221;4_4&#8243; _builder_version=&#8221;4.16&#8243; custom_padding=&#8221;|||&#8221; global_colors_info=&#8221;{}&#8221; custom_padding__hover=&#8221;|||&#8221;][et_pb_wc_tabs _builder_version=&#8221;4.16&#8243; global_colors_info=&#8221;{}&#8221;]\t\t\t\t\t[\/et_pb_wc_tabs][et_pb_wc_upsells _builder_version=&#8221;4.16&#8243; global_colors_info=&#8221;{}&#8221;][\/et_pb_wc_upsells][et_pb_wc_related_products _builder_version=&#8221;4.16&#8243; global_colors_info=&#8221;{}&#8221;][\/et_pb_wc_related_products][\/et_pb_column][\/et_pb_row][\/et_pb_section][et_pb_section fb_built=&#8221;1&#8243; _builder_version=&#8221;4.16&#8243; global_colors_info=&#8221;{}&#8221;][et_pb_row _builder_version=&#8221;4.16&#8243; background_size=&#8221;initial&#8221; background_position=&#8221;top_left&#8221; background_repeat=&#8221;repeat&#8221; global_colors_info=&#8221;{}&#8221;][et_pb_column type=&#8221;4_4&#8243; _builder_version=&#8221;4.16&#8243; custom_padding=&#8221;|||&#8221; global_colors_info=&#8221;{}&#8221; custom_padding__hover=&#8221;|||&#8221;][et_pb_video src=&#8221;http:\/\/video.vzaar.com\/vzaar\/trH\/iro\/target\/trHiroDuzmrM_640_360_730.mp4?response-content-disposition=inline&#038;AWSAccessKeyId=AKIAJ74MFWNVAFH6P7FQ&#038;Expires=1538031087&#038;Signature=VA6%2BEHbN99i9fH5XkL4vw1Nm1Jk%3D&#8221; _builder_version=&#8221;4.16&#8243; global_colors_info=&#8221;{}&#8221;][\/et_pb_video][et_pb_text _builder_version=&#8221;4.16&#8243; background_size=&#8221;initial&#8221; background_position=&#8221;top_left&#8221; background_repeat=&#8221;repeat&#8221; global_colors_info=&#8221;{}&#8221;]<\/p>\n<div class=\"product--description\">\n<ul>\n<li class=\"liste\">k\u00e4yt\u00e4nn\u00f6lliset sis\u00e4- ja ulkotaskut<\/li>\n<li class=\"liste\">sopii ty\u00f6kaluille ja tarvikkeille<\/li>\n<li class=\"liste\">pehmustettu kahva<\/li>\n<li class=\"liste\">vahvistettu olkahihna<\/li>\n<li class=\"liste\">suljetaan joustavalla hupulla ja tarralla<\/li>\n<li class=\"liste\">sis. kaksi pienosakoteloa<\/li>\n<li class=\"liste\">runsaasti taskuja<\/li>\n<li class=\"liste\">s\u00e4ilytt\u00e4\u00e4 muotonsa muovialustan ansiosta<\/li>\n<li class=\"liste\">kest\u00e4v\u00e4\u00e4 polyesteri\u00e4<\/li>\n<\/ul>\n<table class=\"product--properties-table\">\n<tbody>\n<tr class=\"product--properties-item\">\n<td class=\"product--properties-label\">V\u00e4ri:<\/td>\n<td><span class=\"product--properties-value\">Mustanpunainen<\/span><\/td>\n<\/tr>\n<tr class=\"product--properties-item\">\n<td class=\"product--properties-label\">Rullattava:<\/td>\n<td><span class=\"product--properties-value\">Ei<\/span><\/td>\n<\/tr>\n<tr class=\"product--properties-item\">\n<td class=\"product--properties-label\">Materiaali1:<\/td>\n<td><span class=\"product--properties-value\">Polyesteri<\/span><\/td>\n<\/tr>\n<tr class=\"product--properties-item\">\n<td class=\"product--properties-label\">Lis\u00e4varusteet:<\/td>\n<td><span class=\"product--properties-value\">Pidinvy\u00f6<\/span><\/td>\n<\/tr>\n<tr class=\"product--properties-item\">\n<td class=\"product--properties-label\">Pakkauksen sis\u00e4lt\u00f6:<\/td>\n<td><span class=\"product--properties-value\">1<\/span><\/td>\n<\/tr>\n<tr class=\"product--properties-item\">\n<td class=\"product--properties-label\">Paino g:<\/td>\n<td><span class=\"product--properties-value\">2250<\/span><\/td>\n<\/tr>\n<tr class=\"product--properties-item\">\n<td class=\"product--properties-label\">Kokonaispituus L (mm):<\/td>\n<td><span class=\"product--properties-value\">420.0<\/span><\/td>\n<\/tr>\n<tr class=\"product--properties-item\">\n<td class=\"product--properties-label\">Leveys B:<\/td>\n<td><span class=\"product--properties-value\">230.0<\/span><\/td>\n<\/tr>\n<tr class=\"product--properties-item\">\n<td class=\"product--properties-label\">Korkeus H:<\/td>\n<td><span class=\"product--properties-value\">260.0<\/span><\/td>\n<\/tr>\n<tr class=\"product--properties-item\">\n<td class=\"product--properties-label\">Enimm\u00e4iskuormitus, kg:<\/td>\n<td><span class=\"product--properties-value\">25.0<\/span><\/td>\n<\/tr>\n<tr class=\"product--properties-item\">\n<td class=\"product--properties-label\">M\u00e4\u00e4r\u00e4 litroina:<\/td>\n<td><span class=\"product--properties-value\">19,0<\/span><\/td>\n<\/tr>\n<\/tbody>\n<\/table>\n<\/div>\n<p>[\/et_pb_text][\/et_pb_column][\/et_pb_row][\/et_pb_section]<\/p>\n","protected":false},"excerpt":{"rendered":"<p>N\u00e4pp\u00e4r\u00e4, pehme\u00e4 ty\u00f6kalupakki miss\u00e4 pysyy ty\u00f6kalut hyv\u00e4ss\u00e4 j\u00e4rjestyksess\u00e4.<\/p>\n","protected":false},"featured_media":28116,"template":"","meta":{"_et_pb_use_builder":"on","_et_pb_old_content":"<div class=\"product--description\">\r\n<ul>\r\n \t<li class=\"liste\">k\u00e4yt\u00e4nn\u00f6lliset sis\u00e4- ja ulkotaskut<\/li>\r\n \t<li class=\"liste\">sopii ty\u00f6kaluille ja tarvikkeille<\/li>\r\n \t<li class=\"liste\">pehmustettu kahva<\/li>\r\n \t<li class=\"liste\">vahvistettu olkahihna<\/li>\r\n \t<li class=\"liste\">suljetaan joustavalla hupulla ja tarralla<\/li>\r\n \t<li class=\"liste\">sis. kaksi pienosakoteloa<\/li>\r\n \t<li class=\"liste\">runsaasti taskuja<\/li>\r\n \t<li class=\"liste\">s\u00e4ilytt\u00e4\u00e4 muotonsa muovialustan ansiosta<\/li>\r\n \t<li class=\"liste\">kest\u00e4v\u00e4\u00e4 polyesteri\u00e4<\/li>\r\n<\/ul>\r\n<table class=\"product--properties-table\">\r\n<tbody>\r\n<tr class=\"product--properties-item\">\r\n<td class=\"product--properties-label\">V\u00e4ri:<\/td>\r\n<td><span class=\"product--properties-value\">Mustanpunainen<\/span><\/td>\r\n<\/tr>\r\n<tr class=\"product--properties-item\">\r\n<td class=\"product--properties-label\">Rullattava:<\/td>\r\n<td><span class=\"product--properties-value\">Ei<\/span><\/td>\r\n<\/tr>\r\n<tr class=\"product--properties-item\">\r\n<td class=\"product--properties-label\">Materiaali1:<\/td>\r\n<td><span class=\"product--properties-value\">Polyesteri<\/span><\/td>\r\n<\/tr>\r\n<tr class=\"product--properties-item\">\r\n<td class=\"product--properties-label\">Lis\u00e4varusteet:<\/td>\r\n<td><span class=\"product--properties-value\">Pidinvy\u00f6<\/span><\/td>\r\n<\/tr>\r\n<tr class=\"product--properties-item\">\r\n<td class=\"product--properties-label\">Pakkauksen sis\u00e4lt\u00f6:<\/td>\r\n<td><span class=\"product--properties-value\">1<\/span><\/td>\r\n<\/tr>\r\n<tr class=\"product--properties-item\">\r\n<td class=\"product--properties-label\">Paino g:<\/td>\r\n<td><span class=\"product--properties-value\">2250<\/span><\/td>\r\n<\/tr>\r\n<tr class=\"product--properties-item\">\r\n<td class=\"product--properties-label\">Kokonaispituus L (mm):<\/td>\r\n<td><span class=\"product--properties-value\">420.0<\/span><\/td>\r\n<\/tr>\r\n<tr class=\"product--properties-item\">\r\n<td class=\"product--properties-label\">Leveys B:<\/td>\r\n<td><span class=\"product--properties-value\">230.0<\/span><\/td>\r\n<\/tr>\r\n<tr class=\"product--properties-item\">\r\n<td class=\"product--properties-label\">Korkeus H:<\/td>\r\n<td><span class=\"product--properties-value\">260.0<\/span><\/td>\r\n<\/tr>\r\n<tr class=\"product--properties-item\">\r\n<td class=\"product--properties-label\">Enimm\u00e4iskuormitus, kg:<\/td>\r\n<td><span class=\"product--properties-value\">25.0<\/span><\/td>\r\n<\/tr>\r\n<tr class=\"product--properties-item\">\r\n<td class=\"product--properties-label\">M\u00e4\u00e4r\u00e4 litroina:<\/td>\r\n<td><span class=\"product--properties-value\">19,0<\/span><\/td>\r\n<\/tr>\r\n<\/tbody>\r\n<\/table>\r\n<\/div>","_et_gb_content_width":""},"pwb-brand":[1454],"product_brand":[],"product_cat":[836],"product_tag":[1464,1463],"class_list":{"0":"post-16821","1":"product","2":"type-product","3":"status-publish","4":"has-post-thumbnail","6":"pwb-brand-kstools","7":"product_cat-tyokalulaukut","8":"product_tag-smartbag","9":"product_tag-tyokalupakki","11":"first","12":"instock","13":"taxable","14":"shipping-taxable","15":"purchasable","16":"product-type-simple"},"brands":[{"id":1454,"name":"Kstools","slug":"kstools"}],"_links":{"self":[{"href":"https:\/\/silikotek.sapartners.site\/index.php\/wp-json\/wp\/v2\/product\/16821","targetHints":{"allow":["GET"]}}],"collection":[{"href":"https:\/\/silikotek.sapartners.site\/index.php\/wp-json\/wp\/v2\/product"}],"about":[{"href":"https:\/\/silikotek.sapartners.site\/index.php\/wp-json\/wp\/v2\/types\/product"}],"wp:featuredmedia":[{"embeddable":true,"href":"https:\/\/silikotek.sapartners.site\/index.php\/wp-json\/wp\/v2\/media\/28116"}],"wp:attachment":[{"href":"https:\/\/silikotek.sapartners.site\/index.php\/wp-json\/wp\/v2\/media?parent=16821"}],"wp:term":[{"taxonomy":"pwb-brand","embeddable":true,"href":"https:\/\/silikotek.sapartners.site\/index.php\/wp-json\/wp\/v2\/pwb-brand?post=16821"},{"taxonomy":"product_brand","embeddable":true,"href":"https:\/\/silikotek.sapartners.site\/index.php\/wp-json\/wp\/v2\/product_brand?post=16821"},{"taxonomy":"product_cat","embeddable":true,"href":"https:\/\/silikotek.sapartners.site\/index.php\/wp-json\/wp\/v2\/product_cat?post=16821"},{"taxonomy":"product_tag","embeddable":true,"href":"https:\/\/silikotek.sapartners.site\/index.php\/wp-json\/wp\/v2\/product_tag?post=16821"}],"curies":[{"name":"wp","href":"https:\/\/api.w.org\/{rel}","templated":true}]}}