{"id":1671,"date":"2014-03-31T10:48:09","date_gmt":"2014-03-31T10:48:09","guid":{"rendered":"http:\/\/192.168.100.222\/target_carts\/wordpress\/wordpress495\/wordpress\/?product=kiristekalvo-450-mm"},"modified":"2018-11-21T15:56:37","modified_gmt":"2018-11-21T13:56:37","slug":"kiristekalvo-450-mm","status":"publish","type":"product","link":"https:\/\/silikotek.sapartners.site\/index.php\/tuote\/kiristekalvo-450-mm\/","title":{"rendered":"Kiristekalvo 450 mm 15 my"},"content":{"rendered":"<p>K\u00e4sink\u00e4\u00e4rintakalvolla pakkaat, suojaat ja kiinnit\u00e4t kaikki lavatavarat varmasti, nopeasti ja taloudellisesti. K\u00e4sink\u00e4\u00e4rint\u00e4 ei vaadi suuria investiointeja eik\u00e4 erityist\u00e4 pakkauspistett\u00e4, vaan k\u00e4\u00e4rinn\u00e4n voi tehd\u00e4 siell\u00e4, miss\u00e4 se tuntuu luontevimmalta.<br \/>\nK\u00e4sink\u00e4\u00e4rint\u00e4 voi olla ensisijainen pakkaustapa tai se voi t\u00e4ydent\u00e4\u00e4 pakkausmahdollisuuksia konek\u00e4\u00e4rin\u00e4n lis\u00e4ksi. Se on my\u00f6s ratkaisu satunnaisten pakkaustarpeiden varalle.<\/p>\n<p>450 mm x 300 m<br \/>\nPaksuus: 15 my<br \/>\nrll\/ltk: 6<br \/>\nrll\/lava: 360<\/p>\n","protected":false},"excerpt":{"rendered":"<p>K\u00e4sink\u00e4\u00e4rintakalvolla pakkaat, suojaat ja kiinnit\u00e4t kaikki lavatavarat varmasti, nopeasti ja taloudellisesti. K\u00e4sink\u00e4\u00e4rint\u00e4 ei vaadi suuria investiointeja eik\u00e4 erityist\u00e4 pakkauspistett\u00e4, vaan k\u00e4\u00e4rinn\u00e4n voi tehd\u00e4 siell\u00e4, miss\u00e4 se tuntuu luontevimmalta. K\u00e4sink\u00e4\u00e4rint\u00e4 voi olla ensisijainen pakkaustapa tai se voi t\u00e4ydent\u00e4\u00e4 pakkausmahdollisuuksia konek\u00e4\u00e4rin\u00e4n lis\u00e4ksi. Se on my\u00f6s ratkaisu satunnaisten pakkaustarpeiden varalle. 450 mm x 300 m Paksuus: 15 my [&hellip;]<\/p>\n","protected":false},"featured_media":18436,"template":"","meta":{"_et_pb_use_builder":"","_et_pb_old_content":"","_et_gb_content_width":""},"pwb-brand":[],"product_brand":[],"product_cat":[292],"product_tag":[],"class_list":{"0":"post-1671","1":"product","2":"type-product","3":"status-publish","4":"has-post-thumbnail","6":"product_cat-kalvot","8":"first","9":"instock","10":"taxable","11":"shipping-taxable","12":"purchasable","13":"product-type-simple"},"brands":[],"_links":{"self":[{"href":"https:\/\/silikotek.sapartners.site\/index.php\/wp-json\/wp\/v2\/product\/1671","targetHints":{"allow":["GET"]}}],"collection":[{"href":"https:\/\/silikotek.sapartners.site\/index.php\/wp-json\/wp\/v2\/product"}],"about":[{"href":"https:\/\/silikotek.sapartners.site\/index.php\/wp-json\/wp\/v2\/types\/product"}],"wp:featuredmedia":[{"embeddable":true,"href":"https:\/\/silikotek.sapartners.site\/index.php\/wp-json\/wp\/v2\/media\/18436"}],"wp:attachment":[{"href":"https:\/\/silikotek.sapartners.site\/index.php\/wp-json\/wp\/v2\/media?parent=1671"}],"wp:term":[{"taxonomy":"pwb-brand","embeddable":true,"href":"https:\/\/silikotek.sapartners.site\/index.php\/wp-json\/wp\/v2\/pwb-brand?post=1671"},{"taxonomy":"product_brand","embeddable":true,"href":"https:\/\/silikotek.sapartners.site\/index.php\/wp-json\/wp\/v2\/product_brand?post=1671"},{"taxonomy":"product_cat","embeddable":true,"href":"https:\/\/silikotek.sapartners.site\/index.php\/wp-json\/wp\/v2\/product_cat?post=1671"},{"taxonomy":"product_tag","embeddable":true,"href":"https:\/\/silikotek.sapartners.site\/index.php\/wp-json\/wp\/v2\/product_tag?post=1671"}],"curies":[{"name":"wp","href":"https:\/\/api.w.org\/{rel}","templated":true}]}}