{"id":15783,"date":"2018-05-30T10:55:22","date_gmt":"2018-05-30T07:55:22","guid":{"rendered":"http:\/\/jistad.fi\/wc\/?post_type=product&#038;p=15783"},"modified":"2023-09-01T14:49:25","modified_gmt":"2023-09-01T11:49:25","slug":"kraftmann-3-osainen-hss-porrasporasarja-3-20-mm","status":"publish","type":"product","link":"https:\/\/silikotek.sapartners.site\/index.php\/tuote\/kraftmann-3-osainen-hss-porrasporasarja-3-20-mm\/","title":{"rendered":"Kraftmann 3-osainen HSS porrasporasarja 3-20 mm"},"content":{"rendered":"<p><strong>Sis\u00e4lt\u00e4\u00e4 seuraavat porat:<br \/>\n<\/strong><\/p>\n<ul>\n<li>HSS porraspora, koko 1: 3 &#8211; 12 mm, 1 mm porrastus<\/li>\n<li>HSS porraspora, koko 2: 6 &#8211; 20 mm, 2 mm porrastus<\/li>\n<li>HSS porraspora, koko 3: 4 &#8211; 12 mm, 2 mm porrastus<\/li>\n<\/ul>\n","protected":false},"excerpt":{"rendered":"<p>Titaniump\u00e4\u00e4llystetyt HSS porrasporat, 3 eri kokoa 3 &#8211; 20 mm. K\u00e4tev\u00e4 s\u00e4ilytyspussukka.<\/p>\n","protected":false},"featured_media":21243,"template":"","meta":{"_et_pb_use_builder":"","_et_pb_old_content":"","_et_gb_content_width":""},"pwb-brand":[1456],"product_brand":[],"product_cat":[421,420],"product_tag":[],"class_list":{"0":"post-15783","1":"product","2":"type-product","3":"status-publish","4":"has-post-thumbnail","6":"pwb-brand-kraftmann","7":"product_cat-lierioporat-hss-din-338","8":"product_cat-poranterat-jyrsinterat-laikat","10":"first","11":"instock","12":"taxable","13":"shipping-taxable","14":"purchasable","15":"product-type-simple"},"brands":[{"id":1456,"name":"Kraftmann","slug":"kraftmann"}],"_links":{"self":[{"href":"https:\/\/silikotek.sapartners.site\/index.php\/wp-json\/wp\/v2\/product\/15783","targetHints":{"allow":["GET"]}}],"collection":[{"href":"https:\/\/silikotek.sapartners.site\/index.php\/wp-json\/wp\/v2\/product"}],"about":[{"href":"https:\/\/silikotek.sapartners.site\/index.php\/wp-json\/wp\/v2\/types\/product"}],"wp:featuredmedia":[{"embeddable":true,"href":"https:\/\/silikotek.sapartners.site\/index.php\/wp-json\/wp\/v2\/media\/21243"}],"wp:attachment":[{"href":"https:\/\/silikotek.sapartners.site\/index.php\/wp-json\/wp\/v2\/media?parent=15783"}],"wp:term":[{"taxonomy":"pwb-brand","embeddable":true,"href":"https:\/\/silikotek.sapartners.site\/index.php\/wp-json\/wp\/v2\/pwb-brand?post=15783"},{"taxonomy":"product_brand","embeddable":true,"href":"https:\/\/silikotek.sapartners.site\/index.php\/wp-json\/wp\/v2\/product_brand?post=15783"},{"taxonomy":"product_cat","embeddable":true,"href":"https:\/\/silikotek.sapartners.site\/index.php\/wp-json\/wp\/v2\/product_cat?post=15783"},{"taxonomy":"product_tag","embeddable":true,"href":"https:\/\/silikotek.sapartners.site\/index.php\/wp-json\/wp\/v2\/product_tag?post=15783"}],"curies":[{"name":"wp","href":"https:\/\/api.w.org\/{rel}","templated":true}]}}