{"id":15771,"date":"2018-05-24T13:46:23","date_gmt":"2018-05-24T10:46:23","guid":{"rendered":"http:\/\/jistad.fi\/wc\/?post_type=product&#038;p=15771"},"modified":"2018-10-02T15:53:19","modified_gmt":"2018-10-02T12:53:19","slug":"bgs-8-osainen-vde-ruuvinvaanninsarja","status":"publish","type":"product","link":"https:\/\/silikotek.sapartners.site\/index.php\/tuote\/bgs-8-osainen-vde-ruuvinvaanninsarja\/","title":{"rendered":"BGS 8-osainen VDE-ruuvinv\u00e4\u00e4nninsarja"},"content":{"rendered":"<p>Sis\u00e4lt\u00e4\u00e4 seuraavat osat<br \/>\nRuuvimeisselit:<\/p>\n<ul>\n<li>Talttap\u00e4\u00e4: 0.5 x 3.0 x 75 mm &#8211; 0.8 x 4.0 x 100 mm &#8211; 1.0 x 5.5 x 125 mm &#8211; 1.2 x 6.5 x 150 mm<\/li>\n<li>Ristip\u00e4\u00e4: PH0 x 75 mm &#8211; PH1 x 80 mm &#8211; PH2 x 100 mm<\/li>\n<li>J\u00e4nnitemittari: 0.5 x 3.0 x 140 mm<\/li>\n<\/ul>\n<p>&nbsp;<\/p>\n","protected":false},"excerpt":{"rendered":"<div id=\"short_description_block\">\n<div id=\"short_description_content\" class=\"rte align_justify\">\n<p>VDE\/GS hyv\u00e4ksytty ruuvinv\u00e4\u00e4nninsarja s\u00e4hk\u00f6miehille ja muille s\u00e4hk\u00f6t\u00f6it\u00e4 tekeville.<\/p>\n<\/div>\n<\/div>\n<form id=\"buy_block\" action=\"http:\/\/www.silikotek.fi\/cart\" method=\"post\"><\/form>\n","protected":false},"featured_media":17685,"template":"","meta":{"_et_pb_use_builder":"","_et_pb_old_content":"","_et_gb_content_width":""},"pwb-brand":[1451],"product_brand":[],"product_cat":[464,768],"product_tag":[],"class_list":{"0":"post-15771","1":"product","2":"type-product","3":"status-publish","4":"has-post-thumbnail","6":"pwb-brand-bgs","7":"product_cat-1000v-korkeajannitetyokalut","8":"product_cat-ruuvimeisselit","10":"first","11":"instock","12":"taxable","13":"shipping-taxable","14":"purchasable","15":"product-type-simple"},"brands":[{"id":1451,"name":"BGS","slug":"bgs"}],"_links":{"self":[{"href":"https:\/\/silikotek.sapartners.site\/index.php\/wp-json\/wp\/v2\/product\/15771","targetHints":{"allow":["GET"]}}],"collection":[{"href":"https:\/\/silikotek.sapartners.site\/index.php\/wp-json\/wp\/v2\/product"}],"about":[{"href":"https:\/\/silikotek.sapartners.site\/index.php\/wp-json\/wp\/v2\/types\/product"}],"wp:featuredmedia":[{"embeddable":true,"href":"https:\/\/silikotek.sapartners.site\/index.php\/wp-json\/wp\/v2\/media\/17685"}],"wp:attachment":[{"href":"https:\/\/silikotek.sapartners.site\/index.php\/wp-json\/wp\/v2\/media?parent=15771"}],"wp:term":[{"taxonomy":"pwb-brand","embeddable":true,"href":"https:\/\/silikotek.sapartners.site\/index.php\/wp-json\/wp\/v2\/pwb-brand?post=15771"},{"taxonomy":"product_brand","embeddable":true,"href":"https:\/\/silikotek.sapartners.site\/index.php\/wp-json\/wp\/v2\/product_brand?post=15771"},{"taxonomy":"product_cat","embeddable":true,"href":"https:\/\/silikotek.sapartners.site\/index.php\/wp-json\/wp\/v2\/product_cat?post=15771"},{"taxonomy":"product_tag","embeddable":true,"href":"https:\/\/silikotek.sapartners.site\/index.php\/wp-json\/wp\/v2\/product_tag?post=15771"}],"curies":[{"name":"wp","href":"https:\/\/api.w.org\/{rel}","templated":true}]}}