{"id":15612,"date":"2018-04-27T08:58:45","date_gmt":"2018-04-27T05:58:45","guid":{"rendered":"http:\/\/jistad.fi\/wc\/?post_type=product&#038;p=15612"},"modified":"2021-02-26T00:01:03","modified_gmt":"2021-02-25T22:01:03","slug":"kraftmann-poytaruuvipuristin-ja-alasin-60-mm-leuat","status":"publish","type":"product","link":"https:\/\/silikotek.sapartners.site\/index.php\/tuote\/kraftmann-poytaruuvipuristin-ja-alasin-60-mm-leuat\/","title":{"rendered":"Kraftmann P\u00f6yt\u00e4ruuvipuristin ja alasin 60 mm leuat 3056"},"content":{"rendered":"","protected":false},"excerpt":{"rendered":"<p>Kraftmann P\u00f6yt\u00e4ruuvipuristin alasimella. K\u00e4\u00e4ntyy t\u00e4ydet 360 astetta. Leukojen leveys 60 mm Voidaan kiinnitt\u00e4\u00e4 max 45 mm paksuiseen p\u00f6yt\u00e4levyyn.<\/p>\n","protected":false},"featured_media":20203,"template":"","meta":{"_et_pb_use_builder":"","_et_pb_old_content":"","_et_gb_content_width":""},"pwb-brand":[1456],"product_brand":[],"product_cat":[318],"product_tag":[],"class_list":{"0":"post-15612","1":"product","2":"type-product","3":"status-publish","4":"has-post-thumbnail","6":"pwb-brand-kraftmann","7":"product_cat-ruuvipenkit","9":"first","10":"instock","11":"taxable","12":"shipping-taxable","13":"purchasable","14":"product-type-simple"},"brands":[{"id":1456,"name":"Kraftmann","slug":"kraftmann"}],"_links":{"self":[{"href":"https:\/\/silikotek.sapartners.site\/index.php\/wp-json\/wp\/v2\/product\/15612","targetHints":{"allow":["GET"]}}],"collection":[{"href":"https:\/\/silikotek.sapartners.site\/index.php\/wp-json\/wp\/v2\/product"}],"about":[{"href":"https:\/\/silikotek.sapartners.site\/index.php\/wp-json\/wp\/v2\/types\/product"}],"wp:featuredmedia":[{"embeddable":true,"href":"https:\/\/silikotek.sapartners.site\/index.php\/wp-json\/wp\/v2\/media\/20203"}],"wp:attachment":[{"href":"https:\/\/silikotek.sapartners.site\/index.php\/wp-json\/wp\/v2\/media?parent=15612"}],"wp:term":[{"taxonomy":"pwb-brand","embeddable":true,"href":"https:\/\/silikotek.sapartners.site\/index.php\/wp-json\/wp\/v2\/pwb-brand?post=15612"},{"taxonomy":"product_brand","embeddable":true,"href":"https:\/\/silikotek.sapartners.site\/index.php\/wp-json\/wp\/v2\/product_brand?post=15612"},{"taxonomy":"product_cat","embeddable":true,"href":"https:\/\/silikotek.sapartners.site\/index.php\/wp-json\/wp\/v2\/product_cat?post=15612"},{"taxonomy":"product_tag","embeddable":true,"href":"https:\/\/silikotek.sapartners.site\/index.php\/wp-json\/wp\/v2\/product_tag?post=15612"}],"curies":[{"name":"wp","href":"https:\/\/api.w.org\/{rel}","templated":true}]}}