{"id":15602,"date":"2018-04-25T14:58:45","date_gmt":"2018-04-25T11:58:45","guid":{"rendered":"http:\/\/jistad.fi\/wc\/?post_type=product&#038;p=15602"},"modified":"2018-10-30T09:45:06","modified_gmt":"2018-10-30T07:45:06","slug":"kraftmann-puristuspihtisarja-5-leukaparia","status":"publish","type":"product","link":"https:\/\/silikotek.sapartners.site\/index.php\/tuote\/kraftmann-puristuspihtisarja-5-leukaparia\/","title":{"rendered":"Kraftmann Puristuspihtisarja, 5 leukaparia"},"content":{"rendered":"","protected":false},"excerpt":{"rendered":"<p>7-osainen johtoliitinpihdit vaihtoleuoilla. Mukana 5 leuat sek\u00e4 ruuvimeisseli, jolla vaihdat k\u00e4tev\u00e4sti leuat. Voidaan k\u00e4ytt\u00e4\u00e4 eristetyille sek\u00e4 erist\u00e4m\u00e4tt\u00f6mille liittimille, p\u00e4\u00e4teholkeille, yms.<\/p>\n","protected":false},"featured_media":17962,"template":"","meta":{"_et_pb_use_builder":"","_et_pb_old_content":"","_et_gb_content_width":""},"pwb-brand":[],"product_brand":[],"product_cat":[874],"product_tag":[],"class_list":{"0":"post-15602","1":"product","2":"type-product","3":"status-publish","4":"has-post-thumbnail","6":"product_cat-kuorintapihdit","8":"first","9":"instock","10":"taxable","11":"shipping-taxable","12":"purchasable","13":"product-type-simple"},"brands":[],"_links":{"self":[{"href":"https:\/\/silikotek.sapartners.site\/index.php\/wp-json\/wp\/v2\/product\/15602","targetHints":{"allow":["GET"]}}],"collection":[{"href":"https:\/\/silikotek.sapartners.site\/index.php\/wp-json\/wp\/v2\/product"}],"about":[{"href":"https:\/\/silikotek.sapartners.site\/index.php\/wp-json\/wp\/v2\/types\/product"}],"wp:featuredmedia":[{"embeddable":true,"href":"https:\/\/silikotek.sapartners.site\/index.php\/wp-json\/wp\/v2\/media\/17962"}],"wp:attachment":[{"href":"https:\/\/silikotek.sapartners.site\/index.php\/wp-json\/wp\/v2\/media?parent=15602"}],"wp:term":[{"taxonomy":"pwb-brand","embeddable":true,"href":"https:\/\/silikotek.sapartners.site\/index.php\/wp-json\/wp\/v2\/pwb-brand?post=15602"},{"taxonomy":"product_brand","embeddable":true,"href":"https:\/\/silikotek.sapartners.site\/index.php\/wp-json\/wp\/v2\/product_brand?post=15602"},{"taxonomy":"product_cat","embeddable":true,"href":"https:\/\/silikotek.sapartners.site\/index.php\/wp-json\/wp\/v2\/product_cat?post=15602"},{"taxonomy":"product_tag","embeddable":true,"href":"https:\/\/silikotek.sapartners.site\/index.php\/wp-json\/wp\/v2\/product_tag?post=15602"}],"curies":[{"name":"wp","href":"https:\/\/api.w.org\/{rel}","templated":true}]}}