{"id":15465,"date":"2018-01-04T14:35:11","date_gmt":"2018-01-04T12:35:11","guid":{"rendered":"http:\/\/192.168.100.222\/target_carts\/wordpress\/wordpress495\/wordpress\/?product=yhdistelmasuodatin-scott-cf-22-a2-p3-5042670"},"modified":"2022-03-15T13:52:45","modified_gmt":"2022-03-15T11:52:45","slug":"yhdistelmasuodatin-scott-cf-22-a2-p3-5042670","status":"publish","type":"product","link":"https:\/\/silikotek.sapartners.site\/index.php\/tuote\/yhdistelmasuodatin-scott-cf-22-a2-p3-5042670\/","title":{"rendered":"Yhdistelm\u00e4suodatin Scott CF 22 A2-P3, 5042670"},"content":{"rendered":"<p><strong>Suodatinsarja kokonaamarille ja Scottin puhallinlaitteille Autoflow ja Proflow.<br \/>\n<\/strong>Suodatinkotelo lasikuituvahvisteista muovia. Suodattimien suodatusarvo on eritt\u00e4in korkea ja hengitysvastus pieni. Kevyt. Sopivan hiilim\u00e4\u00e4r\u00e4n ja paineen ansiosta kaasunsuodattimien ja yhdistelm\u00e4suodattimien l\u00e4pi on helppo hengitt\u00e4\u00e4. Hiukkassuodattimen suuren suodatuspinnan ansiosta suuri kapasiteetti ja pieni hengitysvastus. Suuri ilman sis\u00e4\u00e4nvirtauskanava pienent\u00e4\u00e4 ilmanvirtausvastuksen minimiin. Kaasunsuodattimien kaasujen- ja h\u00f6yryjensuodatusteho on eritt\u00e4in hyv\u00e4, suurikapasiteettisen hiilen ansiosta. Absorboiva pinta-ala on suuri hiilen mikrohuokosten vuoksi. Hyv\u00e4 absorbointikyky tekee tuotteesta pitk\u00e4ik\u00e4isen. Hiukkassuodatin on kosteudenkest\u00e4v\u00e4 ja suodattaa erinomaisesti aerosoleja my\u00f6s kosteissa ymp\u00e4rist\u00f6iss\u00e4. <strong>NBC<\/strong> 10 vuoden varastointiaika.<\/p>\n<p><strong>Vastaa EN 141, 143 ja 371 vaatimuksia.<\/strong><\/p>\n<p>Voidaan k\u00e4ytt\u00e4\u00e4 kaikkien koko- ja puolinaamarien kanssa, joissa on standardikierteet, sek\u00e4 Scott Autoflow- ja Proflow-yksik\u00f6iden kanssa. <strong>Katso puhaltimen k\u00e4ytt\u00f6ohjeesta mik\u00e4 suodatintyyppi on sopiva.<\/strong><\/p>\n<p><strong>HUOM! AX-suodattimia ja AXP3-suodattimia saa k\u00e4ytt\u00e4\u00e4 vain Scottin kokonaamarien kanssa. <\/strong><\/p>\n<p><strong>Huomaa, ett\u00e4 standardien EN 146 ja 147 mukaan tuotetta ei saa k\u00e4ytt\u00e4\u00e4 muiden, kuin yhdess\u00e4 hyv\u00e4ksyttyjen suodattimien kanssa. EN-standardien mukaisesti on k\u00e4ytett\u00e4v\u00e4 saman valmistajan suodattimia ja puhaltimia.<\/strong><\/p>\n","protected":false},"excerpt":{"rendered":"<p>Yhdistelm\u00e4suodatin Scott CF 22 A2-P3.<br \/>\nSuojaa orgaanisilta yhdisteilt\u00e4, joiden kiehumispiste on yli 65 \u00b0C, ja kaikentyyppisilt\u00e4 hiukkasilta (p\u00f6ly, savu, sumu, aerosoli, asbesti), my\u00f6s bakteereilta, viruksilta ja radioaktiivisilta p\u00e4\u00e4st\u00f6ilt\u00e4.<\/p>\n","protected":false},"featured_media":15464,"template":"","meta":{"_et_pb_use_builder":"","_et_pb_old_content":"","_et_gb_content_width":""},"pwb-brand":[],"product_brand":[],"product_cat":[325],"product_tag":[],"class_list":{"0":"post-15465","1":"product","2":"type-product","3":"status-publish","4":"has-post-thumbnail","6":"product_cat-moottoroidut-hengityssuojaimet","7":"pa_pakkauskoko-972","8":"pa_pakkauskoko-1415","9":"pa_pakkauskoko-959","11":"first","12":"instock","13":"taxable","14":"shipping-taxable","15":"purchasable","16":"product-type-variable"},"brands":[],"_links":{"self":[{"href":"https:\/\/silikotek.sapartners.site\/index.php\/wp-json\/wp\/v2\/product\/15465","targetHints":{"allow":["GET"]}}],"collection":[{"href":"https:\/\/silikotek.sapartners.site\/index.php\/wp-json\/wp\/v2\/product"}],"about":[{"href":"https:\/\/silikotek.sapartners.site\/index.php\/wp-json\/wp\/v2\/types\/product"}],"wp:featuredmedia":[{"embeddable":true,"href":"https:\/\/silikotek.sapartners.site\/index.php\/wp-json\/wp\/v2\/media\/15464"}],"wp:attachment":[{"href":"https:\/\/silikotek.sapartners.site\/index.php\/wp-json\/wp\/v2\/media?parent=15465"}],"wp:term":[{"taxonomy":"pwb-brand","embeddable":true,"href":"https:\/\/silikotek.sapartners.site\/index.php\/wp-json\/wp\/v2\/pwb-brand?post=15465"},{"taxonomy":"product_brand","embeddable":true,"href":"https:\/\/silikotek.sapartners.site\/index.php\/wp-json\/wp\/v2\/product_brand?post=15465"},{"taxonomy":"product_cat","embeddable":true,"href":"https:\/\/silikotek.sapartners.site\/index.php\/wp-json\/wp\/v2\/product_cat?post=15465"},{"taxonomy":"product_tag","embeddable":true,"href":"https:\/\/silikotek.sapartners.site\/index.php\/wp-json\/wp\/v2\/product_tag?post=15465"}],"curies":[{"name":"wp","href":"https:\/\/api.w.org\/{rel}","templated":true}]}}