{"id":15403,"date":"2017-11-10T13:45:29","date_gmt":"2017-11-10T13:45:29","guid":{"rendered":"http:\/\/192.168.100.222\/target_carts\/wordpress\/wordpress495\/wordpress\/?product=poravasara-kombi-flex-che-5-40-kombi-sds-max"},"modified":"2018-06-07T12:40:19","modified_gmt":"2018-06-07T09:40:19","slug":"poravasara-kombi-flex-che-5-40-kombi-sds-max","status":"publish","type":"product","link":"https:\/\/silikotek.sapartners.site\/index.php\/tuote\/poravasara-kombi-flex-che-5-40-kombi-sds-max\/","title":{"rendered":"Flex CHE 5-40 kombi SDS-max Poravasara"},"content":{"rendered":"<p><span class=\"productDetail__subheader\"><span class=\"productDetail__teaser\">Py\u00f6riv\u00e4 poravasara yleisk\u00e4ytt\u00f6\u00f6n 5 kg, SDS-max<\/span><\/span>. Iskuvoima 10 J.<br \/>\nKantolaukku. Paino 6,4kg.<\/p>\n<ul class=\"contentlist productDetail__featureList js-toggle-list\">\n<li class=\"productDetail__featureListItem \">1050 watin D-muotoinen kombiporavasara, jonka iskuteho on suuri ja t\u00e4rin\u00e4 v\u00e4h\u00e4inen<\/li>\n<li class=\"productDetail__featureListItem \">Kolme teht\u00e4v\u00e4\u00e4: poraus, iskuporaus, talttaus<\/li>\n<li class=\"productDetail__featureListItem \">Luistokytkin: Suojaa porakruunun jumittuessa<\/li>\n<li class=\"productDetail__featureListItem fadeInDown\">Kiihdytyskytkin<\/li>\n<li class=\"productDetail__featureListItem fadeInDown\">Py\u00f6rint\u00e4liikkeen pys\u00e4ytys piikkausta varten<\/li>\n<li class=\"productDetail__featureListItem fadeInDown\">Ergonominen kahva jossa kuminen tartuntapinta. T\u00e4rin\u00e4vaimennus kahvan ja kotelon v\u00e4liss\u00e4<\/li>\n<li class=\"productDetail__featureListItem fadeInDown\">Soveltuu erityisesti vasaraporaukseen, halkaisija 40 mm muurattuun pintaan ja betoniin tai sekoitteisiin, kiinnitysj\u00e4rjestelmien asentamiseen ja reikien poraamiseen.<\/li>\n<li class=\"productDetail__featureListItem fadeInDown\">Piikkausty\u00f6h\u00f6n poistettaessa laastia ja laattoja<\/li>\n<\/ul>\n","protected":false},"excerpt":{"rendered":"<p>Kombi <span class=\"productDetail__subheader\"><span class=\"productDetail__teaser\">poravasara yleisk\u00e4ytt\u00f6\u00f6n 5 kg, SDS-max<\/span><\/span>. Iskuvoima 10 J.<\/p>\n","protected":false},"featured_media":15402,"template":"","meta":{"_et_pb_use_builder":"","_et_pb_old_content":"","_et_gb_content_width":""},"pwb-brand":[1458],"product_brand":[],"product_cat":[383,797],"product_tag":[],"class_list":{"0":"post-15403","1":"product","2":"type-product","3":"status-publish","4":"has-post-thumbnail","6":"pwb-brand-flex","7":"product_cat-poravasarat","8":"product_cat-piikkausvasarat","10":"first","11":"instock","12":"taxable","13":"shipping-taxable","14":"purchasable","15":"product-type-simple"},"brands":[{"id":1458,"name":"Flex","slug":"flex"}],"_links":{"self":[{"href":"https:\/\/silikotek.sapartners.site\/index.php\/wp-json\/wp\/v2\/product\/15403","targetHints":{"allow":["GET"]}}],"collection":[{"href":"https:\/\/silikotek.sapartners.site\/index.php\/wp-json\/wp\/v2\/product"}],"about":[{"href":"https:\/\/silikotek.sapartners.site\/index.php\/wp-json\/wp\/v2\/types\/product"}],"wp:featuredmedia":[{"embeddable":true,"href":"https:\/\/silikotek.sapartners.site\/index.php\/wp-json\/wp\/v2\/media\/15402"}],"wp:attachment":[{"href":"https:\/\/silikotek.sapartners.site\/index.php\/wp-json\/wp\/v2\/media?parent=15403"}],"wp:term":[{"taxonomy":"pwb-brand","embeddable":true,"href":"https:\/\/silikotek.sapartners.site\/index.php\/wp-json\/wp\/v2\/pwb-brand?post=15403"},{"taxonomy":"product_brand","embeddable":true,"href":"https:\/\/silikotek.sapartners.site\/index.php\/wp-json\/wp\/v2\/product_brand?post=15403"},{"taxonomy":"product_cat","embeddable":true,"href":"https:\/\/silikotek.sapartners.site\/index.php\/wp-json\/wp\/v2\/product_cat?post=15403"},{"taxonomy":"product_tag","embeddable":true,"href":"https:\/\/silikotek.sapartners.site\/index.php\/wp-json\/wp\/v2\/product_tag?post=15403"}],"curies":[{"name":"wp","href":"https:\/\/api.w.org\/{rel}","templated":true}]}}