{"id":15326,"date":"2017-09-06T08:21:55","date_gmt":"2017-09-06T08:21:55","guid":{"rendered":"http:\/\/192.168.100.222\/target_carts\/wordpress\/wordpress495\/wordpress\/?product=tyokaluvaunu-tyokaluilla-237-os-bgs-4113"},"modified":"2025-08-28T02:42:29","modified_gmt":"2025-08-27T23:42:29","slug":"tyokaluvaunu-tyokaluilla-237-os-bgs-4113","status":"publish","type":"product","link":"https:\/\/silikotek.sapartners.site\/index.php\/tuote\/tyokaluvaunu-tyokaluilla-237-os-bgs-4113\/","title":{"rendered":"BGS Ty\u00f6kaluvaunu ty\u00f6kaluilla 234 osaa 4113"},"content":{"rendered":"<p><iframe loading=\"lazy\" title=\"Workshop Trolley Pro Standard | 8 Drawers | with 234 Tools (BGS 4113)\" width=\"1080\" height=\"608\" src=\"https:\/\/www.youtube.com\/embed\/yzB806Xvgps?feature=oembed\"  allow=\"accelerometer; autoplay; clipboard-write; encrypted-media; gyroscope; picture-in-picture\" allowfullscreen><\/iframe><\/p>\n<p>&nbsp;<\/p>\n<p>Rahtituote: Tuote l\u00e4hetet\u00e4\u00e4n rahtina, toimitusmaksu 50 \u20ac.<\/p>\n","protected":false},"excerpt":{"rendered":"<p>Ammattilaisen ty\u00f6kaluvaunu ty\u00f6kaluilla. Vaunussa 237 ty\u00f6kalua, 7 ty\u00f6kalumoduulia. Moduulit 4012, 4014, 4015, 4017, 4042, 4032, 4046<\/p>\n","protected":false},"featured_media":20123,"template":"","meta":{"_et_pb_use_builder":"off","_et_pb_old_content":"Rahtituote: Tuote l\u00e4hetet\u00e4\u00e4n rahtina, toimitusmaksu 50 \u20ac.","_et_gb_content_width":""},"pwb-brand":[1451],"product_brand":[],"product_cat":[313],"product_tag":[],"class_list":{"0":"post-15326","1":"product","2":"type-product","3":"status-publish","4":"has-post-thumbnail","6":"pwb-brand-bgs","7":"product_cat-tyokaluvaunut","8":"product_shipping_class-rahtitoimitus","10":"first","11":"instock","12":"taxable","13":"shipping-taxable","14":"purchasable","15":"product-type-simple"},"brands":[{"id":1451,"name":"BGS","slug":"bgs"}],"_links":{"self":[{"href":"https:\/\/silikotek.sapartners.site\/index.php\/wp-json\/wp\/v2\/product\/15326","targetHints":{"allow":["GET"]}}],"collection":[{"href":"https:\/\/silikotek.sapartners.site\/index.php\/wp-json\/wp\/v2\/product"}],"about":[{"href":"https:\/\/silikotek.sapartners.site\/index.php\/wp-json\/wp\/v2\/types\/product"}],"wp:featuredmedia":[{"embeddable":true,"href":"https:\/\/silikotek.sapartners.site\/index.php\/wp-json\/wp\/v2\/media\/20123"}],"wp:attachment":[{"href":"https:\/\/silikotek.sapartners.site\/index.php\/wp-json\/wp\/v2\/media?parent=15326"}],"wp:term":[{"taxonomy":"pwb-brand","embeddable":true,"href":"https:\/\/silikotek.sapartners.site\/index.php\/wp-json\/wp\/v2\/pwb-brand?post=15326"},{"taxonomy":"product_brand","embeddable":true,"href":"https:\/\/silikotek.sapartners.site\/index.php\/wp-json\/wp\/v2\/product_brand?post=15326"},{"taxonomy":"product_cat","embeddable":true,"href":"https:\/\/silikotek.sapartners.site\/index.php\/wp-json\/wp\/v2\/product_cat?post=15326"},{"taxonomy":"product_tag","embeddable":true,"href":"https:\/\/silikotek.sapartners.site\/index.php\/wp-json\/wp\/v2\/product_tag?post=15326"}],"curies":[{"name":"wp","href":"https:\/\/api.w.org\/{rel}","templated":true}]}}