{"id":15324,"date":"2017-09-01T15:25:36","date_gmt":"2017-09-01T15:25:36","guid":{"rendered":"http:\/\/192.168.100.222\/target_carts\/wordpress\/wordpress495\/wordpress\/?product=automaatti-imuri-vce-44-l-ac-1400-w-flex"},"modified":"2022-04-20T08:50:36","modified_gmt":"2022-04-20T05:50:36","slug":"automaatti-imuri-vce-44-l-ac-1400-w-flex","status":"publish","type":"product","link":"https:\/\/silikotek.sapartners.site\/index.php\/tuote\/automaatti-imuri-vce-44-l-ac-1400-w-flex\/","title":{"rendered":"Automaatti-imuri VCE 44 L AC, 1400 W, FLEX"},"content":{"rendered":"<p>Ottoteho P. max. 1400 Watt<br \/>\nMaksimaalinen virtaus 4500 l\/min<br \/>\nMaksimi alipaine 25000 Pa<br \/>\nSuodattimen pinta-ala 5000 cm\u00b2<br \/>\nS\u00e4ili\u00f6n tilavuus 42 l<br \/>\nNeste kapasiteetti 26 l<br \/>\nS\u00e4hk\u00f6ty\u00f6kaluliitin 100-2400 Watt<br \/>\nKoko (L x P x K) 565 x 385 x 650 mm<br \/>\nJohdon pituus 7,5 m<br \/>\nPaino 16,7 kg<\/p>\n<ul class=\"contentlist productDetail__featureList js-toggle-list\">\n<li class=\"productDetail__featureListItem \">Ilman ty\u00f6kaluja asennettava adapteri, jonka avulla L-BOXX ja Tanos systainer voidaan kiinnitt\u00e4\u00e4 imurin p\u00e4\u00e4lle<\/li>\n<li class=\"productDetail__featureListItem \">Vahva moottori varmistaa tehokkaan imukyvyn. Tuloksena erinomainen p\u00f6lynpoisto<\/li>\n<li class=\"productDetail__featureListItem \">Jatkuva ja automaattinen suodattimen puhdistus pit\u00e4\u00e4 imutehon vakiona<\/li>\n<li class=\"productDetail__featureListItem fadeInDown\">Tasosuodattimen Teflon pinnoite \/ nano pinnoite mahdollistaa s\u00e4ili\u00f6n optimaalisen k\u00e4yt\u00f6n<\/li>\n<li class=\"productDetail__featureListItem fadeInDown\">Integroitu pistoke sek\u00e4 automaattinen p\u00e4\u00e4lle\/pois-toiminto<\/li>\n<li class=\"productDetail__featureListItem fadeInDown\">Imunopeuden s\u00e4\u00e4t\u00f6 kytkimell\u00e4 helpottaa alipaineen hallintaa hiottaessa tasomaisia pintoja<\/li>\n<li class=\"productDetail__featureListItem fadeInDown\">M\u00e4rk\u00e4imurointiin: Elektroninen kosteuden valvonta<\/li>\n<li class=\"productDetail__featureListItem fadeInDown\">K\u00e4ynnistysviive h\u00e4vitt\u00e4\u00e4 J\u00e4nnitepiikit k\u00e4ynnistett\u00e4ess\u00e4 ja sammutusviive tyhjent\u00e4\u00e4 imuletkuun mahdollisesti j\u00e4\u00e4neen p\u00f6lyn.<\/li>\n<li class=\"productDetail__featureListItem fadeInDown\">Vankka s\u00e4ili\u00f6 kaksinkertaisella kuorella. Helppo tyhjent\u00e4\u00e4 integroidun kahvan ansiosta<\/li>\n<li class=\"productDetail__featureListItem fadeInDown\">Antistaattiseksi k\u00e4sitelty imuletku<\/li>\n<li class=\"productDetail__featureListItem fadeInDown\">Varustettu suurilla renkailla sek\u00e4 kahdella k\u00e4\u00e4ntyv\u00e4ll\u00e4 metallisella ohjausrullalla<\/li>\n<li class=\"productDetail__featureListItem fadeInDown\">Erillinen moottorin j\u00e4\u00e4hdytysilmaputki jossa karkean lian suodatin, puhdistaa j\u00e4\u00e4hdytysilman moottorin suojelemiseksi, mink\u00e4 ansiosta huoltov\u00e4li pitenee. (Hienop\u00f6lyn suodatin PES saatavilla lis\u00e4varusteena)<\/li>\n<li class=\"productDetail__featureListItem fadeInDown\">Yksinkertainen suodattimen vaihto irrottamatta imurunkoa<\/li>\n<li class=\"productDetail__featureListItem fadeInDown\">Letkunpidike ja s\u00e4ilytysteline virtajohdolle<\/li>\n<li class=\"productDetail__featureListItem fadeInDown\">4 kiristyslenkki\u00e4 (2 kummallakin puolella) hihnojen ja kirahvin pidikkeen kiinnitt\u00e4miseen<\/li>\n<li class=\"productDetail__featureListItem fadeInDown\">Suositus: suodatinp\u00f6lypussia k\u00e4ytett\u00e4ess\u00e4, sulje automaattinen suodattimen puhdistus ja h\u00e4vityspussia k\u00e4ytett\u00e4ess\u00e4 pid\u00e4 automattinen suodattimenpuhdistus p\u00e4\u00e4ll\u00e4<\/li>\n<li class=\"productDetail__featureListItem fadeInDown\">Turvaluokitettu imuri, hyv\u00e4ksytty luokkaan L, soveltuu p\u00f6lylle, jonka AGW-arvo &gt;1 mg\/m\u00b3<\/li>\n<\/ul>\n","protected":false},"excerpt":{"rendered":"<p>Tehokas automaatti-imuri VCE 44 L AC kuiva ja m\u00e4rk\u00e4 imuri. Automaattisella suodattimen puhdistusj\u00e4rjestelm\u00e4ll\u00e4.<br \/>\nIntegroitu pistoke ty\u00f6koneille, Imuri k\u00e4ynnistyy automaattisesti kun kaynnist\u00e4t pistokkeeseen kytketyn ty\u00f6koneen.<\/p>\n","protected":false},"featured_media":15322,"template":"","meta":{"_et_pb_use_builder":"","_et_pb_old_content":"","_et_gb_content_width":""},"pwb-brand":[1458],"product_brand":[],"product_cat":[834],"product_tag":[],"class_list":{"0":"post-15324","1":"product","2":"type-product","3":"status-publish","4":"has-post-thumbnail","6":"pwb-brand-flex","7":"product_cat-imurit","9":"first","10":"instock","11":"taxable","12":"shipping-taxable","13":"purchasable","14":"product-type-simple"},"brands":[{"id":1458,"name":"Flex","slug":"flex"}],"_links":{"self":[{"href":"https:\/\/silikotek.sapartners.site\/index.php\/wp-json\/wp\/v2\/product\/15324","targetHints":{"allow":["GET"]}}],"collection":[{"href":"https:\/\/silikotek.sapartners.site\/index.php\/wp-json\/wp\/v2\/product"}],"about":[{"href":"https:\/\/silikotek.sapartners.site\/index.php\/wp-json\/wp\/v2\/types\/product"}],"wp:featuredmedia":[{"embeddable":true,"href":"https:\/\/silikotek.sapartners.site\/index.php\/wp-json\/wp\/v2\/media\/15322"}],"wp:attachment":[{"href":"https:\/\/silikotek.sapartners.site\/index.php\/wp-json\/wp\/v2\/media?parent=15324"}],"wp:term":[{"taxonomy":"pwb-brand","embeddable":true,"href":"https:\/\/silikotek.sapartners.site\/index.php\/wp-json\/wp\/v2\/pwb-brand?post=15324"},{"taxonomy":"product_brand","embeddable":true,"href":"https:\/\/silikotek.sapartners.site\/index.php\/wp-json\/wp\/v2\/product_brand?post=15324"},{"taxonomy":"product_cat","embeddable":true,"href":"https:\/\/silikotek.sapartners.site\/index.php\/wp-json\/wp\/v2\/product_cat?post=15324"},{"taxonomy":"product_tag","embeddable":true,"href":"https:\/\/silikotek.sapartners.site\/index.php\/wp-json\/wp\/v2\/product_tag?post=15324"}],"curies":[{"name":"wp","href":"https:\/\/api.w.org\/{rel}","templated":true}]}}