{"id":15313,"date":"2017-08-15T08:15:49","date_gmt":"2017-08-15T08:15:49","guid":{"rendered":"http:\/\/192.168.100.222\/target_carts\/wordpress\/wordpress495\/wordpress\/?product=laturi-10-8v-515-3590"},"modified":"2020-06-02T14:12:45","modified_gmt":"2020-06-02T11:12:45","slug":"laturi-10-8v-515-3590","status":"publish","type":"product","link":"https:\/\/silikotek.sapartners.site\/index.php\/tuote\/laturi-10-8v-515-3590\/","title":{"rendered":"Kstools Yleismallinen Pikalaturi 10.8V, 515.3590"},"content":{"rendered":"<p>leveys: 100 mm<br \/>\nakuille: 10,8 V<br \/>\nk\u00e4ytt\u00f6l\u00e4mp\u00f6tila: -5\u00b0 \/ +45\u00b0<br \/>\npaino: 500 g<br \/>\nkorkeus: 55 mm<br \/>\nlatausaika: 1 tunti<br \/>\nlatausvirta: AC 100 &#8211; 240 V ~ 50 \/ 60 Hz<br \/>\npituus: 145 mm<\/p>\n","protected":false},"excerpt":{"rendered":"<div class=\"product--description\">\n<ul>\n<li class=\"liste\">sopii 10,8 V:n suurteho-litiumioniakulle Kstools 515.3592<\/li>\n<li class=\"liste\">integroitu automaattinen turvasammutus<\/li>\n<li class=\"liste\">kotelo iskunkest\u00e4v\u00e4\u00e4 polyeteeni\u00e4<\/li>\n<\/ul>\n<\/div>\n<p><span class=\"entry--content\">\u00a0<\/span><\/p>\n","protected":false},"featured_media":22929,"template":"","meta":{"_et_pb_use_builder":"","_et_pb_old_content":"","_et_gb_content_width":""},"pwb-brand":[1454],"product_brand":[],"product_cat":[744],"product_tag":[],"class_list":{"0":"post-15313","1":"product","2":"type-product","3":"status-publish","4":"has-post-thumbnail","6":"pwb-brand-kstools","7":"product_cat-akut-ja-laturit","9":"first","10":"instock","11":"taxable","12":"shipping-taxable","13":"purchasable","14":"product-type-simple"},"brands":[{"id":1454,"name":"Kstools","slug":"kstools"}],"_links":{"self":[{"href":"https:\/\/silikotek.sapartners.site\/index.php\/wp-json\/wp\/v2\/product\/15313","targetHints":{"allow":["GET"]}}],"collection":[{"href":"https:\/\/silikotek.sapartners.site\/index.php\/wp-json\/wp\/v2\/product"}],"about":[{"href":"https:\/\/silikotek.sapartners.site\/index.php\/wp-json\/wp\/v2\/types\/product"}],"wp:featuredmedia":[{"embeddable":true,"href":"https:\/\/silikotek.sapartners.site\/index.php\/wp-json\/wp\/v2\/media\/22929"}],"wp:attachment":[{"href":"https:\/\/silikotek.sapartners.site\/index.php\/wp-json\/wp\/v2\/media?parent=15313"}],"wp:term":[{"taxonomy":"pwb-brand","embeddable":true,"href":"https:\/\/silikotek.sapartners.site\/index.php\/wp-json\/wp\/v2\/pwb-brand?post=15313"},{"taxonomy":"product_brand","embeddable":true,"href":"https:\/\/silikotek.sapartners.site\/index.php\/wp-json\/wp\/v2\/product_brand?post=15313"},{"taxonomy":"product_cat","embeddable":true,"href":"https:\/\/silikotek.sapartners.site\/index.php\/wp-json\/wp\/v2\/product_cat?post=15313"},{"taxonomy":"product_tag","embeddable":true,"href":"https:\/\/silikotek.sapartners.site\/index.php\/wp-json\/wp\/v2\/product_tag?post=15313"}],"curies":[{"name":"wp","href":"https:\/\/api.w.org\/{rel}","templated":true}]}}