{"id":15197,"date":"2017-05-30T12:15:20","date_gmt":"2017-05-30T12:15:20","guid":{"rendered":"http:\/\/192.168.100.222\/target_carts\/wordpress\/wordpress495\/wordpress\/?product=kuulonsuojain-zekler-412db-bluetooth"},"modified":"2020-10-07T10:26:19","modified_gmt":"2020-10-07T07:26:19","slug":"kuulonsuojain-zekler-412db-bluetooth","status":"publish","type":"product","link":"https:\/\/silikotek.sapartners.site\/index.php\/tuote\/kuulonsuojain-zekler-412db-bluetooth\/","title":{"rendered":"Zekler Bluetooth Kuulonsuojain 412DB"},"content":{"rendered":"<p>Elektroninen kuulonsuojain taajuusriippuvaisella kuuntelutoiminnolla ja Bluetooth\u00ae langattomalla teknologialla puhelimen k\u00e4ytt\u00e4miseen ja musiikin kuunteluun. Musiikkivirta pys\u00e4htyy tulevan keskustelun my\u00f6t\u00e4, turvallisuutta yll\u00e4pidet\u00e4\u00e4n kuuntelutoiminnolla. Hyv\u00e4 vaimennus matalalla, korkealla ja keskitasoisella taajuudella. P\u00e4\u00e4lakisangalla ja leve\u00e4mm\u00e4ll\u00e4 ja tiiviimm\u00e4ll\u00e4 pehmusteella varustettu, tekee k\u00e4ytt\u00e4misest\u00e4 mukavaa ja varmaa.<\/p>\n<ul>\n<li>Bluetooth\u00ae langaton tekniikka kommunikointiin esimerkiksi matkapuhelimen, kannettavan tietokoneen ja iPadin kanssa.<\/li>\n<li>Mikrofoni tehokkaalla \u00e4\u00e4nenvaimennuksella selke\u00e4\u00e4n kommunikointiin my\u00f6s vaativissa meluolosuhteissa.<\/li>\n<li>Toiminto &#8221;Side Tone&#8221; tekee omasta \u00e4\u00e4nest\u00e4si kuuluvan ja selke\u00e4n kommunikointiin sek\u00e4 auttaa sinua puhumaan normaalilla \u00e4\u00e4nentasolla my\u00f6s meluisassa ymp\u00e4rist\u00f6ss\u00e4.<\/li>\n<li>Toiminto &#8221;Adaptive Volume Control&#8221; s\u00e4\u00e4t\u00e4\u00e4 automaattisesti \u00e4\u00e4nt\u00e4 sis\u00e4\u00e4n tulevissa puhelinkeskusteluissa ymp\u00e4rist\u00f6n \u00e4\u00e4nitason mukaan.<\/li>\n<li>Taajuusriippuvainen kuuntelu Level Dependent System vahvistaa \u00e4\u00e4nt\u00e4 ja mahdollistaa kuunnella ymp\u00e4rist\u00f6n \u00e4\u00e4ni\u00e4, kuitenkin suojaamalla sinua korkeilta impulssi\u00e4\u00e4nilt\u00e4.<\/li>\n<li>Vaimennustaso: Level 2.<\/li>\n<li>3,5 mm AUX- liit\u00e4nt\u00e4.<\/li>\n<li>Johto 2 x 3,5 mm stereoliit\u00e4nn\u00e4ll\u00e4.<\/li>\n<li>S\u00e4\u00e4dett\u00e4v\u00e4 p\u00e4\u00e4lakisanka.<\/li>\n<li>Pehme\u00e4t ja vaihdettavat pehmusteet.<\/li>\n<li>Leve\u00e4mm\u00e4t ja mukavammat pehmusteet.<\/li>\n<li>10 m kattava alue Bluetooth\u00ae l\u00e4hteeseen.<\/li>\n<li>Toimitetaan 2 kpl 1,5V AA paristoilla.<\/li>\n<li>Ladattavat akut (HR6 2100 mAh) ja laturi saatavilla lis\u00e4varusteina. Lataus n. 3 h sein\u00e4laturissa ja 8 h USB-liit\u00e4nn\u00e4ll\u00e4.<\/li>\n<li>K\u00e4ytt\u00f6aika 23 h samanaikaisesti muiden toimintojen olevan p\u00e4\u00e4ll\u00e4.<\/li>\n<li>&#8221;Akkuvahti&#8221; automaattisella sulkeutumisella, jos mit\u00e4\u00e4n toimintoja ei ole k\u00e4ytetty 6 tuntiin.<br \/>\n<img decoding=\"async\" src=\"data:image\/png;base64,iVBORw0KGgoAAAANSUhEUgAAAnsAAAEBCAIAAACPB\/T6AAAgAElEQVR4nO2dO5LbuhZFX3wjTsZxcxQeRBdDD6RdnIbTrlsawR1CB5yJk36BRBGfgz8EfrBWqVxtUjgbAEFsfCjpf98AAADwev63dwYAAAC6AMcFAABoAY4LAADQAhwXAACgBTguAABAC3BcAACAFuC4AAAALcBxAQAAWoDjAgAAtADHBQAAaAGOCwAA0AIcFwAAoAU4LgAAQAtwXAAAgBbguAAAAC3AcQEAAFqA4wIAALQAxwUAAGgBjgsAANACHBfgPCzzOAzDMM7LTgGrZwDgGDya9ovbNo4LJ+A22ffCeoNMt6KYucnbYGbylI67XimNe4RH+bYSPt4rXZXne9UATgEjoHk4QGrjaJk3odYOkjctTVQTaZS3qAQ4LsCK0NGXOuYpHbc6LeasnrHR1uM+cuB03GUet8PGCMxTiGUejdD+ytT75sh6b5Q3O4exb2+Qt5wBcJu8aYFLx+nF4LhwCqwbUPMie0Cs3lHCQNo4NIzz4gvij6\/LbFlU7+6c4EImtWp4\/uf2jDDdtHRyb6ZWnRZwTSjrj\/NivD+qWiIcd5ymUc+P5LiTPQF6vM3bO883I1XE6CKxX26Yt9v0rK+4\/DXK2+NCpg3cmuTNiCstl31rbT2pbSeD48I5MG4tzx0umoJ9u\/inj4EhtnjKOOEOER\/cu6r87BTGeTF9Vi93jOPqKVz1llOosOPOy23Shj1p8ymrd5STOzrbCIEEXpm3e6zplpu\/1+Vtfcv4DJi6avK6vAm3gvx2d6yKK0E4LpyF+w2hGoJ2B5gzQmO+Z90touPKQUKnViQ\/VN6VETzGceUFNq37CDvuY9b0rCVXvbnWGiKqRUPLytNqp1vAca1VaKeWFcE4o+dbLmWao706b4pXJOfvxXnTt0ATN0RbXNP1zGNIEOneEW07GRwXTsNmuabh6suhcQvOluN6gnhOSVkUJmuZwVs5rt1LOerNswrtrJaYOe7j79X5A12bz3HkmUraw0Ylu30vyps0bBFi7ZI3x4pwWvW9OG+PW2aZ3ZNi6ZYJ3\/KJ4LhwHlbLfa6uacdNdzNvD2PaZr7LEyQuvnJu3Vo1p4zJwZs57jSHlt+1gYS6jh2slkjHVU1FmM1Mah9plE7YtZdmONE9ZppltM1bWv4a5U2\/9pHZa5I3Ky\/utWP1TMItnwaOCydCfW5Eaf1e6zGTu4atniCx8dWz+l2dG7yS44q7uqZ6VL2pmrHVEuu4vm50mUf7feoIwtnZPxcUEyaDYo79+\/fN8iZG2j1v7naxd97inpwyT6Xc8knguHAmNj\/TG7\/mc6Nye\/i2YpRz6l1mB\/GeisxibnA9k5mOKy5K2n6vbMC56k3W9FeLuCCqTr7ttWynOZsBpFPKGXkt1tNxSgm07QnPysar82bncn3zIfKmpbEu6Z55M1M43qvfMgm3fAo4LgBAkO0pguNB3mrgmf7WA8cFAAihPCl8OMhbDSouHXvAcQEAAjw+vLR3NkTIWynBDyjVA8cFAABoAY4LAADQAhwXAACgBTguAABAC3BcgAgc3xqRRnxCzxcKRAZXvpfrtY+Ltvz0x3k+aQIgguPCKfB8i8LzlPQped1ozE\/cx\/fdL3Zc33dLvdZxjYpVa8TxlQZC8qhvLvCdipIztGKahFMvvyUAFIDjwinwfFhO+Dre7ZDVPxsHYnvaKl+sGu+4jfB8FaTg+c6vkzK+YMj4Mlr1O3zkU3GfhRS1\/E1CDFfYEgAKwHHhFIS713EcVbd4fDGb\/4tR9e9Lt7C+6tCe4z7\/1n+6QJ9kGQMB88dJhO+6c8xxrW\/FUcolfl+jnQdPpQrf5L4qeX8cQvuGa+dvjPt+ftz8skf3xbC\/TTvRcfNaAkAdcFw4BRGOO8\/T9m3762\/hSNO3OIK\/t2N9F\/Og\/SKAN6GZodhVZc+XxLsn0MEz6i8c6Nk2HNcI4d9Wjbe9Nbrv98xtrSzHbfPFQgAOcFw4BdLOnD5\/fXz9\/n3K+Pxp8xjH1eeYXstxz3HN6Zv5myjqD++YP\/+esI8r\/cdeBhaKFSy9\/mPdxtKr5LjWFq5QodZZ6ZSuZS36urTCTUI4hePCruC4cApi5riLslIrL7LG97O+Sajfce2l6GdKYUL8bYf\/9ktsK7D6r7I4lqyl6ELNfds\/1i3Ylj3FjPnJltAk1HifkEzUYo4L5wPHhVMQ57jK2qPuU+m7d56fpE6b40qFsH7+PeVZ5dVyjR+9t6vBuWbtqlPnj6fo3q681zJB52+M+39+3O+48uo1+7hwPnBcOAWRjus+ai9Wqj96LaDbQLzjClld5tF8s7yTGffpIHXyaR0VkjjrzvPklFAT9qdrrHcu82ivpyvLDPKpqFUD5zCg\/FlltSU0+cU26BccF06BtDMnbW2aCYTdQIWEn9hWEkQ8r2Qlde7IGjuljyNR02i9ALLLDsPg\/T1tM6PmxFKuqJgtXPUShU6ZGbEHMJ7HvoSgnlOOtK6PLQFUBccFgDTCW7jn1AJ4NTguACTB9zoCZILjAgAAtADHBQAAaAGOCwAA0AIcFwAAoAU4LgAAQAtwXAAAgBbguAAAAC3AcQEAAFqA4wIAALQAxwUAAGgBjgsAANACHBcAAKAFOC4AAEALcFwAAIAW4LgAAAAtwHEBAABagOMCAAC0AMcFAABoQcBx\/wUAgCPxzz\/\/tLEHqE7YcdvkAwAAYsBxzwuOCwBwJnDc8xLruP\/A+Wl\/NVG8hiLqR1Mv6\/ZhNxIc97+\/f3md+tX+aqJ4DUXUj6Ze1u3DbuC4Hb168AYUUe9Bvazbh93AcTt69eANKKLeg3pZtw+7geN29OrBG1BEvQf1sm4fdgPH7ejVgzegiHoP6mXdPuwGjtvRqwdvQBH1HtTLun3YDRy3o1cP3oAi6j2ol3X7sBs4bkevHrwBRdR7UC\/r9mE3sh3369fbYPL28Sey9Xy+D8Pw87Nec\/z6+DEMPz6+7v\/98\/E2DG+\/vlrfEgd\/hfqLz5\/rldRr8nF1M+ozooe6N6T3388jn+\/PBrW1EOWgPycBxfjgXx8\/4goerxgIXktRrNV4xVA2cmq4mbqSh2cb3qPsWUIp6mXdPuxG8Ry3unfmvXDciJf3an79ehuG98\/\/\/v79\/b7e8\/cu4P1T6MErKP5VPH6NrFxH9SL+fo9V9ykmBP\/8OSi14R1K+ssYHbyaolCrCYrhbKTXcCt1tSVvvUEzdT35o\/JfpV7W7cNuVHZcZUokzpPWg89Uymh0a6biQT2O6fEux9VmGAcYGez6CvaV7vr5+vWWsoYRo6hMqWU33ZpWgnrsup8\/uNqqP98LZtXRwaspSrUarxiRjeQabqv+5+NteHv7YXc1r1YXRxsvUy\/r9mE3qjru18cPe94gHsxwXKVBb5Mwqbn\/J8xxP38OOYZxsZfvan6+D8Pbj3VIo1tvfu0FvOHt44979mxOkuKGTZF+EAhudn8+0Wj\/8wavqGjXarxiRDaSa7il+r23+fxwO+7r1KU57svUy7p92I0XrCqLmxnGwVzHdS4tblsgg61+nxx3PsH19xf3KnIOaFLWdSMV15fDce8N5v3zeXHt1eBcxXBwrcGU+F908GqKUq3GK8ZkI7WGG6qvOyNmtTcru7me\/zr1sm4fdqP6HPfR2sy9QONg1qqyvkSs99G+OW7miuj1XqE5rveGz9qwz3Tce5sRL5l+oXMUY4JXm3FGB6+suOsc16jhVurbXf+1xxw3alWZOW7v1HRc8WkU+RGVPMfVbi29RXocV4nW+St2H3dnx\/UuYpc6blzwiE21lDJGBK+s6Hfcl+6kWjXcSF369MT7Z7Oyy5PUl6mXdfuwG9Ud9\/73fXXFWEPbDm6ptg70ftbYslUOqsZp9\/5Ox818yPaSr5RnlaOGPmWKiu4W+f5fvbtRslG2qhwfvNKTwwnBKz6rbNdqs+d1pRpu\/ayy0Rtc8zntsm4fdqPuPu42zPz5\/jwuHVRS\/X4sFb\/\/VPp08aC6qmzOcuKeVe58bTl6F8rcAh+GIW\/UkjcbU1EHc0bekhWTglf6dGxC8At8HtdRw60\/j2sshFzxs8hl3T7sxk7fOZW1RMmr8NXDtyOhiHoP6mXdPuzGDo77GPX3Pd3c5dWDN6CIeg\/qZd0+7Abfq9zRqwdvQBH1HtTLun3YDRy3o1cP3oAi6j2ol3X7sBs4bkevHrwBRdR7UC\/r9mE3cNyOXj14A4qo96Be1u3DbuC4Hb168AYUUe9Bvazbh93AcTt69eANKKLeg3pZtw+7Eeu4\/8IlaH81UbyGIurHUcdxz0us4wIAwBHAcc8LjgsAcCZw3POSsI8LZ6f91UTxGoqoH029rNuH3Uhw3NdnBl5L+6uJ4jUUUUcdqoDjdkQP3oAi6qjDYcFxO6IHb0ARddThsOC4HdGDN6CIOupwWHDcjujBG1BEHXU4LDhuR\/TgDSiijjocFhy3I3rwBhRRRx0OC47bET14A4qoow6HpcBxl3kcppv+f+1AmGUex3nxxKyJJaboLfM4aDwyIaU5L4E7VqkE8xrkXpeoPsIIvmXDo+jM0KvK6D6bqmi1Nfsucp6NUrxN3sBSg46q85epb28pVhdjeS56XXWx7P66rVjzcAZqOW5el9zQ0GQp1XGNm+Tx7it5rveOvU3P3lAp\/uNMXI+QqCgG37Jh5ELl3k2lO25uGb1nMxWt87KudDbyrlQb9W1a\/xRi3iZ1NBBq7rXVn1mo5jp68whdglrqctn97TmqtUepw0mo4ri23T4He8phYQD4tLNlHodhnBc1kj0yXeZxnKbRGCs\/g0iiiriQlXGaRMfVfFZPemZ8V9OqoPv\/btMwDON8e8kcVwiuDXAcNb82g2THzSpjsAYyFJUD6X4b3\/Nurdrbhs06D3T8ldUT21hY3WgegUtQW\/2Zh3s0f3uOae0Z6nBgyh1XmN0+71p9rGcPAB8tTh\/pPe9SdWS6Nt\/Basjrn1sCeRS\/5VF75+CY4+rzn2tYbvQda9Vgu1Xl4Kj\/fm1yV5U3EsuYvarsVswVjFXUhsTjPK\/DTGFr5QWOG6suJChR9zcPd+lqrmkzxwUnhY47jqM9q1SbtTqRsBvUMo\/jOOrzVaHdr0Fsr9YMV+i1FR1xLOncx1UDXGZhOX4PzCxvy33cbQVC3nAc5yV\/H1eRTCtjqePaipkT3CjFR3tWx6yeRxP0VeVyx01TV1OVep63eXhNrZbjGmX\/\/va359DZRHU4PIWOO6xuJ+yJmd61udrzvfd7YJ60A9pkVFtXNtacx3mRbzHrtla7L0vCsarsCXdWIu5Y41KuNHNctVfcjEB5p7UYkq6YVcYix5UU8w03fVYdnMWu9+Y434KNvb76lofinVRn83Bc9IrqGkrZ\/e3ZczZfHY5LpSentOFjaBVWW0pRbdNYVbaWoW0f3PqH8jmuOU\/vznHVuYhwqonjapdOWoZ1rkTEKWaXMdtxHYoFhpvQ867N+DbFeJ6aws2r1Is9z9k8PBe9nrrBo+ze9hw4W6AOh6Xap4OM4Zq5pWqsNOuOK6wGiXZuKw5S1PJ9XOtWuP4+rr9XOsgcNyJDrypjnuM6Ff2juMAYL\/CsltSJa49R+HcTQ9e5tvpKTc\/T959inkIuVxfLzhwXdGp\/Hle1Mn0SYi4RP5Koa87TzbxTvE8Um\/sy8c8qPxfR1Mga3scbz0rS\/EArc8t93K2h6G3DlyZKMaGMdvgsx3Ur+p\/bCkx3gnuZ0hKAdXcYSwuuRYMG6q4j6ep2LPkSvEZdLru\/Pdtnc9XhFHTznVO5S8OXWVL+PvO3I92mWL9H8RWKqF9JHXakG8fN884r+e2JHXeZ59gOCsVXKKJ+IXXYk44cF07ruCjurIg66lAFHLcjevAGFFFHHQ4LjtsRPXgDiqijDocFx+2IHrwBRdRRh8OC43ZED96AIuqow2HBcTuiB29AEXXU4bDEOu6\/cAnaX00Ur6GI+nHUcdzzEuu4AABwBHDc84LjAgCcCRz3vCTs48LZaX81UbyGIupHUy\/r9mE3eHKqI9pfTRSvoYg66lAFHLcjevAGFFFHHQ4LjtsRPXgDiqijDocFx+2IHrwBRdRRh8OC43ZED96AIuqow2HBcTuiB29AEXXU4bDguB3RgzegiDrqcFhw3I7owRtQRB11OCyFjnubhifT7X5smcfn3znkpV9TZaTekizzOM6Lcc440hRJXi2pxqPY7iyHruYzopR+u9QJ1RvXR8jXTC9frGiJoioZX8iAorfedihjMSXlDbSxF6vn1Xa8elz8\/OuC416AEse9TUqzWubxcRPt67hFHMxxZXHH2GK7AM5M++\/Y27SGu01mf6hoJVV0TB9x76fskFt+UihQVIqtVGaRYqjempexAnXKa7exluq5xN5BbkquC457AQoc12zU93voOcicbt\/SpGGZx3GeJ3scuCYcp0m7b+zk07Q1WivVlqvbNEzzI4B6c99McWGOu8zjPZF9RIogZlUv6jgvW2afufFOqvQb2FNSRW6RksZczfjuKMVyw33EekGtiJljnXxFq7ojCxnbDwr11ryMNSgob7nl7VDb0eoR8cuuC457AUrmuKoJGYefnqdOGjYP3pxrPb\/9eZtW+3Emf7ZXIZWmviops3EtiTkpf9wzurBxREonZlXNqzqy9dfPhtY9eUuq5lRKvBIYP+nDAxdV57j3TLsmJDkrgAWKhnqNOa4uLJn8jmXMJL+80W3sJeq5tR2tHoxfel1w3AtQ\/OTU1sw85vG9WYB6Vp+PquvTzgUh7aSUSndcbbq5GEnWXlV33FFbT7SPGObrmZqqHmhMQO3uxgqlOairpDpGvi2N0IpFaCf4oZjQVwb3vYwLoGuJtfcyRYd2oeIaT6q3PcuYT1l5w08bvFI9p7Zj1UPxy68LjnsB6j2r\/GxweotSBn5ux7WSqK4YTq6mEmeQwtlv6Ra4l2Ge9GVf\/Yg2kh0G8USC41qplPKoqX0lFd6U47hapjz9UaX536YY7oPqrPFGKd6mxPlX9D0SqLeGZSwiv7wJbewF6tbpF+2gy\/FrXBcc9wIUOK7VZiXPs55kSJjjhpKH57i24YXnuOrmrXTENa+1shp2XDHVStQcV0tivCnNcb9vU3RvWMUbvFP0nRT1PYtI8nvhlLORikm1mkdBeRPa2AvUE85WV69yXXDcC1DtWWXBwExztWbA4kaouE\/pnkAH9nEt843Zx\/X+4Y+gLi6FHFdOpdZnyj6uOKfXiX3S0rZrM3bdPU7Hppu20hDbPeYrZtltQNFfb+3LWIP88vrb2KvVc2s7S90Tnzlu11T8PK62BrqZwuOk9IStuQ6qvzOYXEylz3HvjzWnP6v8PGgfUSPoq89GViNWlaVUWuUqR8SSauijH+Gmjr6awgVS1Krt46pFs+f6jRXtWUiFNV6xFO3LWJWS8gptrKF6Xm3XUlffheN2y4W\/cypz2epA5M4DXOkyruZtKuq0UTyIYkXalxf1bHU4GjjuocnxXHea9Ku5zHNRd4HiMRRr0r68qOeqw+G4sOOCSQ\/fAIwi6qjDYcFxO6IHb0ARddThsOC4HdGDN6CIOupwWHDcjujBG1BEHXU4LDhuR\/TgDSiijjocFhy3I3rwBhRRRx0OS6zj\/guXoP3VRPEaiqgfRx3HPS+xjgsAAEcAxz0vOC4AwJnAcc9Lwj4unJ32VxPFayiifjT1sm4fdoMnpzqi\/dVE8RqKqKMOVcBxO6IHb0ARddThsOC4HdGDN6CIOupwWHDcjujBG1BEHXU4LDhuR\/TgDSiijjocFhy3I3rwBhRRRx0OC47bET14A4qoow6HBcftiB68AUXUUYfDUu64t2kY5yVCapnHYboFz\/rfVo1lHuOyHQzzgtxKmVuVlnkcNB7yEQWKumPlEglHrYwIyXIUb5M7nqoqV3tWGZ9BpRosVFSqyUrvaD2+JBGKYgX6Y4bK+FJ1vSEFMlCmLgb3Xv1ydX97VvIQrHoc9wIUO+5tmqaphnetNHLcSrwit7J3qo5r9CaPdwc9N+Zqil3DvU\/yldMx7kpWVEonVe1tWt+qlLtM8fv7Nq3\/EUpRqKhEtNI7atWXJKwoV6A\/ZriMr1RX6j+CEnWxdN6rX6weaM9K0ojBDo57AQod997J3zbLXeZxnKbRGDIu8zjON7XFPQd+RlerHFdbqNha7cGjM4klp9qTPQB3xTEV9bDiQF4e4dr50c4JI+RxmkTH1Xw20Hf5r+ZtGobBuExPhVVdxtlXZSo+dYWcPHVk0XRFb6UVKlrXcvufq1Y9SWIUjczfU\/tjRpTxheqJq03J6mbpjOpMsvt09eDB75j7K1EdDkyZ466teWu2yzwOVku\/\/ykOO59\/2avKAcfVNa0RpTzK1ca797+MAbhH2q8oxRGTyPkRymW+c3DMcZUI\/v4jd8VVv3jBFKWK7sPFjiuEXuZxnOd1XCOs5VdRNJOHa7Vc0RHdivkax41VV8akFed5sXNc\/9WvoB44GN0SEtThyBQ57narPnt6fRXlaabjvIg+tN0POY7r3OvU\/5bk5JH1+k5nHK+iHUfuv8T8KAHlIbm6qqyjBPDPFzL8bw3o6RF8fXSm4z7KKFad0tBqOa5vL7ySot7bR9SqmSRN0VmBroXVQBlfqC5WTGX1m9NSA1e\/irqnQiJbQrQ6HJ4SxzX6fsmrHk7r8FTlTemOq+rbk8uQnOVsvlLovbNT0Y4TTmLd5cZESA\/uWFX2hNPIm\/8t5lEd76SoZI7rHuIM69JwtTmub4ZXQfE2WXssgVo1kiQrisVxxwyV8bXqehq\/8SSrq46+DS1WXjO\/dw+1XcNrHLcXChxXXM+0+\/+b4nE157gK9tJ0UG7LvXIXxksLilIcMUmFOa4W3HhTRcf1TqddBShStIN7r7pwMl1ReQohUJosRXUWtR3w1qqVJE1RzHEopp1iD\/WKjruG0i6ptKb9EseVC2IcjLm\/8tThsOQ77jKPQsdvrUluzUg5FbWPa2zAGA1YvTsc+7SDR05cztmGw1IcUdFp0uO8uDJZdR\/X6lFKe2rZ\/1yuGFiJS1YM9o9CaypTNIxBuBwFigGnkUJGmFPgWS27AgMxw2V8obqWxOxUKqm757iBq1+sHmjPT5jj9kK249r3xm2ynztVm7sxsRBWX5W9JH3Lcpxn20qEJVxnEkvOWNB5pNmeGBTjSIpCbtU4Yial\/GjnjBrUYloDY+XNgRlCHcc1r2NVx9XKJ7WcZ805ZLPK6GmNRYr2JMZa0zRrNZQkXEa7AuWYKWV8qbpwxeupa6WL7Iuqqgfas\/IuHLcHuv3OqfAK0m5EjLXz0tW6mrcpZoEQxesoon4lddiRHh13cT45eBRyPLdwTSxJaY7tLlC8hiLqF1KHPenRcbulh28ARhF11OGw4Lgd0YM3oIg66nBYcNyO6MEbUEQddTgsOG5H9OANKKKOOhwWHLcjevAGFFFHHQ4LjtsRPXgDiqijDocl1nH\/hUvQ\/mqieA1F1I+jjuOel1jHBQCAI4DjnhccFwDgTOC45yXguP8AAMDBaGMPUJ2A4wIAAEAVcFwAAIAW4LgAAAAtwHEBAABaEH5WGdrDkxEAANeDTwcdERwXAOB64LhHBMcFALgeCd+rXIueY8Yr1r\/UAACwKwmO+9\/fv1VePceMV6x\/qQEAYFdwXBwXAABagOPiuAAA0AIcF8cFAIAW4Lg4LgAAtADHxXEBAKAFOC6OCwAALcBxcVwAAGhBgeN+ffwYhh8fX\/f\/\/vl4G4a3X19lTvb18WMYhmEY3j\/vR36\/3\/8fiOx1x8+fSsCajvv5yNwwDD8\/lfy\/ffwx6uRZrpVnveG4AACdcETH\/fH2tprW16+34cdbOPIOjrsV\/+vX2zAM77+3EcMjt4bjBusKxwUAuDCHdNyPj593A\/v7+XN4\/xUReVfHlUYM758ex71Pjh\/TYhwXAKAPjum4n7\/eVqN6+\/h9TMe9hzVMVx8xuBz397u8To7jAgBcmFLH1anluF+\/34efn3\/\/+3wf3j9jvHyffdytBu4z8i3\/fz7e7v+69nHtCS6OCwBwbY45x90cS\/OtoznuVvDBnMsas\/Otru4z49WhcVwAgG44qOPeZ7f3me7BHfe\/v8q+rFInv9+VZ77Uuro\/4SzlB8cFALgwR3Xcr48fb+8\/395+fR3Uce9T2\/visLxf+\/jskL2Pe3+2mX1cAIC+OKrj3m3p7eNPXOSw44Y+C5vquP9tnxVWYrqcVXpW2R4E4LgAABeG75xqGjNesf6lBgCAXcFxcVwAAGgBjovjAgBAC3BcHBcAAFqA4+K4AADQAhwXxwUAgBbguDguAAC0AMfFcQEAoAWxjvtvVXqOGaOI4wIAXI9Yx4WW4LgAANcDxz0iOC4AwPVI2MetRc8x4xXrX2oAANiVBMetJdlzzKMpAgBAM3DcpjGPpggAAM3AcZvGPJoiAAA0A8dtGvNoigAA0Awct2nMoykCAEAzcNymMY+mCAAAzcBxm8Y8miIAADQDx20a82iKAADQjDLHvU3Dg+lmnlvmUTgajrnMox5UOeAUS42p5X6cFyFNXtkDMf3guAAAF6bAcRVLtd317nHpjnubnma1zKNtXMr5sphbll1Dg\/Syh2P6wXEBAC5MpVVlw2GWeRynKWOOe5uMSageweG3OTGVow57TC97OKYfHBcA4MLUcVzdX5Z5HOcld1V5w\/RXj4slx7zn0SGUFFOb2IZi+sFxAQAuTLHjPrZIN3dZfafQce01ZZ+HJcfUguU6rlH2iJh+cFwAgAtT61lle+5Y4ri3yX72yGthyTHrzXGT5s1+cFwAgAtT7dNB9z1M+7li23Ziniu2rdrvYOkx6+3jpuwN+8FxAQAuTIHjBhZRs+a4Drs15o81YkpPLcfHlMsejukHxwUAuDBFc1xlRmvbYY7juj96G1ikzY2Z\/3lcR9n5PC4AAMjwnVNNYx5NEQAAmoHjNo15NEUAAGgGjts05tEUAQCgGThu05hHUwQAgGbguE1jHhvGWh8AAABxSURBVE0RAACageM2jXk0RQAAaAaO2zTm0RQBAKAZOG7TmEdTBACAZsQ67r9V6TlmjCKOCwBwPWIdF1qC4wIAXA8c94jguAAA1yPguP\/ATrS5\/AAA0IyA4wIAAEAVcFwAAIAW4LgAAAAtwHEBAABa8H8c5AnJ7r6suAAAAABJRU5ErkJggg==\" alt=\"\" \/><\/li>\n<\/ul>\n","protected":false},"excerpt":{"rendered":"<p>Bluetooth\u00ae langattomalla teknologialla toimiva elektroninen kuulonsuojain. T\u00e4ll\u00e4 kuuntelet langattomasti Bluetooth teknologialla niin musiikkia kuin puhelintakin.<\/p>\n","protected":false},"featured_media":15196,"template":"","meta":{"_et_pb_use_builder":"","_et_pb_old_content":"","_et_gb_content_width":""},"pwb-brand":[],"product_brand":[],"product_cat":[315],"product_tag":[],"class_list":{"0":"post-15197","1":"product","2":"type-product","3":"status-publish","4":"has-post-thumbnail","6":"product_cat-elektroniset-kuulonsuojaimet","8":"first","9":"instock","10":"taxable","11":"shipping-taxable","12":"purchasable","13":"product-type-simple"},"brands":[],"_links":{"self":[{"href":"https:\/\/silikotek.sapartners.site\/index.php\/wp-json\/wp\/v2\/product\/15197","targetHints":{"allow":["GET"]}}],"collection":[{"href":"https:\/\/silikotek.sapartners.site\/index.php\/wp-json\/wp\/v2\/product"}],"about":[{"href":"https:\/\/silikotek.sapartners.site\/index.php\/wp-json\/wp\/v2\/types\/product"}],"wp:featuredmedia":[{"embeddable":true,"href":"https:\/\/silikotek.sapartners.site\/index.php\/wp-json\/wp\/v2\/media\/15196"}],"wp:attachment":[{"href":"https:\/\/silikotek.sapartners.site\/index.php\/wp-json\/wp\/v2\/media?parent=15197"}],"wp:term":[{"taxonomy":"pwb-brand","embeddable":true,"href":"https:\/\/silikotek.sapartners.site\/index.php\/wp-json\/wp\/v2\/pwb-brand?post=15197"},{"taxonomy":"product_brand","embeddable":true,"href":"https:\/\/silikotek.sapartners.site\/index.php\/wp-json\/wp\/v2\/product_brand?post=15197"},{"taxonomy":"product_cat","embeddable":true,"href":"https:\/\/silikotek.sapartners.site\/index.php\/wp-json\/wp\/v2\/product_cat?post=15197"},{"taxonomy":"product_tag","embeddable":true,"href":"https:\/\/silikotek.sapartners.site\/index.php\/wp-json\/wp\/v2\/product_tag?post=15197"}],"curies":[{"name":"wp","href":"https:\/\/api.w.org\/{rel}","templated":true}]}}