{"id":15179,"date":"2017-04-10T15:05:15","date_gmt":"2017-04-10T12:05:15","guid":{"rendered":"http:\/\/192.168.100.222\/target_carts\/wordpress\/wordpress495\/wordpress\/?product=mutterinvaannin-1-2-monster-1690-nm"},"modified":"2024-09-30T09:53:04","modified_gmt":"2024-09-30T06:53:04","slug":"kstools-mutterinvaannin-1-2-monster-1690-nm-515-1210","status":"publish","type":"product","link":"https:\/\/silikotek.sapartners.site\/index.php\/tuote\/kstools-mutterinvaannin-1-2-monster-1690-nm-515-1210\/","title":{"rendered":"Kstools Monster Mutterinv\u00e4\u00e4nnin 1\/2&#8243;, 1690 Nm 515.1210"},"content":{"rendered":"<p><iframe loading=\"lazy\" title=\"Anwendungsvideo Hochleistungs-Druckluft-Schlagschrauber, 1690Nm MONSTER-Edition KS Tools 515.1210\" width=\"1080\" height=\"608\" src=\"https:\/\/www.youtube.com\/embed\/aLAUIsKu-Z4?feature=oembed\"  allow=\"accelerometer; autoplay; clipboard-write; encrypted-media; gyroscope; picture-in-picture\" allowfullscreen><\/iframe><\/p>\n<h2 class=\"h4\">Ominaisuudet<\/h2>\n<div class=\"product--properties panel\">\n<table class=\"product--properties-table\">\n<tbody>\n<tr class=\"product--properties-item\">\n<td class=\"product--properties-label\">Liitoskierre:<\/td>\n<td><span class=\"product--properties-value\">1\/4&#8243;PT<\/span><\/td>\n<\/tr>\n<tr class=\"product--properties-item\">\n<td class=\"product--properties-label\">Ilmankulutus, l\/min:<\/td>\n<td><span class=\"product--properties-value\">178<\/span><\/td>\n<\/tr>\n<tr class=\"product--properties-item\">\n<td class=\"product--properties-label\">\u00c4\u00e4nen painetaso (dbA):<\/td>\n<td><span class=\"product--properties-value\">87<\/span><\/td>\n<\/tr>\n<tr class=\"product--properties-item\">\n<td class=\"product--properties-label\">Letkun v\u00e4himm\u00e4isl\u00e4pimitta:<\/td>\n<td><span class=\"product--properties-value\">1\/2&#8243; &#8211; 12,7 mm<\/span><\/td>\n<\/tr>\n<tr class=\"product--properties-item\">\n<td class=\"product--properties-label\">Enimm\u00e4iskiristysmomentti oikealle 3:<\/td>\n<td><span class=\"product--properties-value\">3 = 931 Nm<\/span><\/td>\n<\/tr>\n<tr class=\"product--properties-item\">\n<td class=\"product--properties-label\">Enimm\u00e4iskiristysmomentti oikealle 2:<\/td>\n<td><span class=\"product--properties-value\">2 = 680 Nm<\/span><\/td>\n<\/tr>\n<tr class=\"product--properties-item\">\n<td class=\"product--properties-label\">Enimm\u00e4iskiristysmomentti oikealle:<\/td>\n<td><span class=\"product--properties-value\">1 = 510 Nm<\/span><\/td>\n<\/tr>\n<tr class=\"product--properties-item\">\n<td class=\"product--properties-label\">Enimm\u00e4isavausmomentti:<\/td>\n<td><span class=\"product--properties-value\">1690 Nm<\/span><\/td>\n<\/tr>\n<tr class=\"product--properties-item\">\n<td class=\"product--properties-label\">Suositeltu kiristysmomentti:<\/td>\n<td><span class=\"product--properties-value\">542 Nm<\/span><\/td>\n<\/tr>\n<tr class=\"product--properties-item\">\n<td class=\"product--properties-label\">T\u00e4rin\u00e4nnopeutus:<\/td>\n<td><span class=\"product--properties-value\">&lt; 17,9<\/span><\/td>\n<\/tr>\n<tr class=\"product--properties-item\">\n<td class=\"product--properties-label\">Mittausep\u00e4varmuus, t\u00e4rin\u00e4nnopeutus:<\/td>\n<td><span class=\"product--properties-value\">3.9<\/span><\/td>\n<\/tr>\n<tr class=\"product--properties-item\">\n<td class=\"product--properties-label\">Tyhj\u00e4k\u00e4yntikierrosluku, r\/min:<\/td>\n<td><span class=\"product--properties-value\">7930<\/span><\/td>\n<\/tr>\n<tr class=\"product--properties-item\">\n<td class=\"product--properties-label\">K\u00e4ytt\u00f6paine, bar:<\/td>\n<td><span class=\"product--properties-value\">max. 6,3 bar<\/span><\/td>\n<\/tr>\n<tr class=\"product--properties-item\">\n<td class=\"product--properties-label\">K\u00e4ytt\u00f6tapa:<\/td>\n<td><span class=\"product--properties-value\">Paineilmak\u00e4ytt\u00f6inen<\/span><\/td>\n<\/tr>\n<tr class=\"product--properties-item\">\n<td class=\"product--properties-label\">Leveys B:<\/td>\n<td><span class=\"product--properties-value\">175.0<\/span><\/td>\n<\/tr>\n<tr class=\"product--properties-item\">\n<td class=\"product--properties-label\">Nelikantav\u00e4\u00e4nti\u00f6:<\/td>\n<td><span class=\"product--properties-value\">1\/2&#8243;<\/span><\/td>\n<\/tr>\n<tr class=\"product--properties-item\">\n<td class=\"product--properties-label\">Kiinnitys (mitta) tuumina:<\/td>\n<td><span class=\"product--properties-value\">1\/2<\/span><\/td>\n<\/tr>\n<tr class=\"product--properties-item\">\n<td class=\"product--properties-label\">Paino g:<\/td>\n<td><span class=\"product--properties-value\">2150<\/span><\/td>\n<\/tr>\n<tr class=\"product--properties-item\">\n<td class=\"product--properties-label\">Pakkauksen sis\u00e4lt\u00f6:<\/td>\n<td><span class=\"product--properties-value\">1<\/span><\/td>\n<\/tr>\n<tr class=\"product--properties-item\">\n<td class=\"product--properties-label\">Kokonaispituus L (mm):<\/td>\n<td><span class=\"product--properties-value\">200.0<\/span><\/td>\n<\/tr>\n<tr class=\"product--properties-item\">\n<td class=\"product--properties-label\">Standardi:<\/td>\n<td><span class=\"product--properties-value\">DIN EN ISO 28927-2<\/span><\/td>\n<\/tr>\n<tr class=\"product--properties-item\">\n<td class=\"product--properties-label\">Ruuvin enimm\u00e4iskokko:<\/td>\n<td><span class=\"product--properties-value\">M 16<\/span><\/td>\n<\/tr>\n<tr class=\"product--properties-item\">\n<td class=\"product--properties-label\">Kahva:<\/td>\n<td><span class=\"product--properties-value\">Liukumaton pehmytkahva<\/span><\/td>\n<\/tr>\n<tr class=\"product--properties-item\">\n<td class=\"product--properties-label\">\u00c4\u00e4nen tehotaso (dbA):<\/td>\n<td><span class=\"product--properties-value\">98<\/span><\/td>\n<\/tr>\n<\/tbody>\n<\/table>\n<\/div>\n<p>Unboxing-video:<br \/>\n<iframe loading=\"lazy\" src=\"http:\/\/view.vzaar.com\/13512331\/video\" width=\"680\" height=\"510\"><\/iframe><\/p>\n","protected":false},"excerpt":{"rendered":"<p>Kstools mutterinv\u00e4\u00e4nnin 1\/2&#8243;, Monster 1690 Nm 515.1210. Eritt\u00e4in vahva mutterinv\u00e4\u00e4nnin, avaa jopa 1690 Nm teholla.<\/p>\n","protected":false},"featured_media":17619,"template":"","meta":{"_et_pb_use_builder":"off","_et_pb_old_content":"<h2 class=\"h4\">Ominaisuudet<\/h2>\r\n<div class=\"product--properties panel\">\r\n<table class=\"product--properties-table\">\r\n<tbody>\r\n<tr class=\"product--properties-item\">\r\n<td class=\"product--properties-label\">Liitoskierre:<\/td>\r\n<td><span class=\"product--properties-value\">1\/4\"PT<\/span><\/td>\r\n<\/tr>\r\n<tr class=\"product--properties-item\">\r\n<td class=\"product--properties-label\">Ilmankulutus, l\/min:<\/td>\r\n<td><span class=\"product--properties-value\">178<\/span><\/td>\r\n<\/tr>\r\n<tr class=\"product--properties-item\">\r\n<td class=\"product--properties-label\">\u00c4\u00e4nen painetaso (dbA):<\/td>\r\n<td><span class=\"product--properties-value\">87<\/span><\/td>\r\n<\/tr>\r\n<tr class=\"product--properties-item\">\r\n<td class=\"product--properties-label\">Letkun v\u00e4himm\u00e4isl\u00e4pimitta:<\/td>\r\n<td><span class=\"product--properties-value\">1\/2\" - 12,7 mm<\/span><\/td>\r\n<\/tr>\r\n<tr class=\"product--properties-item\">\r\n<td class=\"product--properties-label\">Enimm\u00e4iskiristysmomentti oikealle 3:<\/td>\r\n<td><span class=\"product--properties-value\">3 = 931 Nm<\/span><\/td>\r\n<\/tr>\r\n<tr class=\"product--properties-item\">\r\n<td class=\"product--properties-label\">Enimm\u00e4iskiristysmomentti oikealle 2:<\/td>\r\n<td><span class=\"product--properties-value\">2 = 680 Nm<\/span><\/td>\r\n<\/tr>\r\n<tr class=\"product--properties-item\">\r\n<td class=\"product--properties-label\">Enimm\u00e4iskiristysmomentti oikealle:<\/td>\r\n<td><span class=\"product--properties-value\">1 = 510 Nm<\/span><\/td>\r\n<\/tr>\r\n<tr class=\"product--properties-item\">\r\n<td class=\"product--properties-label\">Enimm\u00e4isavausmomentti:<\/td>\r\n<td><span class=\"product--properties-value\">1690 Nm<\/span><\/td>\r\n<\/tr>\r\n<tr class=\"product--properties-item\">\r\n<td class=\"product--properties-label\">Suositeltu kiristysmomentti:<\/td>\r\n<td><span class=\"product--properties-value\">542 Nm<\/span><\/td>\r\n<\/tr>\r\n<tr class=\"product--properties-item\">\r\n<td class=\"product--properties-label\">T\u00e4rin\u00e4nnopeutus:<\/td>\r\n<td><span class=\"product--properties-value\">< 17,9<\/span><\/td>\r\n<\/tr>\r\n<tr class=\"product--properties-item\">\r\n<td class=\"product--properties-label\">Mittausep\u00e4varmuus, t\u00e4rin\u00e4nnopeutus:<\/td>\r\n<td><span class=\"product--properties-value\">3.9<\/span><\/td>\r\n<\/tr>\r\n<tr class=\"product--properties-item\">\r\n<td class=\"product--properties-label\">Tyhj\u00e4k\u00e4yntikierrosluku, r\/min:<\/td>\r\n<td><span class=\"product--properties-value\">7930<\/span><\/td>\r\n<\/tr>\r\n<tr class=\"product--properties-item\">\r\n<td class=\"product--properties-label\">K\u00e4ytt\u00f6paine, bar:<\/td>\r\n<td><span class=\"product--properties-value\">max. 6,3 bar<\/span><\/td>\r\n<\/tr>\r\n<tr class=\"product--properties-item\">\r\n<td class=\"product--properties-label\">K\u00e4ytt\u00f6tapa:<\/td>\r\n<td><span class=\"product--properties-value\">Paineilmak\u00e4ytt\u00f6inen<\/span><\/td>\r\n<\/tr>\r\n<tr class=\"product--properties-item\">\r\n<td class=\"product--properties-label\">Leveys B:<\/td>\r\n<td><span class=\"product--properties-value\">175.0<\/span><\/td>\r\n<\/tr>\r\n<tr class=\"product--properties-item\">\r\n<td class=\"product--properties-label\">Nelikantav\u00e4\u00e4nti\u00f6:<\/td>\r\n<td><span class=\"product--properties-value\">1\/2\"<\/span><\/td>\r\n<\/tr>\r\n<tr class=\"product--properties-item\">\r\n<td class=\"product--properties-label\">Kiinnitys (mitta) tuumina:<\/td>\r\n<td><span class=\"product--properties-value\">1\/2<\/span><\/td>\r\n<\/tr>\r\n<tr class=\"product--properties-item\">\r\n<td class=\"product--properties-label\">Paino g:<\/td>\r\n<td><span class=\"product--properties-value\">2150<\/span><\/td>\r\n<\/tr>\r\n<tr class=\"product--properties-item\">\r\n<td class=\"product--properties-label\">Pakkauksen sis\u00e4lt\u00f6:<\/td>\r\n<td><span class=\"product--properties-value\">1<\/span><\/td>\r\n<\/tr>\r\n<tr class=\"product--properties-item\">\r\n<td class=\"product--properties-label\">Kokonaispituus L (mm):<\/td>\r\n<td><span class=\"product--properties-value\">200.0<\/span><\/td>\r\n<\/tr>\r\n<tr class=\"product--properties-item\">\r\n<td class=\"product--properties-label\">Standardi:<\/td>\r\n<td><span class=\"product--properties-value\">DIN EN ISO 28927-2<\/span><\/td>\r\n<\/tr>\r\n<tr class=\"product--properties-item\">\r\n<td class=\"product--properties-label\">Ruuvin enimm\u00e4iskokko:<\/td>\r\n<td><span class=\"product--properties-value\">M 16<\/span><\/td>\r\n<\/tr>\r\n<tr class=\"product--properties-item\">\r\n<td class=\"product--properties-label\">Kahva:<\/td>\r\n<td><span class=\"product--properties-value\">Liukumaton pehmytkahva<\/span><\/td>\r\n<\/tr>\r\n<tr class=\"product--properties-item\">\r\n<td class=\"product--properties-label\">\u00c4\u00e4nen tehotaso (dbA):<\/td>\r\n<td><span class=\"product--properties-value\">98<\/span><\/td>\r\n<\/tr>\r\n<\/tbody>\r\n<\/table>\r\n<\/div>","_et_gb_content_width":""},"pwb-brand":[1454],"product_brand":[],"product_cat":[878],"product_tag":[1476,1474,1475],"class_list":{"0":"post-15179","1":"product","2":"type-product","3":"status-publish","4":"has-post-thumbnail","6":"pwb-brand-kstools","7":"product_cat-mutterinvaannin","8":"product_tag-paras-mutterinvaannin","9":"product_tag-tehokas-mutterinvaannin","10":"product_tag-voimakas-mutterinvaannin","12":"first","13":"instock","14":"taxable","15":"shipping-taxable","16":"purchasable","17":"product-type-simple"},"brands":[{"id":1454,"name":"Kstools","slug":"kstools"}],"_links":{"self":[{"href":"https:\/\/silikotek.sapartners.site\/index.php\/wp-json\/wp\/v2\/product\/15179","targetHints":{"allow":["GET"]}}],"collection":[{"href":"https:\/\/silikotek.sapartners.site\/index.php\/wp-json\/wp\/v2\/product"}],"about":[{"href":"https:\/\/silikotek.sapartners.site\/index.php\/wp-json\/wp\/v2\/types\/product"}],"wp:featuredmedia":[{"embeddable":true,"href":"https:\/\/silikotek.sapartners.site\/index.php\/wp-json\/wp\/v2\/media\/17619"}],"wp:attachment":[{"href":"https:\/\/silikotek.sapartners.site\/index.php\/wp-json\/wp\/v2\/media?parent=15179"}],"wp:term":[{"taxonomy":"pwb-brand","embeddable":true,"href":"https:\/\/silikotek.sapartners.site\/index.php\/wp-json\/wp\/v2\/pwb-brand?post=15179"},{"taxonomy":"product_brand","embeddable":true,"href":"https:\/\/silikotek.sapartners.site\/index.php\/wp-json\/wp\/v2\/product_brand?post=15179"},{"taxonomy":"product_cat","embeddable":true,"href":"https:\/\/silikotek.sapartners.site\/index.php\/wp-json\/wp\/v2\/product_cat?post=15179"},{"taxonomy":"product_tag","embeddable":true,"href":"https:\/\/silikotek.sapartners.site\/index.php\/wp-json\/wp\/v2\/product_tag?post=15179"}],"curies":[{"name":"wp","href":"https:\/\/api.w.org\/{rel}","templated":true}]}}