{"id":15104,"date":"2017-02-28T11:06:58","date_gmt":"2017-02-28T11:06:58","guid":{"rendered":"http:\/\/192.168.100.222\/target_carts\/wordpress\/wordpress495\/wordpress\/?product=vannesaha-femi-780-xl"},"modified":"2017-02-28T11:11:02","modified_gmt":"2017-02-28T11:11:02","slug":"vannesaha-femi-780-xl","status":"publish","type":"product","link":"https:\/\/silikotek.sapartners.site\/index.php\/tuote\/vannesaha-femi-780-xl\/","title":{"rendered":"Vannesaha Femi 780 XL"},"content":{"rendered":"<p>Tekniset tiedot:<br \/>&#8211; moottori 230V\/50Hz, 850W<br \/>&#8211; 2 nopeutta 60\/80 m\/min<br \/>&#8211; kapasiteetti: 90\u00b0 102x102mm<br \/>&#8211; kapasiteetti 45\u00b0 68x68mm<br \/>&#8211; cobolt bimetalliter\u00e4<br \/>&#8211; ter\u00e4 1330x13x0,65 mm<br \/>&#8211; paino 17 kg<br \/>-lis\u00e4varusteena p\u00f6yt\u00e4taso pystyvannesahaksi, p\u00f6yt\u00e4koko 310x330mm.<br \/>-lis\u00e4varusteena taittuva jalusta (Femi 300) tai kiinte\u00e4 jalusta (Femi 320).<\/p>\n","protected":false},"excerpt":{"rendered":"<p>Vannesaha Femi 780 XL metallille. Edullinen laadukas vennesaha perussahaamiseen.<\/p>\n","protected":false},"featured_media":15103,"template":"","meta":{"_et_pb_use_builder":"","_et_pb_old_content":"","_et_gb_content_width":""},"pwb-brand":[],"product_brand":[],"product_cat":[379],"product_tag":[],"class_list":{"0":"post-15104","1":"product","2":"type-product","3":"status-publish","4":"has-post-thumbnail","6":"product_cat-vannesahat","8":"first","9":"instock","10":"taxable","11":"shipping-taxable","12":"purchasable","13":"product-type-simple"},"brands":[],"_links":{"self":[{"href":"https:\/\/silikotek.sapartners.site\/index.php\/wp-json\/wp\/v2\/product\/15104","targetHints":{"allow":["GET"]}}],"collection":[{"href":"https:\/\/silikotek.sapartners.site\/index.php\/wp-json\/wp\/v2\/product"}],"about":[{"href":"https:\/\/silikotek.sapartners.site\/index.php\/wp-json\/wp\/v2\/types\/product"}],"wp:featuredmedia":[{"embeddable":true,"href":"https:\/\/silikotek.sapartners.site\/index.php\/wp-json\/wp\/v2\/media\/15103"}],"wp:attachment":[{"href":"https:\/\/silikotek.sapartners.site\/index.php\/wp-json\/wp\/v2\/media?parent=15104"}],"wp:term":[{"taxonomy":"pwb-brand","embeddable":true,"href":"https:\/\/silikotek.sapartners.site\/index.php\/wp-json\/wp\/v2\/pwb-brand?post=15104"},{"taxonomy":"product_brand","embeddable":true,"href":"https:\/\/silikotek.sapartners.site\/index.php\/wp-json\/wp\/v2\/product_brand?post=15104"},{"taxonomy":"product_cat","embeddable":true,"href":"https:\/\/silikotek.sapartners.site\/index.php\/wp-json\/wp\/v2\/product_cat?post=15104"},{"taxonomy":"product_tag","embeddable":true,"href":"https:\/\/silikotek.sapartners.site\/index.php\/wp-json\/wp\/v2\/product_tag?post=15104"}],"curies":[{"name":"wp","href":"https:\/\/api.w.org\/{rel}","templated":true}]}}