{"id":15094,"date":"2017-02-15T10:21:36","date_gmt":"2017-02-15T10:21:36","guid":{"rendered":"http:\/\/192.168.100.222\/target_carts\/wordpress\/wordpress495\/wordpress\/?product=kulmaporakone-ruuvinvaannin-m18-crad-0x"},"modified":"2017-02-15T10:29:13","modified_gmt":"2017-02-15T10:29:13","slug":"kulmaporakone-ruuvinvaannin-m18-crad-0x","status":"publish","type":"product","link":"https:\/\/silikotek.sapartners.site\/index.php\/tuote\/kulmaporakone-ruuvinvaannin-m18-crad-0x\/","title":{"rendered":"Kulmaporakone\/ruuvinv\u00e4\u00e4nnin M18 CRAD-0X"},"content":{"rendered":"<p>M18 FUEL kulmaporakone\/ruuvinv\u00e4\u00e4nnin hiiliharjattomalla POWERSTATE\u2122 moottorilla tarjoaa johdollisen koneen voimaa ja nopeutta (0-1200 rpm) (puuhun)puuhun poratessa.\u00a0 REDLINK PLUS\u2122 elektroniikka tarjoaa edistyksellisint\u00e4 digitaalista ylikuormitussuojaa sek\u00e4 ty\u00f6kalulle ett\u00e4 akulle ja parantaa merkitt\u00e4v\u00e4sti ty\u00f6kalun suorituskyky\u00e4 kuormiituksessa. Metallinen vaihteisto ja 13 mm avaimellinen istukka. Eritt\u00e4in pitk\u00e4 k\u00e4yntiaika, jopa 150 kpl 22 m reik\u00e4\u00e4 puuporanter\u00e4ll\u00e4 50 x 100 mm puuhun. Virtamittari ja LED valo. Paino akun kanssa 4,1 kg. Toimitetaan HDlaatikossa ilman akkua ja laturia.<\/p>\n","protected":false},"excerpt":{"rendered":"<p>Milwaukee akkukulmaporakone\/ruuvinv\u00e4\u00e4nnin M18 CRAD-0X.<\/p>\n","protected":false},"featured_media":15092,"template":"","meta":{"_et_pb_use_builder":"","_et_pb_old_content":"","_et_gb_content_width":""},"pwb-brand":[],"product_brand":[],"product_cat":[731,733],"product_tag":[],"class_list":{"0":"post-15094","1":"product","2":"type-product","3":"status-publish","4":"has-post-thumbnail","6":"product_cat-akkuporakoneet","7":"product_cat-akkuporakoneet-18-v","9":"first","10":"instock","11":"taxable","12":"shipping-taxable","13":"purchasable","14":"product-type-simple"},"brands":[],"_links":{"self":[{"href":"https:\/\/silikotek.sapartners.site\/index.php\/wp-json\/wp\/v2\/product\/15094","targetHints":{"allow":["GET"]}}],"collection":[{"href":"https:\/\/silikotek.sapartners.site\/index.php\/wp-json\/wp\/v2\/product"}],"about":[{"href":"https:\/\/silikotek.sapartners.site\/index.php\/wp-json\/wp\/v2\/types\/product"}],"wp:featuredmedia":[{"embeddable":true,"href":"https:\/\/silikotek.sapartners.site\/index.php\/wp-json\/wp\/v2\/media\/15092"}],"wp:attachment":[{"href":"https:\/\/silikotek.sapartners.site\/index.php\/wp-json\/wp\/v2\/media?parent=15094"}],"wp:term":[{"taxonomy":"pwb-brand","embeddable":true,"href":"https:\/\/silikotek.sapartners.site\/index.php\/wp-json\/wp\/v2\/pwb-brand?post=15094"},{"taxonomy":"product_brand","embeddable":true,"href":"https:\/\/silikotek.sapartners.site\/index.php\/wp-json\/wp\/v2\/product_brand?post=15094"},{"taxonomy":"product_cat","embeddable":true,"href":"https:\/\/silikotek.sapartners.site\/index.php\/wp-json\/wp\/v2\/product_cat?post=15094"},{"taxonomy":"product_tag","embeddable":true,"href":"https:\/\/silikotek.sapartners.site\/index.php\/wp-json\/wp\/v2\/product_tag?post=15094"}],"curies":[{"name":"wp","href":"https:\/\/api.w.org\/{rel}","templated":true}]}}