{"id":15091,"date":"2017-02-15T09:02:37","date_gmt":"2017-02-15T09:02:37","guid":{"rendered":"http:\/\/192.168.100.222\/target_carts\/wordpress\/wordpress495\/wordpress\/?product=m18-bjs-0-pistosaha"},"modified":"2017-02-15T09:06:39","modified_gmt":"2017-02-15T09:06:39","slug":"m18-bjs-0-pistosaha","status":"publish","type":"product","link":"https:\/\/silikotek.sapartners.site\/index.php\/tuote\/m18-bjs-0-pistosaha\/","title":{"rendered":"M18 BJS-0 pistosaha."},"content":{"rendered":"<p>M18 pistosaha. 2800 spm nopeaan leikkaamiseen. REDLINK\u2122 ylikuormitussuoja. FIXTEC-ter\u00e4npidin nopeaan ja helppoon ter\u00e4nvaihtoon ilman ty\u00f6kaluja. Pohjalevy asetus 45\u00b0 ilman avaimia. 5-portainen heiluriliike. LED-valo. P\u00f6lypuhallin pit\u00e4\u00e4 leikkauslinjan siistin\u00e4. Iskunpituus 25 mm. Max. sahauskapasiteetti puuhun 135\/10 mm. Paino akun kanssa 2,5 kg. Mukana pehmustettu kenk\u00e4, imuliit\u00e4nt\u00e4 ja p\u00f6lysuojus. Toimitetaan ilman akua ja laturia<\/p>\n","protected":false},"excerpt":{"rendered":"<p>Milwaukee M18 BJS-0 akkupistosaha.<\/p>\n","protected":false},"featured_media":15090,"template":"","meta":{"_et_pb_use_builder":"","_et_pb_old_content":"","_et_gb_content_width":""},"pwb-brand":[],"product_brand":[],"product_cat":[873],"product_tag":[],"class_list":{"0":"post-15091","1":"product","2":"type-product","3":"status-publish","4":"has-post-thumbnail","6":"product_cat-akkupistosahat","8":"first","9":"instock","10":"taxable","11":"shipping-taxable","12":"purchasable","13":"product-type-simple"},"brands":[],"_links":{"self":[{"href":"https:\/\/silikotek.sapartners.site\/index.php\/wp-json\/wp\/v2\/product\/15091","targetHints":{"allow":["GET"]}}],"collection":[{"href":"https:\/\/silikotek.sapartners.site\/index.php\/wp-json\/wp\/v2\/product"}],"about":[{"href":"https:\/\/silikotek.sapartners.site\/index.php\/wp-json\/wp\/v2\/types\/product"}],"wp:featuredmedia":[{"embeddable":true,"href":"https:\/\/silikotek.sapartners.site\/index.php\/wp-json\/wp\/v2\/media\/15090"}],"wp:attachment":[{"href":"https:\/\/silikotek.sapartners.site\/index.php\/wp-json\/wp\/v2\/media?parent=15091"}],"wp:term":[{"taxonomy":"pwb-brand","embeddable":true,"href":"https:\/\/silikotek.sapartners.site\/index.php\/wp-json\/wp\/v2\/pwb-brand?post=15091"},{"taxonomy":"product_brand","embeddable":true,"href":"https:\/\/silikotek.sapartners.site\/index.php\/wp-json\/wp\/v2\/product_brand?post=15091"},{"taxonomy":"product_cat","embeddable":true,"href":"https:\/\/silikotek.sapartners.site\/index.php\/wp-json\/wp\/v2\/product_cat?post=15091"},{"taxonomy":"product_tag","embeddable":true,"href":"https:\/\/silikotek.sapartners.site\/index.php\/wp-json\/wp\/v2\/product_tag?post=15091"}],"curies":[{"name":"wp","href":"https:\/\/api.w.org\/{rel}","templated":true}]}}