{"id":14978,"date":"2016-12-28T09:29:32","date_gmt":"2016-12-28T07:29:32","guid":{"rendered":"http:\/\/192.168.100.222\/target_carts\/wordpress\/wordpress495\/wordpress\/?product=voimahylsy-pitka-3-4-nk-facom"},"modified":"2018-07-04T11:27:49","modified_gmt":"2018-07-04T08:27:49","slug":"voimahylsy-pitka-3-4-nk-facom","status":"publish","type":"product","link":"https:\/\/silikotek.sapartners.site\/index.php\/tuote\/voimahylsy-pitka-3-4-nk-facom\/","title":{"rendered":"Voimahylsy pitk\u00e4 3\/4&#8243; NK. Facom"},"content":{"rendered":"","protected":false},"excerpt":{"rendered":"<p>Facom pitk\u00e4 voimahylsy 3\/4&#8243; NK vaativaan ammattik\u00e4ytt\u00f6\u00f6n. Koot NK.17LA. NK19LA, NK21LA ja NK.24LA, NK.33LA, NK34LA, NK35LA, NK.46LA heti varastosta. Muut koot n. viikon toimitusaika.<\/p>\n","protected":false},"featured_media":14977,"template":"","meta":{"_et_pb_use_builder":"","_et_pb_old_content":"","_et_gb_content_width":""},"pwb-brand":[1455],"product_brand":[],"product_cat":[827],"product_tag":[],"class_list":{"0":"post-14978","1":"product","2":"type-product","3":"status-publish","4":"has-post-thumbnail","6":"pwb-brand-facom","7":"product_cat-voimahylsyt-ja-sarjat","8":"pa_avainkoot-17-mm","9":"pa_avainkoot-19-mm","10":"pa_avainkoot-21-mm","11":"pa_avainkoot-24-mm","12":"pa_avainkoot-33-mm","13":"pa_avainkoot-34-mm","14":"pa_avainkoot-35-mm","15":"pa_avainkoot-46-mm","17":"first","18":"instock","19":"taxable","20":"shipping-taxable","21":"purchasable","22":"product-type-variable"},"brands":[{"id":1455,"name":"Facom","slug":"facom"}],"_links":{"self":[{"href":"https:\/\/silikotek.sapartners.site\/index.php\/wp-json\/wp\/v2\/product\/14978","targetHints":{"allow":["GET"]}}],"collection":[{"href":"https:\/\/silikotek.sapartners.site\/index.php\/wp-json\/wp\/v2\/product"}],"about":[{"href":"https:\/\/silikotek.sapartners.site\/index.php\/wp-json\/wp\/v2\/types\/product"}],"wp:featuredmedia":[{"embeddable":true,"href":"https:\/\/silikotek.sapartners.site\/index.php\/wp-json\/wp\/v2\/media\/14977"}],"wp:attachment":[{"href":"https:\/\/silikotek.sapartners.site\/index.php\/wp-json\/wp\/v2\/media?parent=14978"}],"wp:term":[{"taxonomy":"pwb-brand","embeddable":true,"href":"https:\/\/silikotek.sapartners.site\/index.php\/wp-json\/wp\/v2\/pwb-brand?post=14978"},{"taxonomy":"product_brand","embeddable":true,"href":"https:\/\/silikotek.sapartners.site\/index.php\/wp-json\/wp\/v2\/product_brand?post=14978"},{"taxonomy":"product_cat","embeddable":true,"href":"https:\/\/silikotek.sapartners.site\/index.php\/wp-json\/wp\/v2\/product_cat?post=14978"},{"taxonomy":"product_tag","embeddable":true,"href":"https:\/\/silikotek.sapartners.site\/index.php\/wp-json\/wp\/v2\/product_tag?post=14978"}],"curies":[{"name":"wp","href":"https:\/\/api.w.org\/{rel}","templated":true}]}}