{"id":14949,"date":"2016-12-27T15:56:43","date_gmt":"2016-12-27T13:56:43","guid":{"rendered":"http:\/\/192.168.100.222\/target_carts\/wordpress\/wordpress495\/wordpress\/?product=voimahylsy-3-4-facom-nk"},"modified":"2018-07-04T11:28:28","modified_gmt":"2018-07-04T08:28:28","slug":"voimahylsy-3-4-facom-nk","status":"publish","type":"product","link":"https:\/\/silikotek.sapartners.site\/index.php\/tuote\/voimahylsy-3-4-facom-nk\/","title":{"rendered":"Voimahylsy 3\/4&#8243; Facom NK."},"content":{"rendered":"","protected":false},"excerpt":{"rendered":"<p>Turvalliset Facomin 3\/4&#8243; 6-kulmaiset voimahylsyt ammattik\u00e4ytt\u00f6\u00f6n. Koot NK.17A-NK32A heti varastosta. Koot: NK.33A-NK46A n. viikon toimitusaika.<\/p>\n","protected":false},"featured_media":14948,"template":"","meta":{"_et_pb_use_builder":"","_et_pb_old_content":"","_et_gb_content_width":""},"pwb-brand":[1455],"product_brand":[],"product_cat":[827],"product_tag":[],"class_list":{"0":"post-14949","1":"product","2":"type-product","3":"status-publish","4":"has-post-thumbnail","6":"pwb-brand-facom","7":"product_cat-voimahylsyt-ja-sarjat","8":"pa_avainkoot-17-mm","9":"pa_avainkoot-18-mm","10":"pa_avainkoot-19-mm","11":"pa_avainkoot-21-mm","12":"pa_avainkoot-22-mm","13":"pa_avainkoot-23-mm","14":"pa_avainkoot-24-mm","15":"pa_avainkoot-26-mm","16":"pa_avainkoot-27-mm","17":"pa_avainkoot-28-mm","18":"pa_avainkoot-29-mm","19":"pa_avainkoot-30-mm","20":"pa_avainkoot-32-mm","21":"pa_avainkoot-33-mm","22":"pa_avainkoot-34-mm","23":"pa_avainkoot-35-mm","24":"pa_avainkoot-36-mm","25":"pa_avainkoot-38-mm","26":"pa_avainkoot-41-mm","27":"pa_avainkoot-42-mm","28":"pa_avainkoot-46-mm","30":"first","31":"instock","32":"taxable","33":"shipping-taxable","34":"purchasable","35":"product-type-variable"},"brands":[{"id":1455,"name":"Facom","slug":"facom"}],"_links":{"self":[{"href":"https:\/\/silikotek.sapartners.site\/index.php\/wp-json\/wp\/v2\/product\/14949","targetHints":{"allow":["GET"]}}],"collection":[{"href":"https:\/\/silikotek.sapartners.site\/index.php\/wp-json\/wp\/v2\/product"}],"about":[{"href":"https:\/\/silikotek.sapartners.site\/index.php\/wp-json\/wp\/v2\/types\/product"}],"wp:featuredmedia":[{"embeddable":true,"href":"https:\/\/silikotek.sapartners.site\/index.php\/wp-json\/wp\/v2\/media\/14948"}],"wp:attachment":[{"href":"https:\/\/silikotek.sapartners.site\/index.php\/wp-json\/wp\/v2\/media?parent=14949"}],"wp:term":[{"taxonomy":"pwb-brand","embeddable":true,"href":"https:\/\/silikotek.sapartners.site\/index.php\/wp-json\/wp\/v2\/pwb-brand?post=14949"},{"taxonomy":"product_brand","embeddable":true,"href":"https:\/\/silikotek.sapartners.site\/index.php\/wp-json\/wp\/v2\/product_brand?post=14949"},{"taxonomy":"product_cat","embeddable":true,"href":"https:\/\/silikotek.sapartners.site\/index.php\/wp-json\/wp\/v2\/product_cat?post=14949"},{"taxonomy":"product_tag","embeddable":true,"href":"https:\/\/silikotek.sapartners.site\/index.php\/wp-json\/wp\/v2\/product_tag?post=14949"}],"curies":[{"name":"wp","href":"https:\/\/api.w.org\/{rel}","templated":true}]}}