{"id":14834,"date":"2016-11-02T10:11:03","date_gmt":"2016-11-02T10:11:03","guid":{"rendered":"http:\/\/192.168.100.222\/target_carts\/wordpress\/wordpress495\/wordpress\/?product=kengansuoja-best4food"},"modified":"2016-11-02T13:22:18","modified_gmt":"2016-11-02T13:22:18","slug":"kengansuoja-best4food","status":"publish","type":"product","link":"https:\/\/silikotek.sapartners.site\/index.php\/tuote\/kengansuoja-best4food\/","title":{"rendered":"Keng\u00e4nsuoja Best4Food"},"content":{"rendered":"<p>Muoviset keng\u00e4nsuojat elintarvike- ja muuhun teollisuuteen, sairaaloihin ja terveyskeskuksiin, kiinteist\u00f6v\u00e4litt\u00e4jille sek\u00e4 muuhun, miss\u00e4 vaaditaan korkeaa hygieniaa tai lattian suojausta.<\/p>\n","protected":false},"excerpt":{"rendered":"<p>Sininen muovinen keng\u00e4nsuoja joustavalla kuminauhalla.<br \/>Vahvuus 40m\u00b5<br \/>Yksi koko, pituus 40 cm<br \/>100 kpl \/ pakkaus<\/p>\n","protected":false},"featured_media":14833,"template":"","meta":{"_et_pb_use_builder":"","_et_pb_old_content":"","_et_gb_content_width":""},"pwb-brand":[],"product_brand":[],"product_cat":[455],"product_tag":[],"class_list":{"0":"post-14834","1":"product","2":"type-product","3":"status-publish","4":"has-post-thumbnail","6":"product_cat-elintarviketeollisuus-suojaimet","8":"first","9":"instock","10":"taxable","11":"shipping-taxable","12":"purchasable","13":"product-type-simple"},"brands":[],"_links":{"self":[{"href":"https:\/\/silikotek.sapartners.site\/index.php\/wp-json\/wp\/v2\/product\/14834","targetHints":{"allow":["GET"]}}],"collection":[{"href":"https:\/\/silikotek.sapartners.site\/index.php\/wp-json\/wp\/v2\/product"}],"about":[{"href":"https:\/\/silikotek.sapartners.site\/index.php\/wp-json\/wp\/v2\/types\/product"}],"wp:featuredmedia":[{"embeddable":true,"href":"https:\/\/silikotek.sapartners.site\/index.php\/wp-json\/wp\/v2\/media\/14833"}],"wp:attachment":[{"href":"https:\/\/silikotek.sapartners.site\/index.php\/wp-json\/wp\/v2\/media?parent=14834"}],"wp:term":[{"taxonomy":"pwb-brand","embeddable":true,"href":"https:\/\/silikotek.sapartners.site\/index.php\/wp-json\/wp\/v2\/pwb-brand?post=14834"},{"taxonomy":"product_brand","embeddable":true,"href":"https:\/\/silikotek.sapartners.site\/index.php\/wp-json\/wp\/v2\/product_brand?post=14834"},{"taxonomy":"product_cat","embeddable":true,"href":"https:\/\/silikotek.sapartners.site\/index.php\/wp-json\/wp\/v2\/product_cat?post=14834"},{"taxonomy":"product_tag","embeddable":true,"href":"https:\/\/silikotek.sapartners.site\/index.php\/wp-json\/wp\/v2\/product_tag?post=14834"}],"curies":[{"name":"wp","href":"https:\/\/api.w.org\/{rel}","templated":true}]}}