{"id":14823,"date":"2016-10-06T16:07:14","date_gmt":"2016-10-06T16:07:14","guid":{"rendered":"http:\/\/192.168.100.222\/target_carts\/wordpress\/wordpress495\/wordpress\/?product=mutterinvaannin-678-nm-bgs-3245-1"},"modified":"2022-03-23T13:12:47","modified_gmt":"2022-03-23T11:12:47","slug":"mutterinvaannin-678-nm-bgs-3245-1","status":"publish","type":"product","link":"https:\/\/silikotek.sapartners.site\/index.php\/tuote\/mutterinvaannin-678-nm-bgs-3245-1\/","title":{"rendered":"Mutterinv\u00e4\u00e4nnin 678 Nm BGS-3245-1"},"content":{"rendered":"<p>Hylsyille: 1\/2&#8243;<br \/>\n&#8211; max. v\u00e4\u00e4nt\u00f6: 678 Nm<br \/>\n&#8211; max. kierrosluku: 10000 rpm<br \/>\n&#8211; ilmanpaine: 6.2 Bar (90 psi)<br \/>\n&#8211; ilmankulutus: 0.12 m\u00b3\/min<br \/>\n&#8211; pikaliitin: 1\/4&#8243;<br \/>\n&#8211; melu: 86 dB(A)<br \/>\n&#8211; t\u00e4rin\u00e4: 2.8 m\/sec\u00b2<br \/>\n&#8211; paino: 1.3 Kg<br \/>\n&#8211; kaksoisvasara<\/p>\n","protected":false},"excerpt":{"rendered":"<p>Erikoislyhyt 85 mm mutterinv\u00e4\u00e4nnin paineilma 678 Nm BGS-3245-1. T\u00e4ll\u00e4 p\u00e4\u00e4see ahtaisiinkin paikkoihin.<\/p>\n","protected":false},"featured_media":14822,"template":"","meta":{"_et_pb_use_builder":"","_et_pb_old_content":"","_et_gb_content_width":""},"pwb-brand":[1451],"product_brand":[],"product_cat":[878],"product_tag":[],"class_list":{"0":"post-14823","1":"product","2":"type-product","3":"status-publish","4":"has-post-thumbnail","6":"pwb-brand-bgs","7":"product_cat-mutterinvaannin","9":"first","10":"instock","11":"taxable","12":"shipping-taxable","13":"purchasable","14":"product-type-simple"},"brands":[{"id":1451,"name":"BGS","slug":"bgs"}],"_links":{"self":[{"href":"https:\/\/silikotek.sapartners.site\/index.php\/wp-json\/wp\/v2\/product\/14823","targetHints":{"allow":["GET"]}}],"collection":[{"href":"https:\/\/silikotek.sapartners.site\/index.php\/wp-json\/wp\/v2\/product"}],"about":[{"href":"https:\/\/silikotek.sapartners.site\/index.php\/wp-json\/wp\/v2\/types\/product"}],"wp:featuredmedia":[{"embeddable":true,"href":"https:\/\/silikotek.sapartners.site\/index.php\/wp-json\/wp\/v2\/media\/14822"}],"wp:attachment":[{"href":"https:\/\/silikotek.sapartners.site\/index.php\/wp-json\/wp\/v2\/media?parent=14823"}],"wp:term":[{"taxonomy":"pwb-brand","embeddable":true,"href":"https:\/\/silikotek.sapartners.site\/index.php\/wp-json\/wp\/v2\/pwb-brand?post=14823"},{"taxonomy":"product_brand","embeddable":true,"href":"https:\/\/silikotek.sapartners.site\/index.php\/wp-json\/wp\/v2\/product_brand?post=14823"},{"taxonomy":"product_cat","embeddable":true,"href":"https:\/\/silikotek.sapartners.site\/index.php\/wp-json\/wp\/v2\/product_cat?post=14823"},{"taxonomy":"product_tag","embeddable":true,"href":"https:\/\/silikotek.sapartners.site\/index.php\/wp-json\/wp\/v2\/product_tag?post=14823"}],"curies":[{"name":"wp","href":"https:\/\/api.w.org\/{rel}","templated":true}]}}