{"id":14802,"date":"2016-09-28T08:23:35","date_gmt":"2016-09-28T08:23:35","guid":{"rendered":"http:\/\/192.168.100.222\/target_carts\/wordpress\/wordpress495\/wordpress\/?product=hylsysarja-ja-kiintolenkit-911-0670"},"modified":"2023-01-04T23:26:39","modified_gmt":"2023-01-04T21:26:39","slug":"hylsysarja-ja-kiintolenkit-911-0670","status":"publish","type":"product","link":"https:\/\/silikotek.sapartners.site\/index.php\/tuote\/hylsysarja-ja-kiintolenkit-911-0670\/","title":{"rendered":"Kstools 911.0670 Hylsysarja 1\/4&#8243;+1\/2&#8243;  ja kiintolenkit, 70-os"},"content":{"rendered":"<p>Ty\u00f6kalusarja sis\u00e4lt\u00e4\u00e4 seuraavat ty\u00f6kalut<br \/>\n517.0608 CLASSIC Kiintolenkki, 8mm<br \/>\n517.0610 CLASSIC Kiintolenkki, 10mm<br \/>\n517.0612 CLASSIC Kiintolenkki, 12mm<br \/>\n517.0613 CLASSIC Kiintolenkki, 13mm<br \/>\n517.0614 CLASSIC Kiintolenkki, 14mm<br \/>\n517.0617 CLASSIC Kiintolenkki, 17mm<br \/>\n517.0619 CLASSIC Kiintolenkki, 19mm<br \/>\n911.1202 Jatko, 1\/2&#8243;,125mm<br \/>\n911.1203 Jatko, 1\/2&#8243;,250mm<br \/>\n911.1207 3\/8&#8243; Liukuva t-v\u00e4\u00e4nnin, 3\/8&#8243;Fx1\/2&#8243;M<br \/>\n911.1215 1\/2&#8243; Hylsy, 15mm<br \/>\n911.1216 1\/2&#8243; Hylsy, 16mm<br \/>\n911.1217 1\/2&#8243; Hylsy, 17mm<br \/>\n911.1218 1\/2&#8243; Hylsy, 18mm<br \/>\n911.1219 1\/2&#8243; Hylsy, 19mm<br \/>\n911.1220 1\/2&#8243; Hylsy, 20mm<br \/>\n911.1221 1\/2&#8243; Hylsy, 21mm<br \/>\n911.1222 1\/2&#8243; Hylsy, 22mm<br \/>\n911.1224 1\/2&#8243; Hylsy, 24mm<br \/>\n911.1227 1\/2&#8243; Pitk\u00e4 hylsy 38 mm, 27 mm<br \/>\n911.1230 1\/2&#8243;\u00a0Pitk\u00e4 hylsy 38 mm, 30 mm<br \/>\n911.1232 1\/2&#8243;\u00a0Pitk\u00e4 hylsy 38 mm, 32 mm<br \/>\n911.1247 1\/2&#8243;\u00a0Pitk\u00e4 hylsy 17mm<br \/>\n911.1249 1\/2&#8243;\u00a0Pitk\u00e4 hylsy 19mm<br \/>\n911.1250 1\/2&#8243; Nivel<br \/>\n911.1401 1\/4&#8243; Bits hylsy, PZ1<br \/>\n911.1402 1\/4&#8243; Bits hylsy, PZ2<br \/>\n911.1404 1\/4&#8243; Hylsy, 4mm<br \/>\n911.1405 1\/4&#8243; Hylsy, 5mm<br \/>\n911.1406 1\/4&#8243; Hylsy, 6mm<br \/>\n911.1407 1\/4&#8243; Hylsy, 7mm<br \/>\n911.1408 1\/4&#8243; Hylsy, 8mm<br \/>\n911.1409 1\/4&#8243; Hylsy, 9mm<br \/>\n911.1410 1\/4&#8243; Hylsy, 10mm<br \/>\n911.1411 1\/4&#8243; Hylsy, 11mm<br \/>\n911.1412 1\/4&#8243; Hylsy, 12mm<br \/>\n911.1413 1\/4&#8243; Hylsy, 13mm<br \/>\n911.1414 1\/4&#8243; Hylsy, 14mm<br \/>\n911.1415 1\/4&#8243; Bits hylsy, PH1<br \/>\n911.1416 1\/4&#8243; Bits hylsy, PH2<br \/>\n911.1418 1\/4&#8243; Bits hylsy meisseli, 4mm<br \/>\n911.1419 1\/4&#8243; Bits hylsy meisseli, 5,5mm<br \/>\n911.1420 1\/4&#8243; Bits hylsy meisseli, 7mm<br \/>\n911.1423 1\/4&#8243; Jatko, 50mm<br \/>\n911.1424 1\/4&#8243; Jatko, 100mm<br \/>\n911.1425 Liukuva T-v\u00e4\u00e4nnin, 1\/4&#8243;, 110mm<br \/>\n911.1428 1\/4&#8243; hylsy, pitk\u00e4, 8mm<br \/>\n911.1430 1\/4&#8243; Pitk\u00e4 hylsy, 10mm<br \/>\n911.1433 1\/4&#8243; Pitk\u00e4 hylsy, long, 13mm<br \/>\n911.1434 1\/4&#8243; Ruuvimeisselimallinen v\u00e4\u00e4nti\u00f6, 150mm<br \/>\n911.1436 1\/4&#8243; Bits kuusikolohylsy, 3mm<br \/>\n911.1437 1\/4&#8243; Bits kuusikolohylsy, 4mm<br \/>\n911.1438 1\/4&#8243; Bits kuusikolohylsy, 5mm<br \/>\n911.1439 1\/4&#8243; Bits kuusikolohylsy, 6mm<br \/>\n911.1440 1\/4&#8243; Bits kuusikolohylsy, 7mm<br \/>\n911.1441 1\/4&#8243; Bits kuusikolohylsy, 8mm<br \/>\n911.1442 1\/4&#8243; Bits hylsy Torx TX, T10<br \/>\n911.1443 1\/4&#8243; Bits hylsy Torx TX, T15<br \/>\n911.1444 1\/4&#8243; Bits hylsy Torx, T20<br \/>\n911.1445 1\/4&#8243; Bits hylsy Torx, T25<br \/>\n911.1446 1\/4&#8243; Bits hylsy Torx, T30<br \/>\n911.1447 1\/4&#8243; Bits hylsy Torx, T40<br \/>\n911.1450 1\/4&#8243; Nivel<br \/>\n914.1290 R\u00e4ikk\u00e4, 1\/2&#8243;, 72 hammasta<br \/>\n914.1490 R\u00e4ikk\u00e4, 1\/4&#8243;, 72 hammasta<br \/>\n911.14045 1\/4&#8243; hylsy, 4,5mm<br \/>\n911.14055 1\/4&#8243; hylsy, 5,5mm<\/p>\n","protected":false},"excerpt":{"rendered":"<p>Monipuolinen 70-os Kstools 911.0670 ty\u00f6kalusarja, sis\u00e4lt\u00e4\u00e4 hylsysarjat 1\/4&#8243; ja 1\/2&#8243; ja kiintolenkit 8-19 mm 911.0670.<br \/>\nHienossa alumiinisalkussa. Kaikki sarjan ty\u00f6kalut saatavana my\u00f6s yksitt\u00e4in jos vaikka hukkaat jonkin ty\u00f6kalun sarjasta.<\/p>\n","protected":false},"featured_media":21259,"template":"","meta":{"_et_pb_use_builder":"","_et_pb_old_content":"","_et_gb_content_width":""},"pwb-brand":[1454],"product_brand":[],"product_cat":[1619,1618],"product_tag":[1620,1621],"class_list":{"0":"post-14802","1":"product","2":"type-product","3":"status-publish","4":"has-post-thumbnail","6":"pwb-brand-kstools","7":"product_cat-1-43-81-2-hylsysarjat","8":"product_cat-tyokalusarjat","9":"product_tag-hylsysarjat","10":"product_tag-tyokalusarjat","12":"first","13":"instock","14":"taxable","15":"shipping-taxable","16":"purchasable","17":"product-type-simple"},"brands":[{"id":1454,"name":"Kstools","slug":"kstools"}],"_links":{"self":[{"href":"https:\/\/silikotek.sapartners.site\/index.php\/wp-json\/wp\/v2\/product\/14802","targetHints":{"allow":["GET"]}}],"collection":[{"href":"https:\/\/silikotek.sapartners.site\/index.php\/wp-json\/wp\/v2\/product"}],"about":[{"href":"https:\/\/silikotek.sapartners.site\/index.php\/wp-json\/wp\/v2\/types\/product"}],"wp:featuredmedia":[{"embeddable":true,"href":"https:\/\/silikotek.sapartners.site\/index.php\/wp-json\/wp\/v2\/media\/21259"}],"wp:attachment":[{"href":"https:\/\/silikotek.sapartners.site\/index.php\/wp-json\/wp\/v2\/media?parent=14802"}],"wp:term":[{"taxonomy":"pwb-brand","embeddable":true,"href":"https:\/\/silikotek.sapartners.site\/index.php\/wp-json\/wp\/v2\/pwb-brand?post=14802"},{"taxonomy":"product_brand","embeddable":true,"href":"https:\/\/silikotek.sapartners.site\/index.php\/wp-json\/wp\/v2\/product_brand?post=14802"},{"taxonomy":"product_cat","embeddable":true,"href":"https:\/\/silikotek.sapartners.site\/index.php\/wp-json\/wp\/v2\/product_cat?post=14802"},{"taxonomy":"product_tag","embeddable":true,"href":"https:\/\/silikotek.sapartners.site\/index.php\/wp-json\/wp\/v2\/product_tag?post=14802"}],"curies":[{"name":"wp","href":"https:\/\/api.w.org\/{rel}","templated":true}]}}