{"id":14768,"date":"2016-08-29T12:59:56","date_gmt":"2016-08-29T12:59:56","guid":{"rendered":"http:\/\/192.168.100.222\/target_carts\/wordpress\/wordpress495\/wordpress\/?product=kiillotuskone-m18-fap180-0"},"modified":"2017-11-15T08:59:09","modified_gmt":"2017-11-15T08:59:09","slug":"kiillotuskone-m18-fap180-0","status":"publish","type":"product","link":"https:\/\/silikotek.sapartners.site\/index.php\/tuote\/kiillotuskone-m18-fap180-0\/","title":{"rendered":"KIILLOTUSKONE M18 FAP180-0"},"content":{"rendered":"<p>Maailman ensimm\u00e4inen rotaatio akku kiillotuskone \u2013 Hiiliharjaton POWERSTATE\u2122 moottori \u2013 REDLINK PLUS\u2122 elektroniikka \u2013 Maks. kiillotuskapasiteetti 180 mm \u2013 Johdoton, helppo liikkua auton ymp\u00e4ri \u2022 Nopeuden s\u00e4\u00e4t\u00f6 \u2013 Nopeuden s\u00e4\u00e4t\u00f6 800 \u2013 2500 rpm \u2022 Suuri kuminen etuosa \u2013 Est\u00e4\u00e4 naarmujen syntymist\u00e4 maaliin \u2022 Lock-On -toiminto \u2013 Lock-On -toiminto pitk\u00e4kestoiseen ty\u00f6h\u00f6n \u2013 LLO -toiminto est\u00e4\u00e4 automaattiset aloitukset \u2013 Nopeuden s\u00e4\u00e4t\u00f6 \u2022 P\u00f6lysuoja \u2013 Poistettava ja vaihdettava p\u00f6lysuoja takaa pitk\u00e4n k\u00e4ytt\u00f6i\u00e4n \u2022 Kahva<br \/>M18 FUEL\u2122 kiillotuskone, hiiliharjaton POWERSTATE\u2122 moottori. REDLINK PLUS\u2122 elektroniikka tarjoaa kehittyneen digitaalisen ylikuormitussuojan ty\u00f6kalulle ja akulle, ja parantaa ty\u00f6kalun suorituskyky\u00e4 kuormitettuna. 8 eri nopeuden valintaa vaihtelevat 360-2200 rpm v\u00e4lill\u00e4. Ylivertainen k\u00e4ytt\u00f6aika kiillottaa yhden auton akkua kohden. Vakionopeus, pehme\u00e4 k\u00e4ynnistys. Suurin kiillotuslis\u00e4varuste \u00d8 180 mm. Lukituskytkin. Line-lock-out toiminto maksimaalisen turvallisuuden takaamiseksi. Paino akun kanssa 2,2 kg. Mukana kiillotus hiomalaikka, valkoinen kiillotussieni, p\u00f6lysuoja, kahva ja AVS-sivukahva (ilman akkua ja laturia).Toimitetaan ilman akkua ja laturia.<\/p>\n<p><\/p>\n","protected":false},"excerpt":{"rendered":"<p>Maailman ensimm\u00e4inen rotaatio akku kiillotuskone\u00a0M18 FAP180-0 \u2013 Hiiliharjaton moottori \u2013 Maks. laikka 180 mm \u2013 Johdoton, helppo liikkua auton ymp\u00e4ri \u2022 Nopeuden s\u00e4\u00e4t\u00f6 \u2013 800 \u2013 2500 rpm \u2022 Suuri kuminen etuosa \u2013 Est\u00e4\u00e4 naarmujen syntymist\u00e4 maaliin \u2022 Lock-On -toiminto pitk\u00e4kestoiseen ty\u00f6h\u00f6n \u2013 LLO -toiminto est\u00e4\u00e4 automaattiset aloitukset. Sopii hyvin vaativalle ammattilaiselle.<\/p>\n","protected":false},"featured_media":14767,"template":"","meta":{"_et_pb_use_builder":"","_et_pb_old_content":"","_et_gb_content_width":""},"pwb-brand":[],"product_brand":[],"product_cat":[946],"product_tag":[],"class_list":{"0":"post-14768","1":"product","2":"type-product","3":"status-publish","4":"has-post-thumbnail","6":"product_cat-akkutoimiset-kiillotuskoneet","8":"first","9":"instock","10":"taxable","11":"shipping-taxable","12":"purchasable","13":"product-type-simple"},"brands":[],"_links":{"self":[{"href":"https:\/\/silikotek.sapartners.site\/index.php\/wp-json\/wp\/v2\/product\/14768","targetHints":{"allow":["GET"]}}],"collection":[{"href":"https:\/\/silikotek.sapartners.site\/index.php\/wp-json\/wp\/v2\/product"}],"about":[{"href":"https:\/\/silikotek.sapartners.site\/index.php\/wp-json\/wp\/v2\/types\/product"}],"wp:featuredmedia":[{"embeddable":true,"href":"https:\/\/silikotek.sapartners.site\/index.php\/wp-json\/wp\/v2\/media\/14767"}],"wp:attachment":[{"href":"https:\/\/silikotek.sapartners.site\/index.php\/wp-json\/wp\/v2\/media?parent=14768"}],"wp:term":[{"taxonomy":"pwb-brand","embeddable":true,"href":"https:\/\/silikotek.sapartners.site\/index.php\/wp-json\/wp\/v2\/pwb-brand?post=14768"},{"taxonomy":"product_brand","embeddable":true,"href":"https:\/\/silikotek.sapartners.site\/index.php\/wp-json\/wp\/v2\/product_brand?post=14768"},{"taxonomy":"product_cat","embeddable":true,"href":"https:\/\/silikotek.sapartners.site\/index.php\/wp-json\/wp\/v2\/product_cat?post=14768"},{"taxonomy":"product_tag","embeddable":true,"href":"https:\/\/silikotek.sapartners.site\/index.php\/wp-json\/wp\/v2\/product_tag?post=14768"}],"curies":[{"name":"wp","href":"https:\/\/api.w.org\/{rel}","templated":true}]}}