{"id":14750,"date":"2016-06-28T15:33:56","date_gmt":"2016-06-28T15:33:56","guid":{"rendered":"http:\/\/192.168.100.222\/target_carts\/wordpress\/wordpress495\/wordpress\/?product=betonihiomakone-flex-ld15-10-125-r-125mm-1460-w"},"modified":"2018-06-06T11:54:57","modified_gmt":"2018-06-06T08:54:57","slug":"betonihiomakone-flex-ld15-10-125-r-125mm-1460-w","status":"publish","type":"product","link":"https:\/\/silikotek.sapartners.site\/index.php\/tuote\/betonihiomakone-flex-ld15-10-125-r-125mm-1460-w\/","title":{"rendered":"Flex LD15-10 125 R Betonihiomakone 125mm \/ 1460 w"},"content":{"rendered":"","protected":false},"excerpt":{"rendered":"<p>Betonihiomakone Flex LD15-10 125 R 125mm \/ 1460 w. Seinien ja kattojen betonihiomakone 125 mm laikalla. Sivuun siirett\u00e4v\u00e4ll\u00e4 reunasegmentill\u00e4, p\u00e4\u00e4set hiomaan ihan reunaan asti.<\/p>\n","protected":false},"featured_media":14749,"template":"","meta":{"_et_pb_use_builder":"","_et_pb_old_content":"","_et_gb_content_width":""},"pwb-brand":[1458],"product_brand":[],"product_cat":[444],"product_tag":[],"class_list":{"0":"post-14750","1":"product","2":"type-product","3":"status-publish","4":"has-post-thumbnail","6":"pwb-brand-flex","7":"product_cat-flex","9":"first","10":"instock","11":"taxable","12":"shipping-taxable","13":"purchasable","14":"product-type-simple"},"brands":[{"id":1458,"name":"Flex","slug":"flex"}],"_links":{"self":[{"href":"https:\/\/silikotek.sapartners.site\/index.php\/wp-json\/wp\/v2\/product\/14750","targetHints":{"allow":["GET"]}}],"collection":[{"href":"https:\/\/silikotek.sapartners.site\/index.php\/wp-json\/wp\/v2\/product"}],"about":[{"href":"https:\/\/silikotek.sapartners.site\/index.php\/wp-json\/wp\/v2\/types\/product"}],"wp:featuredmedia":[{"embeddable":true,"href":"https:\/\/silikotek.sapartners.site\/index.php\/wp-json\/wp\/v2\/media\/14749"}],"wp:attachment":[{"href":"https:\/\/silikotek.sapartners.site\/index.php\/wp-json\/wp\/v2\/media?parent=14750"}],"wp:term":[{"taxonomy":"pwb-brand","embeddable":true,"href":"https:\/\/silikotek.sapartners.site\/index.php\/wp-json\/wp\/v2\/pwb-brand?post=14750"},{"taxonomy":"product_brand","embeddable":true,"href":"https:\/\/silikotek.sapartners.site\/index.php\/wp-json\/wp\/v2\/product_brand?post=14750"},{"taxonomy":"product_cat","embeddable":true,"href":"https:\/\/silikotek.sapartners.site\/index.php\/wp-json\/wp\/v2\/product_cat?post=14750"},{"taxonomy":"product_tag","embeddable":true,"href":"https:\/\/silikotek.sapartners.site\/index.php\/wp-json\/wp\/v2\/product_tag?post=14750"}],"curies":[{"name":"wp","href":"https:\/\/api.w.org\/{rel}","templated":true}]}}