{"id":14720,"date":"2016-04-22T12:15:21","date_gmt":"2016-04-22T12:15:21","guid":{"rendered":"http:\/\/192.168.100.222\/target_carts\/wordpress\/wordpress495\/wordpress\/?product=oljynvalutusastia-70-l-bgs-8544"},"modified":"2018-06-06T12:02:09","modified_gmt":"2018-06-06T09:02:09","slug":"oljynvalutusastia-70-l-bgs-8544","status":"publish","type":"product","link":"https:\/\/silikotek.sapartners.site\/index.php\/tuote\/oljynvalutusastia-70-l-bgs-8544\/","title":{"rendered":"BGS 8544 \u00d6ljynvalutusastia 70 L"},"content":{"rendered":"<p>\u00d6ljynvalutusastia ,<br \/>\nmoottorit , vaihteistot , taka-akselit , jne<br \/>\n&#8211; Paineilmalla liit\u00e4nt\u00e4 , helpottaa s\u00e4ili\u00f6n tyhjennyst\u00e4<br \/>\n&#8211; Valutus\u00e4ili\u00f6n tilavuus : 8 litraa ( \u00d8 48 cm )<br \/>\n&#8211; 4 py\u00f6r\u00e4\u00e4, 2 k\u00e4\u00e4ntyv\u00e4\u00e4 py\u00f6r\u00e4\u00e4<br \/>\nhelppoon siirt\u00e4miseen ( \u00d8 150\/75 mm )<br \/>\n&#8211; Sis\u00e4lt\u00e4\u00e4 tyhjennys letkun , pituus 165 cm<br \/>\n&#8211; S\u00e4\u00e4dett\u00e4v\u00e4 korkeus<br \/>\n&#8211; Min . korkeus : 112 cm<br \/>\n&#8211; Max . korkeus : 162 cm<br \/>\n&#8211; Kontti : \u00d8 41 cm \/ korkeus 82 cm<\/p>\n","protected":false},"excerpt":{"rendered":"<p>\u00d6ljynvalutusastia 70 L BGS-8544. T\u00e4ll\u00e4 valutat \u00f6ljyt moottoreista,vaihdelaatikoista,<\/p>\n","protected":false},"featured_media":14719,"template":"","meta":{"_et_pb_use_builder":"","_et_pb_old_content":"","_et_gb_content_width":""},"pwb-brand":[1451],"product_brand":[],"product_cat":[750],"product_tag":[],"class_list":{"0":"post-14720","1":"product","2":"type-product","3":"status-publish","4":"has-post-thumbnail","6":"pwb-brand-bgs","7":"product_cat-oljyn-ja-nesteiden-huolto-tyokalut","9":"first","10":"instock","11":"taxable","12":"shipping-taxable","13":"purchasable","14":"product-type-simple"},"brands":[{"id":1451,"name":"BGS","slug":"bgs"}],"_links":{"self":[{"href":"https:\/\/silikotek.sapartners.site\/index.php\/wp-json\/wp\/v2\/product\/14720","targetHints":{"allow":["GET"]}}],"collection":[{"href":"https:\/\/silikotek.sapartners.site\/index.php\/wp-json\/wp\/v2\/product"}],"about":[{"href":"https:\/\/silikotek.sapartners.site\/index.php\/wp-json\/wp\/v2\/types\/product"}],"wp:featuredmedia":[{"embeddable":true,"href":"https:\/\/silikotek.sapartners.site\/index.php\/wp-json\/wp\/v2\/media\/14719"}],"wp:attachment":[{"href":"https:\/\/silikotek.sapartners.site\/index.php\/wp-json\/wp\/v2\/media?parent=14720"}],"wp:term":[{"taxonomy":"pwb-brand","embeddable":true,"href":"https:\/\/silikotek.sapartners.site\/index.php\/wp-json\/wp\/v2\/pwb-brand?post=14720"},{"taxonomy":"product_brand","embeddable":true,"href":"https:\/\/silikotek.sapartners.site\/index.php\/wp-json\/wp\/v2\/product_brand?post=14720"},{"taxonomy":"product_cat","embeddable":true,"href":"https:\/\/silikotek.sapartners.site\/index.php\/wp-json\/wp\/v2\/product_cat?post=14720"},{"taxonomy":"product_tag","embeddable":true,"href":"https:\/\/silikotek.sapartners.site\/index.php\/wp-json\/wp\/v2\/product_tag?post=14720"}],"curies":[{"name":"wp","href":"https:\/\/api.w.org\/{rel}","templated":true}]}}