{"id":14591,"date":"2016-03-29T08:33:10","date_gmt":"2016-03-29T08:33:10","guid":{"rendered":"http:\/\/192.168.100.222\/target_carts\/wordpress\/wordpress495\/wordpress\/?product=akku-m28-b5-50ah-li-ion-milwaukee"},"modified":"2021-09-29T13:22:20","modified_gmt":"2021-09-29T10:22:20","slug":"akku-m28-b5-50ah-li-ion-milwaukee","status":"publish","type":"product","link":"https:\/\/silikotek.sapartners.site\/index.php\/tuote\/akku-m28-b5-50ah-li-ion-milwaukee\/","title":{"rendered":"Milwaukee M28 B5 5,0AH Li-ION Akku"},"content":{"rendered":"<p>M28 &#8211; 5,0Ah REDLITHIUM-ION&#x2122; akku tarjoaa maksimaalista suorituskyky\u00e4. Enemm\u00e4n k\u00e4ytt\u00f6aikaa, enemm\u00e4n voimaa ja pidempi k\u00e4ytt\u00f6ik\u00e4! REDLINK&#x2122; digitaalinen ylikuormitussuoja. Yksitt\u00e4inen kennojen valvonta &#8211; takaa optimaalisen latautumisen ja purkautumisen. Akussa kest\u00e4v\u00e4 metallinen rungonrakenne iskunkest\u00e4vill\u00e4 erottajilla, suojaa akkua pudotuksilta sek\u00e4 t\u00e4rin\u00e4lt\u00e4. edenpit\u00e4v\u00e4, ohjaa kosteutta poisp\u00e4in elektronikasta akun ulkopuolelle. Kest\u00e4\u00e4 \u00e4\u00e4rinm\u00e4isi\u00e4 l\u00e4mp\u00f6tilavaihteluja, jopa -20\u00b0C pakkasia. Kiinte\u00e4 virtamittari. Yhteensopiva kaikkien M28 ty\u00f6kalujen kanssa<\/p>\n","protected":false},"excerpt":{"rendered":"<p>Aito alkuper\u00e4inen Milwaukee akku M28 &#8211; 5,0Ah REDLITHIUM-ION&#x2122;\u00a0 2 vuoden takuulla. Maksimaalista suorituskyky\u00e4.<\/p>\n","protected":false},"featured_media":14590,"template":"","meta":{"_et_pb_use_builder":"","_et_pb_old_content":"","_et_gb_content_width":""},"pwb-brand":[1452],"product_brand":[],"product_cat":[744],"product_tag":[],"class_list":{"0":"post-14591","1":"product","2":"type-product","3":"status-publish","4":"has-post-thumbnail","6":"pwb-brand-milwaukee","7":"product_cat-akut-ja-laturit","9":"first","10":"instock","11":"taxable","12":"shipping-taxable","13":"purchasable","14":"product-type-simple"},"brands":[{"id":1452,"name":"Milwaukee","slug":"milwaukee"}],"_links":{"self":[{"href":"https:\/\/silikotek.sapartners.site\/index.php\/wp-json\/wp\/v2\/product\/14591","targetHints":{"allow":["GET"]}}],"collection":[{"href":"https:\/\/silikotek.sapartners.site\/index.php\/wp-json\/wp\/v2\/product"}],"about":[{"href":"https:\/\/silikotek.sapartners.site\/index.php\/wp-json\/wp\/v2\/types\/product"}],"wp:featuredmedia":[{"embeddable":true,"href":"https:\/\/silikotek.sapartners.site\/index.php\/wp-json\/wp\/v2\/media\/14590"}],"wp:attachment":[{"href":"https:\/\/silikotek.sapartners.site\/index.php\/wp-json\/wp\/v2\/media?parent=14591"}],"wp:term":[{"taxonomy":"pwb-brand","embeddable":true,"href":"https:\/\/silikotek.sapartners.site\/index.php\/wp-json\/wp\/v2\/pwb-brand?post=14591"},{"taxonomy":"product_brand","embeddable":true,"href":"https:\/\/silikotek.sapartners.site\/index.php\/wp-json\/wp\/v2\/product_brand?post=14591"},{"taxonomy":"product_cat","embeddable":true,"href":"https:\/\/silikotek.sapartners.site\/index.php\/wp-json\/wp\/v2\/product_cat?post=14591"},{"taxonomy":"product_tag","embeddable":true,"href":"https:\/\/silikotek.sapartners.site\/index.php\/wp-json\/wp\/v2\/product_tag?post=14591"}],"curies":[{"name":"wp","href":"https:\/\/api.w.org\/{rel}","templated":true}]}}