{"id":14577,"date":"2016-03-23T12:42:47","date_gmt":"2016-03-23T12:42:47","guid":{"rendered":"http:\/\/192.168.100.222\/target_carts\/wordpress\/wordpress495\/wordpress\/?product=laakerin-asennussarja-kraftmann-67300"},"modified":"2022-02-28T00:01:41","modified_gmt":"2022-02-27T22:01:41","slug":"laakerin-asennussarja-kraftmann-67300","status":"publish","type":"product","link":"https:\/\/silikotek.sapartners.site\/index.php\/tuote\/laakerin-asennussarja-kraftmann-67300\/","title":{"rendered":"Kraftmann Laakerin asennussarja 67310"},"content":{"rendered":"","protected":false},"excerpt":{"rendered":"<p>Valmistettu taotusta ja karkaistusta hiiliter\u00e4ksest\u00e4<br \/>\n&#8211; Voit vet\u00e4\u00e4 ja ty\u00f6nt\u00e4\u00e4 py\u00f6r\u00e4n laakerit ilman jousijalan irroittamista. S\u00e4\u00e4st\u00e4\u00e4 aikaa.<br \/>\n&#8211; Sis. 9 kpl paineholkkeja adaptereita ulkohalkaisija :<br \/>\n55,5-59 &#8211; 62-65 &#8211; 66-71,5 &#8211; 73-78 &#8211; 84 mm<br \/>\n&#8211; Veto holkit lieri\u00f6m\u00e4iset :<br \/>\n75,5-82,9 mm sis\u00e4halkaisija<br \/>\n&#8211; Veto holkit ( putkimainen ) :<br \/>\n69 mm sis\u00e4halkaisija<br \/>\n&#8211; Py\u00f6r\u00e4n navan vetoruuvit,\u00a0 3kpl kutakin . M12 ja M14<br \/>\n&#8211; Kuulalaakerin irroituskara 22 x 280 mm , 32 mm 6 &#8211; kulmainen mutteri<\/p>\n","protected":false},"featured_media":23392,"template":"","meta":{"_et_pb_use_builder":"","_et_pb_old_content":"","_et_gb_content_width":""},"pwb-brand":[1456],"product_brand":[],"product_cat":[478],"product_tag":[],"class_list":{"0":"post-14577","1":"product","2":"type-product","3":"status-publish","4":"has-post-thumbnail","6":"pwb-brand-kraftmann","7":"product_cat-ulosvetajat","9":"first","10":"instock","11":"taxable","12":"shipping-taxable","13":"purchasable","14":"product-type-simple"},"brands":[{"id":1456,"name":"Kraftmann","slug":"kraftmann"}],"_links":{"self":[{"href":"https:\/\/silikotek.sapartners.site\/index.php\/wp-json\/wp\/v2\/product\/14577","targetHints":{"allow":["GET"]}}],"collection":[{"href":"https:\/\/silikotek.sapartners.site\/index.php\/wp-json\/wp\/v2\/product"}],"about":[{"href":"https:\/\/silikotek.sapartners.site\/index.php\/wp-json\/wp\/v2\/types\/product"}],"wp:featuredmedia":[{"embeddable":true,"href":"https:\/\/silikotek.sapartners.site\/index.php\/wp-json\/wp\/v2\/media\/23392"}],"wp:attachment":[{"href":"https:\/\/silikotek.sapartners.site\/index.php\/wp-json\/wp\/v2\/media?parent=14577"}],"wp:term":[{"taxonomy":"pwb-brand","embeddable":true,"href":"https:\/\/silikotek.sapartners.site\/index.php\/wp-json\/wp\/v2\/pwb-brand?post=14577"},{"taxonomy":"product_brand","embeddable":true,"href":"https:\/\/silikotek.sapartners.site\/index.php\/wp-json\/wp\/v2\/product_brand?post=14577"},{"taxonomy":"product_cat","embeddable":true,"href":"https:\/\/silikotek.sapartners.site\/index.php\/wp-json\/wp\/v2\/product_cat?post=14577"},{"taxonomy":"product_tag","embeddable":true,"href":"https:\/\/silikotek.sapartners.site\/index.php\/wp-json\/wp\/v2\/product_tag?post=14577"}],"curies":[{"name":"wp","href":"https:\/\/api.w.org\/{rel}","templated":true}]}}