{"id":14551,"date":"2016-03-22T09:53:30","date_gmt":"2016-03-22T09:53:30","guid":{"rendered":"http:\/\/192.168.100.222\/target_carts\/wordpress\/wordpress495\/wordpress\/?product=ulosvedinsarja-3-os-kraftmann-7730"},"modified":"2022-02-28T00:01:40","modified_gmt":"2022-02-27T22:01:40","slug":"ulosvedinsarja-3-os-kraftmann-7730","status":"publish","type":"product","link":"https:\/\/silikotek.sapartners.site\/index.php\/tuote\/ulosvedinsarja-3-os-kraftmann-7730\/","title":{"rendered":"Kraftmann 3-osainen Ulosvedinsarja 7730"},"content":{"rendered":"","protected":false},"excerpt":{"rendered":"<p>Ulosvedinsarja 3-os Kraftmann-7730<br \/>\n&#8211; kromattu<br \/>\n&#8211; <span id=\"result_box\"><span title=\"\">sis\u00e4lt\u00e4\u00e4 seuraavat ulosvetimet:<\/span><\/span><br \/>\n&#8211; 3-jalkainen, 150 mm, vaihtop\u00e4\u00e4ll\u00e4<br \/>\n&#8211; 3-jalkainen, 100 mm, vaihtop\u00e4\u00e4ll\u00e4<br \/>\n&#8211; 2-jalkainen, 75 mm, vaihtop\u00e4\u00e4ll\u00e4<\/p>\n","protected":false},"featured_media":20284,"template":"","meta":{"_et_pb_use_builder":"","_et_pb_old_content":"","_et_gb_content_width":""},"pwb-brand":[1456],"product_brand":[],"product_cat":[478],"product_tag":[],"class_list":{"0":"post-14551","1":"product","2":"type-product","3":"status-publish","4":"has-post-thumbnail","6":"pwb-brand-kraftmann","7":"product_cat-ulosvetajat","9":"first","10":"instock","11":"taxable","12":"shipping-taxable","13":"purchasable","14":"product-type-simple"},"brands":[{"id":1456,"name":"Kraftmann","slug":"kraftmann"}],"_links":{"self":[{"href":"https:\/\/silikotek.sapartners.site\/index.php\/wp-json\/wp\/v2\/product\/14551","targetHints":{"allow":["GET"]}}],"collection":[{"href":"https:\/\/silikotek.sapartners.site\/index.php\/wp-json\/wp\/v2\/product"}],"about":[{"href":"https:\/\/silikotek.sapartners.site\/index.php\/wp-json\/wp\/v2\/types\/product"}],"wp:featuredmedia":[{"embeddable":true,"href":"https:\/\/silikotek.sapartners.site\/index.php\/wp-json\/wp\/v2\/media\/20284"}],"wp:attachment":[{"href":"https:\/\/silikotek.sapartners.site\/index.php\/wp-json\/wp\/v2\/media?parent=14551"}],"wp:term":[{"taxonomy":"pwb-brand","embeddable":true,"href":"https:\/\/silikotek.sapartners.site\/index.php\/wp-json\/wp\/v2\/pwb-brand?post=14551"},{"taxonomy":"product_brand","embeddable":true,"href":"https:\/\/silikotek.sapartners.site\/index.php\/wp-json\/wp\/v2\/product_brand?post=14551"},{"taxonomy":"product_cat","embeddable":true,"href":"https:\/\/silikotek.sapartners.site\/index.php\/wp-json\/wp\/v2\/product_cat?post=14551"},{"taxonomy":"product_tag","embeddable":true,"href":"https:\/\/silikotek.sapartners.site\/index.php\/wp-json\/wp\/v2\/product_tag?post=14551"}],"curies":[{"name":"wp","href":"https:\/\/api.w.org\/{rel}","templated":true}]}}