{"id":14545,"date":"2016-03-22T08:29:42","date_gmt":"2016-03-22T08:29:42","guid":{"rendered":"http:\/\/192.168.100.222\/target_carts\/wordpress\/wordpress495\/wordpress\/?product=ruuvimeisselisarja-12-os-kraftmann-7890"},"modified":"2022-02-28T00:01:40","modified_gmt":"2022-02-27T22:01:40","slug":"ruuvimeisselisarja-12-os-kraftmann-7890","status":"publish","type":"product","link":"https:\/\/silikotek.sapartners.site\/index.php\/tuote\/ruuvimeisselisarja-12-os-kraftmann-7890\/","title":{"rendered":"Kraftmann 12-osainen Ruuvimeisselisarja 7890"},"content":{"rendered":"<p>&#8211; koot: (pituus ilman kahvaa.)<br \/>\n&#8211; Ruuvitaltat:<br \/>\n8 x 200 mm &#8211; 4 x 200 mm &#8211; 7 x 150 mm<br \/>\n6 x 100 mm &#8211; 5 x 75 mm &#8211; 3,2 x 75 mm<br \/>\n6 x 38 mm<br \/>\n&#8211; Ristip\u00e4\u00e4 ruuvitaltat:<br \/>\nPH3 x 150 mm &#8211; PH3 x 150 mm<br \/>\nPH1 x 75 mm &#8211; PH0 x 75 mm<br \/>\nPH2 x 38 mm<\/p>\n","protected":false},"excerpt":{"rendered":"<p>Eritt\u00e4in j\u00e4m\u00e4kk\u00e4 ruuvimeisselisarja 12-os Kraftmann-7890. Sopii kovaan v\u00e4\u00e4nt\u00f6\u00f6n.<br \/>\n&#8211; p\u00e4\u00e4st\u00e4 p\u00e4\u00e4h\u00e4n kuuskulmainen varsi. Varren p\u00e4\u00e4ss\u00e4 tila hylsylle tai kiintoavaimelle. Kest\u00e4\u00e4 my\u00f6s vaikka vasaralla ly\u00f6nti\u00e4<br \/>\n&#8211; ergonominen kahvan muotoilu<\/p>\n","protected":false},"featured_media":20973,"template":"","meta":{"_et_pb_use_builder":"","_et_pb_old_content":"","_et_gb_content_width":""},"pwb-brand":[1456],"product_brand":[],"product_cat":[768],"product_tag":[],"class_list":{"0":"post-14545","1":"product","2":"type-product","3":"status-publish","4":"has-post-thumbnail","6":"pwb-brand-kraftmann","7":"product_cat-ruuvimeisselit","9":"first","10":"instock","11":"taxable","12":"shipping-taxable","13":"purchasable","14":"product-type-simple"},"brands":[{"id":1456,"name":"Kraftmann","slug":"kraftmann"}],"_links":{"self":[{"href":"https:\/\/silikotek.sapartners.site\/index.php\/wp-json\/wp\/v2\/product\/14545","targetHints":{"allow":["GET"]}}],"collection":[{"href":"https:\/\/silikotek.sapartners.site\/index.php\/wp-json\/wp\/v2\/product"}],"about":[{"href":"https:\/\/silikotek.sapartners.site\/index.php\/wp-json\/wp\/v2\/types\/product"}],"wp:featuredmedia":[{"embeddable":true,"href":"https:\/\/silikotek.sapartners.site\/index.php\/wp-json\/wp\/v2\/media\/20973"}],"wp:attachment":[{"href":"https:\/\/silikotek.sapartners.site\/index.php\/wp-json\/wp\/v2\/media?parent=14545"}],"wp:term":[{"taxonomy":"pwb-brand","embeddable":true,"href":"https:\/\/silikotek.sapartners.site\/index.php\/wp-json\/wp\/v2\/pwb-brand?post=14545"},{"taxonomy":"product_brand","embeddable":true,"href":"https:\/\/silikotek.sapartners.site\/index.php\/wp-json\/wp\/v2\/product_brand?post=14545"},{"taxonomy":"product_cat","embeddable":true,"href":"https:\/\/silikotek.sapartners.site\/index.php\/wp-json\/wp\/v2\/product_cat?post=14545"},{"taxonomy":"product_tag","embeddable":true,"href":"https:\/\/silikotek.sapartners.site\/index.php\/wp-json\/wp\/v2\/product_tag?post=14545"}],"curies":[{"name":"wp","href":"https:\/\/api.w.org\/{rel}","templated":true}]}}