{"id":14543,"date":"2016-03-21T20:17:24","date_gmt":"2016-03-21T20:17:24","guid":{"rendered":"http:\/\/192.168.100.222\/target_carts\/wordpress\/wordpress495\/wordpress\/?product=kiillotuskone-800-w-pe-8-4-80-flex"},"modified":"2017-04-19T12:07:30","modified_gmt":"2017-04-19T12:07:30","slug":"kiillotuskone-800-w-pe-8-4-80-flex","status":"publish","type":"product","link":"https:\/\/silikotek.sapartners.site\/index.php\/tuote\/kiillotuskone-800-w-pe-8-4-80-flex\/","title":{"rendered":"Kiillotuskone 800 w PE 8-4 80 Flex"},"content":{"rendered":"<p>Sopii erinomaisesti moottoripy\u00f6rien ja kaikkien ajoneuvojen ahtaiden paikkojen kevyeeseen myllytykseen ja kiillotukseen 80 tai 100 mm sienell\u00e4\/villalla. Koneen vaihteisto on suojattu vaimennuskotelolla, joka vaimentaa koneen melutason miellytt\u00e4v\u00e4ksi ja josta saa pit\u00e4v\u00e4n otteen konetta ohjattaessa.<\/p>\n<p>Tukialustan maksimi: \u00d8 96 mm<br \/>Laikan maksimi: \u00d8 100 mm<br \/>Ottoteho: 800 W<br \/>Kierrosalue\/min: 1300-3900<br \/>Paino: 1,8 kg<br \/>Kaapeli: 4 m kumi<\/p>\n","protected":false},"excerpt":{"rendered":"<p>Kiillotuskone 800 w PE 8-4 80 Flex. Pieni n\u00e4pp\u00e4r\u00e4 kiillotuskone ahtaisiin paikkoihin.<\/p>\n","protected":false},"featured_media":14542,"template":"","meta":{"_et_pb_use_builder":"","_et_pb_old_content":"","_et_gb_content_width":""},"pwb-brand":[],"product_brand":[],"product_cat":[357],"product_tag":[],"class_list":{"0":"post-14543","1":"product","2":"type-product","3":"status-publish","4":"has-post-thumbnail","6":"product_cat-kiillotuskoneet","8":"first","9":"instock","10":"taxable","11":"shipping-taxable","12":"purchasable","13":"product-type-simple"},"brands":[],"_links":{"self":[{"href":"https:\/\/silikotek.sapartners.site\/index.php\/wp-json\/wp\/v2\/product\/14543","targetHints":{"allow":["GET"]}}],"collection":[{"href":"https:\/\/silikotek.sapartners.site\/index.php\/wp-json\/wp\/v2\/product"}],"about":[{"href":"https:\/\/silikotek.sapartners.site\/index.php\/wp-json\/wp\/v2\/types\/product"}],"wp:featuredmedia":[{"embeddable":true,"href":"https:\/\/silikotek.sapartners.site\/index.php\/wp-json\/wp\/v2\/media\/14542"}],"wp:attachment":[{"href":"https:\/\/silikotek.sapartners.site\/index.php\/wp-json\/wp\/v2\/media?parent=14543"}],"wp:term":[{"taxonomy":"pwb-brand","embeddable":true,"href":"https:\/\/silikotek.sapartners.site\/index.php\/wp-json\/wp\/v2\/pwb-brand?post=14543"},{"taxonomy":"product_brand","embeddable":true,"href":"https:\/\/silikotek.sapartners.site\/index.php\/wp-json\/wp\/v2\/product_brand?post=14543"},{"taxonomy":"product_cat","embeddable":true,"href":"https:\/\/silikotek.sapartners.site\/index.php\/wp-json\/wp\/v2\/product_cat?post=14543"},{"taxonomy":"product_tag","embeddable":true,"href":"https:\/\/silikotek.sapartners.site\/index.php\/wp-json\/wp\/v2\/product_tag?post=14543"}],"curies":[{"name":"wp","href":"https:\/\/api.w.org\/{rel}","templated":true}]}}