{"id":14533,"date":"2016-03-21T15:18:01","date_gmt":"2016-03-21T15:18:01","guid":{"rendered":"http:\/\/192.168.100.222\/target_carts\/wordpress\/wordpress495\/wordpress\/?product=raikkalenkkisarja-tuumakoon-kraftmann-30005"},"modified":"2022-02-28T00:01:40","modified_gmt":"2022-02-27T22:01:40","slug":"raikkalenkkisarja-tuumakoon-kraftmann-30005","status":"publish","type":"product","link":"https:\/\/silikotek.sapartners.site\/index.php\/tuote\/raikkalenkkisarja-tuumakoon-kraftmann-30005\/","title":{"rendered":"Kraftmann 6-osainen R\u00e4ikk\u00e4lenkkisarja tuumakoot 30005"},"content":{"rendered":"","protected":false},"excerpt":{"rendered":"<p>R\u00e4ikk\u00e4lenkkisarja taittuva tuumakoon 6-os Kraftmann-30005.<br \/>\nTuumakoon r\u00e4ikk\u00e4lenkkisaja sislt\u00e4\u00e4: 1\/4 &#8211; 5\/16 &#8211; 3\/8 &#8211; 7\/16 &#8211; 1\/2 &#8211; 9\/16 inch<br \/>\n&#8211; taittuva, 90\u00b0 molempiin suuntiin<br \/>\n&#8211; r\u00e4ikk\u00e4lenkki tihe\u00e4 hampainen 72 hammasta<br \/>\n&#8211; kromattu<br \/>\nToimitusaika n 1 viikko<\/p>\n","protected":false},"featured_media":20989,"template":"","meta":{"_et_pb_use_builder":"","_et_pb_old_content":"","_et_gb_content_width":""},"pwb-brand":[1456],"product_brand":[],"product_cat":[747],"product_tag":[],"class_list":{"0":"post-14533","1":"product","2":"type-product","3":"status-publish","4":"has-post-thumbnail","6":"pwb-brand-kraftmann","7":"product_cat-raikkalenkit","9":"first","10":"instock","11":"taxable","12":"shipping-taxable","13":"purchasable","14":"product-type-simple"},"brands":[{"id":1456,"name":"Kraftmann","slug":"kraftmann"}],"_links":{"self":[{"href":"https:\/\/silikotek.sapartners.site\/index.php\/wp-json\/wp\/v2\/product\/14533","targetHints":{"allow":["GET"]}}],"collection":[{"href":"https:\/\/silikotek.sapartners.site\/index.php\/wp-json\/wp\/v2\/product"}],"about":[{"href":"https:\/\/silikotek.sapartners.site\/index.php\/wp-json\/wp\/v2\/types\/product"}],"wp:featuredmedia":[{"embeddable":true,"href":"https:\/\/silikotek.sapartners.site\/index.php\/wp-json\/wp\/v2\/media\/20989"}],"wp:attachment":[{"href":"https:\/\/silikotek.sapartners.site\/index.php\/wp-json\/wp\/v2\/media?parent=14533"}],"wp:term":[{"taxonomy":"pwb-brand","embeddable":true,"href":"https:\/\/silikotek.sapartners.site\/index.php\/wp-json\/wp\/v2\/pwb-brand?post=14533"},{"taxonomy":"product_brand","embeddable":true,"href":"https:\/\/silikotek.sapartners.site\/index.php\/wp-json\/wp\/v2\/product_brand?post=14533"},{"taxonomy":"product_cat","embeddable":true,"href":"https:\/\/silikotek.sapartners.site\/index.php\/wp-json\/wp\/v2\/product_cat?post=14533"},{"taxonomy":"product_tag","embeddable":true,"href":"https:\/\/silikotek.sapartners.site\/index.php\/wp-json\/wp\/v2\/product_tag?post=14533"}],"curies":[{"name":"wp","href":"https:\/\/api.w.org\/{rel}","templated":true}]}}